{"id":4127,"date":"2018-02-20T16:50:22","date_gmt":"2018-02-20T21:50:22","guid":{"rendered":"http:\/\/fmanieves.org\/incodema4\/?page_id=4127"},"modified":"2020-08-01T13:31:12","modified_gmt":"2020-08-01T18:31:12","slug":"nuestro-colegio","status":"publish","type":"page","link":"http:\/\/www.incodema.edu.co\/blog\/nuestro-colegio\/","title":{"rendered":"NUESTRO COLEGIO"},"content":{"rendered":"<p>[vc_row][vc_column][vc_row_inner disable_element=&#8221;yes&#8221;][vc_column_inner][vc_custom_heading text=&#8221;MISIONERAS CLARETIANAS&#8221; font_container=&#8221;tag:h2|font_size:30|text_align:center|color:%237878ff&#8221; el_class=&#8221;titulo1&#8243;][vc_column_text]<\/p>\n<p style=\"text-align: justify;\">Centro Educativo en pastoral, convertimos el lenguaje de las distintas \u00e1reas y proyectos en Nueva Evangelizaci\u00f3n para formar personas seguidoras de Jesucristo y constructoras de su reino<\/p>\n<p>[\/vc_column_text][\/vc_column_inner][\/vc_row_inner][vc_row_inner disable_element=&#8221;yes&#8221;][vc_column_inner width=&#8221;1\/4&#8243;][\/vc_column_inner][vc_column_inner width=&#8221;1\/2&#8243;][vc_custom_heading text=&#8221;COLEGIO INMACULADO CORAZON DE MARIA&#8221; font_container=&#8221;tag:h2|font_size:30|text_align:center|color:%237878ff&#8221; google_fonts=&#8221;font_family:Istok%20Web%3Aregular%2Citalic%2C700%2C700italic|font_style:400%20regular%3A400%3Anormal&#8221; el_class=&#8221;titulo1&#8243;][vc_single_image image=&#8221;4128&#8243; img_size=&#8221;full&#8221; alignment=&#8221;center&#8221;][\/vc_column_inner][vc_column_inner width=&#8221;1\/4&#8243;][\/vc_column_inner][\/vc_row_inner][\/vc_column][\/vc_row][vc_row disable_element=&#8221;yes&#8221; css=&#8221;.vc_custom_1596306519640{border-top-width: 10px !important;border-right-width: 10px !important;border-bottom-width: 10px !important;border-left-width: 10px !important;border-left-color: #ffffff !important;border-left-style: solid !important;border-right-color: #ffffff !important;border-right-style: solid !important;border-top-color: #ffffff !important;border-top-style: solid !important;border-bottom-color: #ffffff !important;border-bottom-style: solid !important;}&#8221;][vc_column][vc_custom_heading text=&#8221;QUI\u00c9NES SOMOS&#8221; font_container=&#8221;tag:h2|font_size:30|text_align:center|color:%237878ff&#8221; el_class=&#8221;titulo1&#8243; css=&#8221;.vc_custom_1589848647407{padding-top: 0px !important;padding-bottom: 2% !important;}&#8221;][vc_column_text css=&#8221;.vc_custom_1589848603750{padding-top: 20px !important;padding-right: 10% !important;padding-bottom: 20px !important;padding-left: 10% !important;}&#8221;]<\/p>\n<p style=\"text-align: justify;\">Somos Centros Educativos de las Religiosas de Mar\u00eda Inmaculada Misioneras Claretianas fundadas el 25 de agosto de 1855 en Santiago de Cuba por San Antonio Mar\u00eda Claret y la Venerable Madre Mar\u00eda Antonia Par\u00eds, quienes, impulsados por el Esp\u00edritu Santo, hicieron posible el nacimiento en la Iglesia de la Congregaci\u00f3n para ser<em> \u201cUna Orden nueva, pero no nueva en la doctrina, sino nueva en la pr\u00e1ctica<\/em>\u201d. Mar\u00eda Antonia Par\u00eds en sus primeros escritos esboza los fundamentos de esta Nueva Orden con estas palabras:<\/p>\n<blockquote>\n<p style=\"text-align: justify;\">\u201c<em>El principal fin de las religiosas de esta orden es trabajar con toda diligencia en el Se\u00f1or en guardar la divina Ley y cumplir hasta un \u00e1pice los consejos evang\u00e9licos, y a imitaci\u00f3n de los Santos Ap\u00f3stoles trabajar hasta morir en ense\u00f1ar a toda criatura la Ley Santa del Se\u00f1or<\/em>.\u201d<\/p>\n<p>&nbsp;<\/p><\/blockquote>\n<p style=\"text-align: justify;\">De ah\u00ed que responda a la misi\u00f3n evangelizadora en la Iglesia, como rezan las Constituciones: \u201cNuestra raz\u00f3n de ser en la Iglesia es que Dios, Padre de nuestro Se\u00f1or Jesucristo, sea conocido y amado por todos los hombres.\u201d<\/p>\n<p>[\/vc_column_text][\/vc_column][\/vc_row][vc_row disable_element=&#8221;yes&#8221;][vc_column width=&#8221;1\/2&#8243;][vc_row_inner][vc_column_inner width=&#8221;1\/6&#8243;][\/vc_column_inner][vc_column_inner width=&#8221;5\/6&#8243;][vc_custom_heading text=&#8221;NUESTRA MISI\u00d3N&#8221; font_container=&#8221;tag:h2|font_size:30|text_align:center|color:%237878ff&#8221; el_class=&#8221;titulo1&#8243;][vc_empty_space][vc_column_text]<\/p>\n<p style=\"text-align: justify;\">Ofrecer un servicio educativo de calidad que se fundamenta en los principios y valores del Evangelio, en el estilo de vida de Jes\u00fas y de Mar\u00eda Inmaculada y que hace \u00e9nfasis en los avances cient\u00edfico-tecnol\u00f3gicos, la formaci\u00f3n integral de hombres y mujeres conscientes y cr\u00edticos de la realidad, para que la trasciendan con creatividad y se comprometan en la defensa de la vida, la familia, la dignidad de la persona, la pol\u00edtica como b\u00fasqueda del bien com\u00fan, la opci\u00f3n preferencial por la justicia, la igualdad y la solidaridad.<\/p>\n<p>[\/vc_column_text][\/vc_column_inner][\/vc_row_inner][\/vc_column][vc_column width=&#8221;1\/2&#8243;][vc_row_inner][vc_column_inner width=&#8221;5\/6&#8243;][vc_custom_heading text=&#8221;NUESTRA VISI\u00d3N&#8221; font_container=&#8221;tag:h2|font_size:30|text_align:center|color:%237878ff&#8221; el_class=&#8221;titulo1&#8243;][vc_empty_space][vc_column_text]<\/p>\n<p style=\"text-align: justify;\">Ofrecer un servicio educativo de calidad que se fundamenta en los principios y valores del Evangelio, en el estilo de vida de Jes\u00fas y de Mar\u00eda Inmaculada y que hace \u00e9nfasis en los avances cient\u00edfico-tecnol\u00f3gicos, la formaci\u00f3n integral de hombres y mujeres conscientes y cr\u00edticos de la realidad, para que la trasciendan con creatividad y se comprometan en la defensa de la vida, la familia, la dignidad de la persona, la pol\u00edtica como b\u00fasqueda del bien com\u00fan, la opci\u00f3n preferencial por la justicia, la igualdad y la solidaridad.<\/p>\n<p>[\/vc_column_text][\/vc_column_inner][vc_column_inner width=&#8221;1\/6&#8243;][\/vc_column_inner][\/vc_row_inner][\/vc_column][\/vc_row][vc_row disable_element=&#8221;yes&#8221; css=&#8221;.vc_custom_1596306669567{border-top-width: 10px !important;border-right-width: 10px !important;border-bottom-width: 10px !important;border-left-width: 10px !important;}&#8221;][vc_column][vc_empty_space][vc_custom_heading text=&#8221;NUESTROS PROPOSITOS&#8221; font_container=&#8221;tag:h2|font_size:30|text_align:center|color:%237878ff&#8221; el_class=&#8221;titulo1&#8243;][vc_column_text css=&#8221;.vc_custom_1517704728903{padding-top: 20px !important;padding-right: 20px !important;padding-bottom: 20px !important;padding-left: 20px !important;}&#8221;]<\/p>\n<p>El Proyecto Educativo Claretiano pretende formar personas capaces de:<br \/>\n[\/vc_column_text][\/vc_column][\/vc_row][vc_row disable_element=&#8221;yes&#8221;][vc_column width=&#8221;1\/2&#8243;][vc_row_inner][vc_column_inner width=&#8221;1\/6&#8243;][\/vc_column_inner][vc_column_inner width=&#8221;1\/6&#8243;][vc_single_image image=&#8221;4129&#8243; alignment=&#8221;center&#8221;][\/vc_column_inner][vc_column_inner width=&#8221;4\/6&#8243;][vc_column_text]<\/p>\n<p style=\"text-align: justify;\">Proyectar una vida coherente con los valores humano &#8211; cristianos &#8211; claretianos y desde la vida ser presencia significativa para otros<\/p>\n<p>[\/vc_column_text][\/vc_column_inner][\/vc_row_inner][\/vc_column][vc_column width=&#8221;1\/2&#8243;][vc_row_inner][vc_column_inner width=&#8221;1\/6&#8243;][vc_single_image image=&#8221;4130&#8243; alignment=&#8221;center&#8221;][\/vc_column_inner][vc_column_inner width=&#8221;4\/6&#8243;][vc_column_text]<\/p>\n<p style=\"text-align: justify;\">Impulsar la formaci\u00f3n integral desde una actitud reflexiva, critica y participativa, frente a los avances y hechos cient\u00edficos, tecnol\u00f3gicos. Culturales, pol\u00edticos, sociales, y religiosos que se viven en la instituci\u00f3n, la ciudad el pa\u00eds y el mundo.<\/p>\n<p>[\/vc_column_text][\/vc_column_inner][vc_column_inner width=&#8221;1\/6&#8243;][\/vc_column_inner][\/vc_row_inner][\/vc_column][\/vc_row][vc_row disable_element=&#8221;yes&#8221;][vc_column width=&#8221;1\/2&#8243;][vc_row_inner][vc_column_inner width=&#8221;1\/6&#8243;][\/vc_column_inner][vc_column_inner width=&#8221;1\/6&#8243;][vc_single_image image=&#8221;4129&#8243; alignment=&#8221;center&#8221;][\/vc_column_inner][vc_column_inner width=&#8221;4\/6&#8243;][vc_column_text]<\/p>\n<p style=\"text-align: justify;\">Hacer de la Comunidad Educativa Claretiana una plataforma de anuncio del Evangelio del Reino.<\/p>\n<p>[\/vc_column_text][\/vc_column_inner][\/vc_row_inner][\/vc_column][vc_column width=&#8221;1\/2&#8243;][vc_row_inner][vc_column_inner width=&#8221;1\/6&#8243;][vc_single_image image=&#8221;4130&#8243; alignment=&#8221;center&#8221;][\/vc_column_inner][vc_column_inner width=&#8221;4\/6&#8243;][vc_column_text]<\/p>\n<p style=\"text-align: justify;\">Demostrar en las actitudes cotidianas de la vida de Familia Claretiana y hacer de lo diferente fuente de mutuo crecimiento y comuni\u00f3n.<\/p>\n<p>[\/vc_column_text][\/vc_column_inner][vc_column_inner width=&#8221;1\/6&#8243;][\/vc_column_inner][\/vc_row_inner][\/vc_column][\/vc_row][vc_row disable_element=&#8221;yes&#8221;][vc_column width=&#8221;1\/2&#8243;][vc_row_inner][vc_column_inner width=&#8221;1\/6&#8243;][\/vc_column_inner][vc_column_inner width=&#8221;1\/6&#8243;][vc_single_image image=&#8221;4129&#8243; alignment=&#8221;center&#8221;][\/vc_column_inner][vc_column_inner width=&#8221;4\/6&#8243;][vc_column_text]<\/p>\n<p style=\"text-align: justify;\">Recrear y producir conocimientos orientados a comprender, explicar, investigar, transformar y valorar al ser humano y a su entorno social.<\/p>\n<p>[\/vc_column_text][\/vc_column_inner][\/vc_row_inner][\/vc_column][vc_column width=&#8221;1\/2&#8243;][vc_row_inner][vc_column_inner width=&#8221;1\/6&#8243;][vc_single_image image=&#8221;4130&#8243; alignment=&#8221;center&#8221;][\/vc_column_inner][vc_column_inner width=&#8221;4\/6&#8243;][vc_column_text]<\/p>\n<p style=\"text-align: justify;\">Respetar y defender la naturaleza y los recursos del planeta, mediante la sensibilizaci\u00f3n ecol\u00f3gica y la reducci\u00f3n del consumo.<\/p>\n<p>[\/vc_column_text][\/vc_column_inner][vc_column_inner width=&#8221;1\/6&#8243;][\/vc_column_inner][\/vc_row_inner][\/vc_column][\/vc_row][vc_row][vc_column][vc_single_image image=&#8221;5532&#8243; img_size=&#8221;full&#8221; alignment=&#8221;center&#8221;][\/vc_column][\/vc_row][vc_row][vc_column][vc_empty_space][\/vc_column][\/vc_row]<\/p>\n<div class='campos'>","protected":false},"excerpt":{"rendered":"<p>[vc_row][vc_column][vc_row_inner disable_element=&#8221;yes&#8221;][vc_column_inner][vc_custom_heading text=&#8221;MISIONERAS CLARETIANAS&#8221; font_container=&#8221;tag:h2|font_size:30|text_align:center|color:%237878ff&#8221; el_class=&#8221;titulo1&#8243;][vc_column_text] Centro Educativo en pastoral, convertimos el lenguaje de las distintas \u00e1reas y proyectos en Nueva Evangelizaci\u00f3n para formar personas seguidoras de Jesucristo y constructoras de su reino [\/vc_column_text][\/vc_column_inner][\/vc_row_inner][vc_row_inner disable_element=&#8221;yes&#8221;][vc_column_inner width=&#8221;1\/4&#8243;][\/vc_column_inner][vc_column_inner width=&#8221;1\/2&#8243;][vc_custom_heading text=&#8221;COLEGIO INMACULADO CORAZON DE MARIA&#8221; font_container=&#8221;tag:h2|font_size:30|text_align:center|color:%237878ff&#8221; google_fonts=&#8221;font_family:Istok%20Web%3Aregular%2Citalic%2C700%2C700italic|font_style:400%20regular%3A400%3Anormal&#8221; el_class=&#8221;titulo1&#8243;][vc_single_image image=&#8221;4128&#8243; img_size=&#8221;full&#8221; alignment=&#8221;center&#8221;][\/vc_column_inner][vc_column_inner width=&#8221;1\/4&#8243;][\/vc_column_inner][\/vc_row_inner][\/vc_column][\/vc_row][vc_row disable_element=&#8221;yes&#8221; css=&#8221;.vc_custom_1596306519640{border-top-width: 10px !important;border-right-width: 10px !important;border-bottom-width: [&hellip;]<\/p>\n","protected":false},"author":1,"featured_media":4126,"parent":0,"menu_order":0,"comment_status":"closed","ping_status":"closed","template":"","meta":[],"yoast_head":"<!-- This site is optimized with the Yoast SEO plugin v16.2 - https:\/\/yoast.com\/wordpress\/plugins\/seo\/ -->\n<meta name=\"robots\" content=\"index, follow, max-snippet:-1, max-image-preview:large, max-video-preview:-1\" \/>\n<link rel=\"canonical\" href=\"http:\/\/www.incodema.edu.co\/blog\/nuestro-colegio\/\" \/>\n<meta property=\"og:locale\" content=\"es_ES\" \/>\n<meta property=\"og:type\" content=\"article\" \/>\n<meta property=\"og:title\" content=\"NUESTRO COLEGIO - INCODEMA\" \/>\n<meta property=\"og:description\" content=\"[vc_row][vc_column][vc_row_inner disable_element=&#8221;yes&#8221;][vc_column_inner][vc_custom_heading text=&#8221;MISIONERAS CLARETIANAS&#8221; font_container=&#8221;tag:h2|font_size:30|text_align:center|color:%237878ff&#8221; el_class=&#8221;titulo1&#8243;][vc_column_text] Centro Educativo en pastoral, convertimos el lenguaje de las distintas \u00e1reas y proyectos en Nueva Evangelizaci\u00f3n para formar personas seguidoras de Jesucristo y constructoras de su reino [\/vc_column_text][\/vc_column_inner][\/vc_row_inner][vc_row_inner disable_element=&#8221;yes&#8221;][vc_column_inner width=&#8221;1\/4&#8243;][\/vc_column_inner][vc_column_inner width=&#8221;1\/2&#8243;][vc_custom_heading text=&#8221;COLEGIO INMACULADO CORAZON DE MARIA&#8221; font_container=&#8221;tag:h2|font_size:30|text_align:center|color:%237878ff&#8221; google_fonts=&#8221;font_family:Istok%20Web%3Aregular%2Citalic%2C700%2C700italic|font_style:400%20regular%3A400%3Anormal&#8221; el_class=&#8221;titulo1&#8243;][vc_single_image image=&#8221;4128&#8243; img_size=&#8221;full&#8221; alignment=&#8221;center&#8221;][\/vc_column_inner][vc_column_inner width=&#8221;1\/4&#8243;][\/vc_column_inner][\/vc_row_inner][\/vc_column][\/vc_row][vc_row disable_element=&#8221;yes&#8221; css=&#8221;.vc_custom_1596306519640{border-top-width: 10px !important;border-right-width: 10px !important;border-bottom-width: [&hellip;]\" \/>\n<meta property=\"og:url\" content=\"http:\/\/www.incodema.edu.co\/blog\/nuestro-colegio\/\" \/>\n<meta property=\"og:site_name\" content=\"INCODEMA\" \/>\n<meta property=\"article:publisher\" content=\"https:\/\/www.facebook.com\/Incodema\" \/>\n<meta property=\"article:modified_time\" content=\"2020-08-01T18:31:12+00:00\" \/>\n<meta property=\"og:image\" content=\"http:\/\/www.incodema.edu.co\/blog\/wp-content\/uploads\/2018\/02\/ENCABEZADO-PAGINA-NORMAL5.png\" \/>\n\t<meta property=\"og:image:width\" content=\"2418\" \/>\n\t<meta property=\"og:image:height\" content=\"638\" \/>\n<meta name=\"twitter:card\" content=\"summary_large_image\" \/>\n<meta name=\"twitter:label1\" content=\"Tiempo de lectura\">\n\t<meta name=\"twitter:data1\" content=\"6 minutos\">\n<script type=\"application\/ld+json\" class=\"yoast-schema-graph\">{\"@context\":\"https:\/\/schema.org\",\"@graph\":[{\"@type\":\"Organization\",\"@id\":\"http:\/\/www.incodema.edu.co\/blog\/#organization\",\"name\":\"Colegio Inmaculado Coraz\\u00f3n de Mar\\u00eda\",\"url\":\"http:\/\/www.incodema.edu.co\/blog\/\",\"sameAs\":[\"https:\/\/www.facebook.com\/Incodema\",\"https:\/\/www.youtube.com\/channel\/UCmYQMRqdS3cfuNCHQ_9q-sg\"],\"logo\":{\"@type\":\"ImageObject\",\"@id\":\"http:\/\/www.incodema.edu.co\/blog\/#logo\",\"inLanguage\":\"es\",\"url\":\"http:\/\/www.incodema.edu.co\/blog\/wp-content\/uploads\/2018\/02\/escudo-218x218-1.png\",\"contentUrl\":\"http:\/\/www.incodema.edu.co\/blog\/wp-content\/uploads\/2018\/02\/escudo-218x218-1.png\",\"width\":218,\"height\":218,\"caption\":\"Colegio Inmaculado Coraz\\u00f3n de Mar\\u00eda\"},\"image\":{\"@id\":\"http:\/\/www.incodema.edu.co\/blog\/#logo\"}},{\"@type\":\"WebSite\",\"@id\":\"http:\/\/www.incodema.edu.co\/blog\/#website\",\"url\":\"http:\/\/www.incodema.edu.co\/blog\/\",\"name\":\"INCODEMA\",\"description\":\"COLEGIO INMACULADO CORAZ&Oacute;N DE MAR&Iacute;A\",\"publisher\":{\"@id\":\"http:\/\/www.incodema.edu.co\/blog\/#organization\"},\"potentialAction\":[{\"@type\":\"SearchAction\",\"target\":\"http:\/\/www.incodema.edu.co\/blog\/?s={search_term_string}\",\"query-input\":\"required name=search_term_string\"}],\"inLanguage\":\"es\"},{\"@type\":\"ImageObject\",\"@id\":\"http:\/\/www.incodema.edu.co\/blog\/nuestro-colegio\/#primaryimage\",\"inLanguage\":\"es\",\"url\":\"http:\/\/www.incodema.edu.co\/blog\/wp-content\/uploads\/2018\/02\/ENCABEZADO-PAGINA-NORMAL5.png\",\"contentUrl\":\"http:\/\/www.incodema.edu.co\/blog\/wp-content\/uploads\/2018\/02\/ENCABEZADO-PAGINA-NORMAL5.png\",\"width\":2418,\"height\":638,\"caption\":\"ENCABEZADO INCODEMA\"},{\"@type\":\"WebPage\",\"@id\":\"http:\/\/www.incodema.edu.co\/blog\/nuestro-colegio\/#webpage\",\"url\":\"http:\/\/www.incodema.edu.co\/blog\/nuestro-colegio\/\",\"name\":\"NUESTRO COLEGIO - INCODEMA\",\"isPartOf\":{\"@id\":\"http:\/\/www.incodema.edu.co\/blog\/#website\"},\"primaryImageOfPage\":{\"@id\":\"http:\/\/www.incodema.edu.co\/blog\/nuestro-colegio\/#primaryimage\"},\"datePublished\":\"2018-02-20T21:50:22+00:00\",\"dateModified\":\"2020-08-01T18:31:12+00:00\",\"breadcrumb\":{\"@id\":\"http:\/\/www.incodema.edu.co\/blog\/nuestro-colegio\/#breadcrumb\"},\"inLanguage\":\"es\",\"potentialAction\":[{\"@type\":\"ReadAction\",\"target\":[\"http:\/\/www.incodema.edu.co\/blog\/nuestro-colegio\/\"]}]},{\"@type\":\"BreadcrumbList\",\"@id\":\"http:\/\/www.incodema.edu.co\/blog\/nuestro-colegio\/#breadcrumb\",\"itemListElement\":[{\"@type\":\"ListItem\",\"position\":1,\"item\":{\"@type\":\"WebPage\",\"@id\":\"http:\/\/www.incodema.edu.co\/blog\/\",\"url\":\"http:\/\/www.incodema.edu.co\/blog\/\",\"name\":\"Home\"}},{\"@type\":\"ListItem\",\"position\":2,\"item\":{\"@id\":\"http:\/\/www.incodema.edu.co\/blog\/nuestro-colegio\/#webpage\"}}]}]}<\/script>\n<!-- \/ Yoast SEO plugin. -->","_links":{"self":[{"href":"http:\/\/www.incodema.edu.co\/blog\/wp-json\/wp\/v2\/pages\/4127"}],"collection":[{"href":"http:\/\/www.incodema.edu.co\/blog\/wp-json\/wp\/v2\/pages"}],"about":[{"href":"http:\/\/www.incodema.edu.co\/blog\/wp-json\/wp\/v2\/types\/page"}],"author":[{"embeddable":true,"href":"http:\/\/www.incodema.edu.co\/blog\/wp-json\/wp\/v2\/users\/1"}],"replies":[{"embeddable":true,"href":"http:\/\/www.incodema.edu.co\/blog\/wp-json\/wp\/v2\/comments?post=4127"}],"version-history":[{"count":14,"href":"http:\/\/www.incodema.edu.co\/blog\/wp-json\/wp\/v2\/pages\/4127\/revisions"}],"predecessor-version":[{"id":5534,"href":"http:\/\/www.incodema.edu.co\/blog\/wp-json\/wp\/v2\/pages\/4127\/revisions\/5534"}],"wp:featuredmedia":[{"embeddable":true,"href":"http:\/\/www.incodema.edu.co\/blog\/wp-json\/wp\/v2\/media\/4126"}],"wp:attachment":[{"href":"http:\/\/www.incodema.edu.co\/blog\/wp-json\/wp\/v2\/media?parent=4127"}],"curies":[{"name":"wp","href":"https:\/\/api.w.org\/{rel}","templated":true}]}}