{"id":4155,"date":"2018-02-20T19:51:30","date_gmt":"2018-02-21T00:51:30","guid":{"rendered":"http:\/\/fmanieves.org\/incodema4\/?page_id=4155"},"modified":"2018-02-20T19:51:30","modified_gmt":"2018-02-21T00:51:30","slug":"historia","status":"publish","type":"page","link":"http:\/\/www.incodema.edu.co\/blog\/historia\/","title":{"rendered":"HISTORIA"},"content":{"rendered":"<p>[vc_row][vc_column][vc_custom_heading text=&#8221;RESE\u00d1A HIST\u00d3RICA &#8221; font_container=&#8221;tag:h2|font_size:40|text_align:left|color:rgba(141%2C56%2C226%2C0.69)|line_height:1&#8243; use_theme_fonts=&#8221;yes&#8221;][vc_custom_heading text=&#8221;MOMENTOS PARA RECORDAR&#8221; font_container=&#8221;tag:h2|font_size:40|text_align:left|color:rgba(180%2C133%2C226%2C0.69)|line_height:1&#8243; use_theme_fonts=&#8221;yes&#8221;][vc_empty_space][\/vc_column][\/vc_row][vc_row][vc_column][vc_column_text]<\/p>\n<p style=\"text-align: center;\"><strong>La comunidad de Religiosas de Mar\u00eda Inmaculada Misioneras Claretianas, fue creada en Cuba en 1855 por Mar\u00eda Antonia Par\u00eds y San Antonio Maria Claret.<\/strong><\/p>\n<p>[\/vc_column_text][vc_empty_space][vc_row_inner][vc_column_inner width=&#8221;1\/3&#8243;][vc_single_image image=&#8221;4156&#8243; img_size=&#8221;full&#8221; alignment=&#8221;center&#8221; style=&#8221;vc_box_shadow_border&#8221; css=&#8221;.vc_custom_1519174191030{border-radius: 10px !important;}&#8221;][\/vc_column_inner][vc_column_inner width=&#8221;2\/3&#8243;][vc_column_text]<\/p>\n<p style=\"text-align: justify;\">Las Misioneras Claretianas llegan a Colombia a la poblaci\u00f3n de Pueblo Rico Caldas en 1950. En 1956 se instalan en el barrio La Perseverancia y es fundada en Bogot\u00e1 la primera casa Claretiana, con las hermanas Mercedes Ferrer\u00eda, Mar\u00eda Cruz da Costa, Concepci\u00f3n Cardona y Teresa Gonz\u00e1lez.<\/p>\n<p style=\"text-align: justify;\">Los Misioneros Claretianos residentes en Bosa invitan a las Religiosas Claretianas a visitar la localidad y estudiar la posibilidad de fundar una comunidad de misioneras para el servicio evangelizador de la zona.<\/p>\n<p>[\/vc_column_text][\/vc_column_inner][\/vc_row_inner][vc_row_inner][vc_column_inner width=&#8221;2\/3&#8243;][vc_column_text]<\/p>\n<p style=\"text-align: justify;\">En 1956 aparece la posibilidad de compra de un colegio privado, El Sagrado Coraz\u00f3n de Jes\u00fas que funcionaba en el parque central de Bosa. Se comunica esta posibilidad al Gobierno General de las Misioneras Claretianas y \u00a0se espera la respuesta \u00a0oficial \u00a0para \u00a0\u00a0\u00a0proceder a la compra del inmueble.<\/p>\n<p style=\"text-align: justify;\">Durante el a\u00f1o 1956 se hace manifiesta una actitud de gran acogida por parte de los Misioneros Claretianos, la poblaci\u00f3n y los medios de comunicaci\u00f3n que conocen el proyecto de compra del colegio Sagrado Coraz\u00f3n de Jes\u00fas de Bosa, para ser dirigido por las Misioneras Claretianas.<\/p>\n<p>[\/vc_column_text][\/vc_column_inner][vc_column_inner width=&#8221;1\/3&#8243;][vc_single_image image=&#8221;4683&#8243; img_size=&#8221;full&#8221; alignment=&#8221;center&#8221; style=&#8221;vc_box_shadow_border&#8221; css=&#8221;.vc_custom_1523972769653{border-radius: 10px !important;}&#8221;][\/vc_column_inner][\/vc_row_inner][\/vc_column][\/vc_row][vc_row][vc_column][vc_row_inner][vc_column_inner width=&#8221;1\/3&#8243;][vc_single_image image=&#8221;4685&#8243; img_size=&#8221;full&#8221; alignment=&#8221;center&#8221; style=&#8221;vc_box_shadow_border&#8221; css=&#8221;.vc_custom_1523972790468{border-radius: 10px !important;}&#8221;][\/vc_column_inner][vc_column_inner width=&#8221;2\/3&#8243;][vc_column_text]<\/p>\n<p style=\"text-align: justify;\">Dado el poco tiempo para cerrar el negocio de compra, se procede a efectuarlo y empieza a crecer el n\u00famero de alumnos inscritos en el nuevo centro.<\/p>\n<p style=\"text-align: justify;\">El colegio comienza a funcionar en 1957 en el parque central de Bosa, en el lugar donde actualmente laboran los colegios Acad\u00e9mico y Cooperativo. Se orienta esta labor educativa con la presencia de las hermanas de la casa de la Perseverancia, ya que la comunidad ha de trasladarse a Bosa. Un a\u00f1o m\u00e1s tarde se cierra la casa en el barrio la Perseverancia de Bogot\u00e1.<\/p>\n<p>[\/vc_column_text][\/vc_column_inner][\/vc_row_inner][vc_row_inner][vc_column_inner width=&#8221;2\/3&#8243;][vc_column_text]<\/p>\n<p style=\"text-align: justify;\">La Madre Mar\u00eda Cruz Infante visita a la Comunidad, conoce los motivos por los cuales fue necesario adelantar la fundaci\u00f3n y funcionamiento del colegio, acelera el tramite oficial de aprobaci\u00f3n de la obra y el 6 de Febrero de 1957 se consolida el proyecto del nuevo Colegio, bajo el amparo de la Virgen Maria, raz\u00f3n por la cual la instituci\u00f3n es llamada Colegio Inmaculado Coraz\u00f3n De Mar\u00eda.<\/p>\n<p style=\"text-align: justify;\">En 1958 la comunidad de Misioneras Claretianas, compra a las Hermanas de la Visitaci\u00f3n el terreno que hoy ocupa el colegio. El 1 de noviembre de 1959 Monse\u00f1or Emilio de Brigard, bendice la primera piedra firmando un pergamino que reposa en este terreno y esta ubicado bajo tierra en la entrada principal del Colegio.<\/p>\n<p>[\/vc_column_text][\/vc_column_inner][vc_column_inner width=&#8221;1\/3&#8243;][vc_single_image image=&#8221;4686&#8243; img_size=&#8221;full&#8221; alignment=&#8221;center&#8221; style=&#8221;vc_box_shadow_border&#8221; css=&#8221;.vc_custom_1523972812689{border-radius: 10px !important;}&#8221;][\/vc_column_inner][\/vc_row_inner][\/vc_column][\/vc_row][vc_row][vc_column][vc_row_inner][vc_column_inner width=&#8221;1\/3&#8243;][vc_single_image image=&#8221;4687&#8243; img_size=&#8221;full&#8221; alignment=&#8221;center&#8221; style=&#8221;vc_box_shadow_border&#8221; css=&#8221;.vc_custom_1523972830772{border-radius: 10px !important;}&#8221;][\/vc_column_inner][vc_column_inner width=&#8221;2\/3&#8243;][vc_column_text]<\/p>\n<p style=\"text-align: justify;\">En 1960 y con muchas dificultades especialmente econ\u00f3micas, se da comienzo a la construcci\u00f3n del edificio. En 1961 se inicia el a\u00f1o escolar en el actual, edificio a\u00fan sin terminar; construcci\u00f3n que solo concluye hasta 1964. Las reformas locativas se ir\u00e1n dando poco a poco, seg\u00fan las posibilidades econ\u00f3micas.<\/p>\n<p style=\"text-align: justify;\">En 1965 el colegio cuenta con la aprobaci\u00f3n oficial de primaria y bachillerato, y se proclama la primera promoci\u00f3n de bachilleres.<\/p>\n<p>[\/vc_column_text][\/vc_column_inner][\/vc_row_inner][vc_row_inner][vc_column_inner width=&#8221;2\/3&#8243;][vc_column_text]<\/p>\n<p style=\"text-align: justify;\">En 1966 se da inicio a la educaci\u00f3n Normalista, graduando en 1967 la primera promoci\u00f3n de esta modalidad. Hasta 1976, a\u00f1o en el que debido a la reforma educativa se decide el cierre de esta modalidad pedag\u00f3gica en la Instituci\u00f3n, el Colegio alcanza a graduar 10 promociones de normalistas.<\/p>\n<p style=\"text-align: justify;\">De 1966 a 1976 Contin\u00faa la adecuaci\u00f3n de la planta f\u00edsica, atendiendo a las necesidades y al crecimiento del colegio. Se implementa la Educaci\u00f3n personalizada como innovaci\u00f3n y estrategia pedag\u00f3gica.<\/p>\n<p>[\/vc_column_text][\/vc_column_inner][vc_column_inner width=&#8221;1\/3&#8243;][vc_single_image image=&#8221;4688&#8243; img_size=&#8221;full&#8221; alignment=&#8221;center&#8221; style=&#8221;vc_box_shadow_border&#8221; css=&#8221;.vc_custom_1523972856241{border-radius: 10px !important;}&#8221;][\/vc_column_inner][\/vc_row_inner][\/vc_column][\/vc_row][vc_row][vc_column][vc_row_inner][vc_column_inner width=&#8221;1\/3&#8243;][vc_single_image image=&#8221;4689&#8243; img_size=&#8221;full&#8221; alignment=&#8221;center&#8221; style=&#8221;vc_box_shadow_border&#8221; css=&#8221;.vc_custom_1523972878739{border-radius: 10px !important;}&#8221;][\/vc_column_inner][vc_column_inner width=&#8221;2\/3&#8243;][vc_column_text]<\/p>\n<p style=\"text-align: justify;\">De 1977 a 1994 El colegio Inmaculado Coraz\u00f3n de Mar\u00eda es reconocido a nivel del Ministerio de Educaci\u00f3n Nacional, como comunidad educativa en pastoral, que brinda una excelente educaci\u00f3n y forma integralmente a ni\u00f1as y j\u00f3venes a la luz de los principios del Evangelio desde el carisma Claretiano.<\/p>\n<p style=\"text-align: justify;\">Durante los a\u00f1os de 1995 a 1999 se han realizado importantes reformas a la planta f\u00edsica, entre ellas se destacan la remodelaci\u00f3n de laboratorios y de otras instalaciones, modernizaci\u00f3n de la biblioteca, instalaci\u00f3n del circuito cerrado de televisi\u00f3n, salas de sistemas y sistematizaci\u00f3n a nivel administrativo.<\/p>\n<p>[\/vc_column_text][\/vc_column_inner][\/vc_row_inner][vc_row_inner][vc_column_inner width=&#8221;2\/3&#8243;][vc_column_text]<\/p>\n<p style=\"text-align: justify;\">Para el a\u00f1o 2000 la comunidad decide incluir estudiantes varones siendo una importante decisi\u00f3n para la Comunidad Educativa.<\/p>\n<p style=\"text-align: justify;\">A partir 1996 el Colegio ofrece Educaci\u00f3n Formal para adultos y para el a\u00f1o 2000 consigue su aprobaci\u00f3n oficial. Hasta el a\u00f1o 2006 se han graduado cinco promociones de estudiantes en esta modalidad.<\/p>\n<p>[\/vc_column_text][\/vc_column_inner][vc_column_inner width=&#8221;1\/3&#8243;][vc_single_image image=&#8221;4690&#8243; img_size=&#8221;full&#8221; alignment=&#8221;center&#8221; style=&#8221;vc_box_shadow_border&#8221; css=&#8221;.vc_custom_1523972898747{border-radius: 10px !important;}&#8221;][\/vc_column_inner][\/vc_row_inner][\/vc_column][\/vc_row][vc_row][vc_column][vc_row_inner][vc_column_inner width=&#8221;1\/3&#8243;][vc_single_image image=&#8221;4691&#8243; img_size=&#8221;full&#8221; alignment=&#8221;center&#8221; style=&#8221;vc_box_shadow_border&#8221; css=&#8221;.vc_custom_1523972920683{border-radius: 10px !important;}&#8221;][\/vc_column_inner][vc_column_inner width=&#8221;2\/3&#8243;][vc_column_text]<\/p>\n<p style=\"text-align: justify;\">Desde 1995 hasta el a\u00f1o 2007 se consolida el Proyecto Educativo Claretiano, acorde a las exigencias del tercer milenio, en la modalidad acad\u00e9mica con \u00e9nfasis en: Inform\u00e1tica, Ciencias Sociales, Qu\u00edmica F\u00edsica, ingl\u00e9s y matem\u00e1ticas. El Colegio alcanza grandes logros a nivel Pedag\u00f3gico, deportivo y tecnol\u00f3gico.<\/p>\n<p style=\"text-align: justify;\">En 2007, cuando celebramos las bodas de Oro del Colegio, se procla\u00f3 la 43 promoci\u00f3n de Bachilleres, que fu\u00e9 tambi\u00e9n la primera promoci\u00f3n mixta<\/p>\n<p>[\/vc_column_text][\/vc_column_inner][\/vc_row_inner][vc_row_inner][vc_column_inner width=&#8221;2\/3&#8243;][vc_column_text]<\/p>\n<p style=\"text-align: justify;\">La instituci\u00f3n gradualmente ha ido implementando un proceso de actualizaci\u00f3n y de respuesta educativa a las cambiantes exigencias de la cultura y la sociedad, se consolida el proyecto de formaci\u00f3n integral con la preparaci\u00f3n y formaci\u00f3n en valores evang\u00e9licos, morales, \u00e9ticos, c\u00edvicos, religiosos, familiares y sociales que favorecen un proceso de desarrollo humano que incida en su transformaci\u00f3n y en la de la sociedad.<\/p>\n<p style=\"text-align: justify;\">En el a\u00f1o 2005 la Comunidad de Misioneras Claretianas celebra 150 a\u00f1os de fundaci\u00f3n.<\/p>\n<p>[\/vc_column_text][\/vc_column_inner][vc_column_inner width=&#8221;1\/3&#8243;][vc_single_image image=&#8221;4692&#8243; img_size=&#8221;full&#8221; alignment=&#8221;center&#8221; style=&#8221;vc_box_shadow_border&#8221; css=&#8221;.vc_custom_1523972939048{border-radius: 10px !important;}&#8221;][\/vc_column_inner][\/vc_row_inner][\/vc_column][\/vc_row]<\/p>\n<div class='campos'>","protected":false},"excerpt":{"rendered":"<p>[vc_row][vc_column][vc_custom_heading text=&#8221;RESE\u00d1A HIST\u00d3RICA &#8221; font_container=&#8221;tag:h2|font_size:40|text_align:left|color:rgba(141%2C56%2C226%2C0.69)|line_height:1&#8243; use_theme_fonts=&#8221;yes&#8221;][vc_custom_heading text=&#8221;MOMENTOS PARA RECORDAR&#8221; font_container=&#8221;tag:h2|font_size:40|text_align:left|color:rgba(180%2C133%2C226%2C0.69)|line_height:1&#8243; use_theme_fonts=&#8221;yes&#8221;][vc_empty_space][\/vc_column][\/vc_row][vc_row][vc_column][vc_column_text] La comunidad de Religiosas de Mar\u00eda Inmaculada Misioneras Claretianas, fue creada en Cuba en 1855 por Mar\u00eda Antonia Par\u00eds y San Antonio Maria Claret. [\/vc_column_text][vc_empty_space][vc_row_inner][vc_column_inner width=&#8221;1\/3&#8243;][vc_single_image image=&#8221;4156&#8243; img_size=&#8221;full&#8221; alignment=&#8221;center&#8221; style=&#8221;vc_box_shadow_border&#8221; css=&#8221;.vc_custom_1519174191030{border-radius: 10px !important;}&#8221;][\/vc_column_inner][vc_column_inner width=&#8221;2\/3&#8243;][vc_column_text] Las Misioneras Claretianas llegan a Colombia a la poblaci\u00f3n de [&hellip;]<\/p>\n","protected":false},"author":1,"featured_media":4126,"parent":0,"menu_order":0,"comment_status":"closed","ping_status":"closed","template":"","meta":[],"yoast_head":"<!-- This site is optimized with the Yoast SEO plugin v16.2 - https:\/\/yoast.com\/wordpress\/plugins\/seo\/ -->\n<meta name=\"robots\" content=\"index, follow, max-snippet:-1, max-image-preview:large, max-video-preview:-1\" \/>\n<link rel=\"canonical\" href=\"https:\/\/www.incodema.edu.co\/blog\/historia\/\" \/>\n<meta property=\"og:locale\" content=\"es_ES\" \/>\n<meta property=\"og:type\" content=\"article\" \/>\n<meta property=\"og:title\" content=\"HISTORIA - INCODEMA\" \/>\n<meta property=\"og:description\" content=\"[vc_row][vc_column][vc_custom_heading text=&#8221;RESE\u00d1A HIST\u00d3RICA &#8221; font_container=&#8221;tag:h2|font_size:40|text_align:left|color:rgba(141%2C56%2C226%2C0.69)|line_height:1&#8243; use_theme_fonts=&#8221;yes&#8221;][vc_custom_heading text=&#8221;MOMENTOS PARA RECORDAR&#8221; font_container=&#8221;tag:h2|font_size:40|text_align:left|color:rgba(180%2C133%2C226%2C0.69)|line_height:1&#8243; use_theme_fonts=&#8221;yes&#8221;][vc_empty_space][\/vc_column][\/vc_row][vc_row][vc_column][vc_column_text] La comunidad de Religiosas de Mar\u00eda Inmaculada Misioneras Claretianas, fue creada en Cuba en 1855 por Mar\u00eda Antonia Par\u00eds y San Antonio Maria Claret. [\/vc_column_text][vc_empty_space][vc_row_inner][vc_column_inner width=&#8221;1\/3&#8243;][vc_single_image image=&#8221;4156&#8243; img_size=&#8221;full&#8221; alignment=&#8221;center&#8221; style=&#8221;vc_box_shadow_border&#8221; css=&#8221;.vc_custom_1519174191030{border-radius: 10px !important;}&#8221;][\/vc_column_inner][vc_column_inner width=&#8221;2\/3&#8243;][vc_column_text] Las Misioneras Claretianas llegan a Colombia a la poblaci\u00f3n de [&hellip;]\" \/>\n<meta property=\"og:url\" content=\"https:\/\/www.incodema.edu.co\/blog\/historia\/\" \/>\n<meta property=\"og:site_name\" content=\"INCODEMA\" \/>\n<meta property=\"article:publisher\" content=\"https:\/\/www.facebook.com\/Incodema\" \/>\n<meta property=\"og:image\" content=\"http:\/\/www.incodema.edu.co\/blog\/wp-content\/uploads\/2018\/02\/ENCABEZADO-PAGINA-NORMAL5.png\" \/>\n\t<meta property=\"og:image:width\" content=\"2418\" \/>\n\t<meta property=\"og:image:height\" content=\"638\" \/>\n<meta name=\"twitter:card\" content=\"summary_large_image\" \/>\n<meta name=\"twitter:label1\" content=\"Tiempo de lectura\">\n\t<meta name=\"twitter:data1\" content=\"7 minutos\">\n<script type=\"application\/ld+json\" class=\"yoast-schema-graph\">{\"@context\":\"https:\/\/schema.org\",\"@graph\":[{\"@type\":\"Organization\",\"@id\":\"http:\/\/www.incodema.edu.co\/blog\/#organization\",\"name\":\"Colegio Inmaculado Coraz\\u00f3n de Mar\\u00eda\",\"url\":\"http:\/\/www.incodema.edu.co\/blog\/\",\"sameAs\":[\"https:\/\/www.facebook.com\/Incodema\",\"https:\/\/www.youtube.com\/channel\/UCmYQMRqdS3cfuNCHQ_9q-sg\"],\"logo\":{\"@type\":\"ImageObject\",\"@id\":\"http:\/\/www.incodema.edu.co\/blog\/#logo\",\"inLanguage\":\"es\",\"url\":\"http:\/\/www.incodema.edu.co\/blog\/wp-content\/uploads\/2018\/02\/escudo-218x218-1.png\",\"contentUrl\":\"http:\/\/www.incodema.edu.co\/blog\/wp-content\/uploads\/2018\/02\/escudo-218x218-1.png\",\"width\":218,\"height\":218,\"caption\":\"Colegio Inmaculado Coraz\\u00f3n de Mar\\u00eda\"},\"image\":{\"@id\":\"http:\/\/www.incodema.edu.co\/blog\/#logo\"}},{\"@type\":\"WebSite\",\"@id\":\"http:\/\/www.incodema.edu.co\/blog\/#website\",\"url\":\"http:\/\/www.incodema.edu.co\/blog\/\",\"name\":\"INCODEMA\",\"description\":\"COLEGIO INMACULADO CORAZ&Oacute;N DE MAR&Iacute;A\",\"publisher\":{\"@id\":\"http:\/\/www.incodema.edu.co\/blog\/#organization\"},\"potentialAction\":[{\"@type\":\"SearchAction\",\"target\":\"http:\/\/www.incodema.edu.co\/blog\/?s={search_term_string}\",\"query-input\":\"required name=search_term_string\"}],\"inLanguage\":\"es\"},{\"@type\":\"ImageObject\",\"@id\":\"https:\/\/www.incodema.edu.co\/blog\/historia\/#primaryimage\",\"inLanguage\":\"es\",\"url\":\"http:\/\/www.incodema.edu.co\/blog\/wp-content\/uploads\/2018\/02\/ENCABEZADO-PAGINA-NORMAL5.png\",\"contentUrl\":\"http:\/\/www.incodema.edu.co\/blog\/wp-content\/uploads\/2018\/02\/ENCABEZADO-PAGINA-NORMAL5.png\",\"width\":2418,\"height\":638,\"caption\":\"ENCABEZADO INCODEMA\"},{\"@type\":\"WebPage\",\"@id\":\"https:\/\/www.incodema.edu.co\/blog\/historia\/#webpage\",\"url\":\"https:\/\/www.incodema.edu.co\/blog\/historia\/\",\"name\":\"HISTORIA - INCODEMA\",\"isPartOf\":{\"@id\":\"http:\/\/www.incodema.edu.co\/blog\/#website\"},\"primaryImageOfPage\":{\"@id\":\"https:\/\/www.incodema.edu.co\/blog\/historia\/#primaryimage\"},\"datePublished\":\"2018-02-21T00:51:30+00:00\",\"dateModified\":\"2018-02-21T00:51:30+00:00\",\"breadcrumb\":{\"@id\":\"https:\/\/www.incodema.edu.co\/blog\/historia\/#breadcrumb\"},\"inLanguage\":\"es\",\"potentialAction\":[{\"@type\":\"ReadAction\",\"target\":[\"https:\/\/www.incodema.edu.co\/blog\/historia\/\"]}]},{\"@type\":\"BreadcrumbList\",\"@id\":\"https:\/\/www.incodema.edu.co\/blog\/historia\/#breadcrumb\",\"itemListElement\":[{\"@type\":\"ListItem\",\"position\":1,\"item\":{\"@type\":\"WebPage\",\"@id\":\"http:\/\/www.incodema.edu.co\/blog\/\",\"url\":\"http:\/\/www.incodema.edu.co\/blog\/\",\"name\":\"Home\"}},{\"@type\":\"ListItem\",\"position\":2,\"item\":{\"@id\":\"https:\/\/www.incodema.edu.co\/blog\/historia\/#webpage\"}}]}]}<\/script>\n<!-- \/ Yoast SEO plugin. -->","_links":{"self":[{"href":"http:\/\/www.incodema.edu.co\/blog\/wp-json\/wp\/v2\/pages\/4155"}],"collection":[{"href":"http:\/\/www.incodema.edu.co\/blog\/wp-json\/wp\/v2\/pages"}],"about":[{"href":"http:\/\/www.incodema.edu.co\/blog\/wp-json\/wp\/v2\/types\/page"}],"author":[{"embeddable":true,"href":"http:\/\/www.incodema.edu.co\/blog\/wp-json\/wp\/v2\/users\/1"}],"replies":[{"embeddable":true,"href":"http:\/\/www.incodema.edu.co\/blog\/wp-json\/wp\/v2\/comments?post=4155"}],"version-history":[{"count":0,"href":"http:\/\/www.incodema.edu.co\/blog\/wp-json\/wp\/v2\/pages\/4155\/revisions"}],"wp:featuredmedia":[{"embeddable":true,"href":"http:\/\/www.incodema.edu.co\/blog\/wp-json\/wp\/v2\/media\/4126"}],"wp:attachment":[{"href":"http:\/\/www.incodema.edu.co\/blog\/wp-json\/wp\/v2\/media?parent=4155"}],"curies":[{"name":"wp","href":"https:\/\/api.w.org\/{rel}","templated":true}]}}