{"id":4161,"date":"2018-02-20T19:56:35","date_gmt":"2018-02-21T00:56:35","guid":{"rendered":"http:\/\/fmanieves.org\/incodema4\/?page_id=4161"},"modified":"2020-05-30T12:23:42","modified_gmt":"2020-05-30T17:23:42","slug":"fundadores-2","status":"publish","type":"page","link":"http:\/\/www.incodema.edu.co\/blog\/fundadores-2\/","title":{"rendered":"FUNDADORES"},"content":{"rendered":"<p>[vc_row][vc_column width=&#8221;1\/6&#8243;][\/vc_column][vc_column width=&#8221;2\/3&#8243;][vc_single_image image=&#8221;5222&#8243; img_size=&#8221;full&#8221; alignment=&#8221;center&#8221;][\/vc_column][vc_column width=&#8221;1\/6&#8243;][\/vc_column][\/vc_row][vc_row][vc_column width=&#8221;4\/12&#8243;][vc_single_image image=&#8221;5220&#8243; img_size=&#8221;full&#8221; alignment=&#8221;center&#8221; css=&#8221;.vc_custom_1590859420124{padding-top: 20% !important;}&#8221;][\/vc_column][vc_column width=&#8221;7\/12&#8243;][vc_custom_heading text=&#8221;Venerable Madre &#8221; font_container=&#8221;tag:h2|font_size:40|text_align:left|color:%237070ff|line_height:1&#8243; google_fonts=&#8221;font_family:Roboto%3A100%2C100italic%2C300%2C300italic%2Cregular%2Citalic%2C500%2C500italic%2C700%2C700italic%2C900%2C900italic|font_style:900%20bold%20regular%3A900%3Anormal&#8221;][vc_custom_heading text=&#8221;Mar\u00eda Antonia Paris&#8221; font_container=&#8221;tag:h2|font_size:40|text_align:left|color:%23aaaaff|line_height:1&#8243; google_fonts=&#8221;font_family:Roboto%3A100%2C100italic%2C300%2C300italic%2Cregular%2Citalic%2C500%2C500italic%2C700%2C700italic%2C900%2C900italic|font_style:900%20bold%20regular%3A900%3Anormal&#8221;][vc_column_text]<\/p>\n<p style=\"text-align: justify;\">Naci\u00f3 el 28 de junio de 1813 en un pueblo de Espa\u00f1a llamado Valmoll. All\u00ed se hab\u00eda refugiado su madre huyendo del ataque de las tropas napole\u00f3nicas. Su padre era agricultor y muere 3 meses antes de que ella naciera.<\/p>\n<p style=\"text-align: justify;\">A temprana edad, Antonia se siente atra\u00edda a la oraci\u00f3n. Cuando tiene 13 a\u00f1os, queda impresionada por una misi\u00f3n que predican los padres franciscanos y desde entonces siente el deseo de dedicar su vida a Dios.<\/p>\n<p style=\"text-align: justify;\">Mar\u00eda antonia siente que Dios la llama a consagrar toda su vida a su servicio. el 23 de octubre de 1841, entra\u00a0 como postulante a la Compa\u00f1\u00eda de Mar\u00eda, una comunidad dedicada a la oraci\u00f3n y la educaci\u00f3n. el 21 de abril de 1850, recibe un permiso especial para iniciar un Noviciado. Pero Dios tiene otros planes para ella.<\/p>\n<p style=\"text-align: justify;\">Desde 1842, mientras antonia era a\u00fan postulante, el Se\u00f1or comenz\u00f3 a mostrarle unos horizontes totalmente nuevos.<\/p>\n<p style=\"text-align: justify;\">Con el deseo de vivir el Evangelio hasta las \u00faltimas consecuencias, el Se\u00f1or le manifiesta\u00a0 su deseo de una Nueva Orden pero no nueva en la doctrina, sino en la pr\u00e1ctica y el Se\u00f1or le gu\u00eda hacia la persona que le dar\u00e1 la mano: Antonio Maria Claret, un sacerdote misionero bien conocido en el norte de Espa\u00f1a.<\/p>\n<p style=\"text-align: justify;\">El 22 de febrero de 1852 la Madre Par\u00eds abandona su tierra natal rumbo a cuba con otras j\u00f3venes para responder a las necesidades de este nuevo mundo. la visi\u00f3n misionera de Claret unida al deseo de la Madre Antonia de vivir el Evangelio con toda radicalidad, convergen en una nueva forma de vida religiosa en la iglesia.<\/p>\n<p style=\"text-align: justify;\">La Madre env\u00eda a El Papa Pio IX sus apuntes sobre el plan de reforma de la Iglesia: una vida de sencillez, alegr\u00eda,\u00a0 vida en comuni\u00f3n, y proclamaci\u00f3n del Evangelio.<\/p>\n<p style=\"text-align: justify;\">El 25 de agosto\u00a0 de 1855, nace oficialmente la nueva orden en Santiago de Cuba, como la primera orden fundada en suelo cubano, su nombre: Religiosas de Mar\u00eda Inmaculada Misioneras Claretianas. su primera tarea es dedicarse a la educaci\u00f3n de la ni\u00f1ez, aceptando en sus aulas ni\u00f1as de toda raza y condici\u00f3n, con una preferencia por las m\u00e1s pobres.<\/p>\n<p style=\"text-align: justify;\">Antonia paso los \u00faltimos d\u00edas de su vida en Espa\u00f1a, manteniendo vivo el esp\u00edritu\u00a0 original de pobreza y comuni\u00f3n fraterna en la nueva orden. Muri\u00f3 el 17 de enero de 1885.<\/p>\n<p>[\/vc_column_text][vc_custom_heading text=&#8221;San Antonio&#8221; font_container=&#8221;tag:h2|font_size:40|text_align:left|color:%237070ff|line_height:1&#8243; google_fonts=&#8221;font_family:Roboto%3A100%2C100italic%2C300%2C300italic%2Cregular%2Citalic%2C500%2C500italic%2C700%2C700italic%2C900%2C900italic|font_style:900%20bold%20regular%3A900%3Anormal&#8221;][vc_custom_heading text=&#8221;Mar\u00eda Claret&#8221; font_container=&#8221;tag:h2|font_size:40|text_align:left|color:%23aaaaff|line_height:1&#8243; google_fonts=&#8221;font_family:Roboto%3A100%2C100italic%2C300%2C300italic%2Cregular%2Citalic%2C500%2C500italic%2C700%2C700italic%2C900%2C900italic|font_style:900%20bold%20regular%3A900%3Anormal&#8221;][vc_column_text]<\/p>\n<p style=\"text-align: justify;\" align=\"JUSTIFY\">Ingres\u00f3 al seminario de Vich (Espa\u00f1a) y all\u00ed recibi\u00f3 la ordenaci\u00f3n sacerdotal. Fue luego nombrado vicep\u00e1rroco y pronto empez\u00f3 el pueblo a conocer cu\u00e1l era la cualidad principal que Dios le hab\u00eda dado: era un predicador impresionante, de una eficacia arrolladora. De todas partes lo llamaban a predicar misiones populares, predicando hasta diez sermones en un d\u00eda. Viajaba siempre a pie y sin dinero.<\/p>\n<p style=\"text-align: justify;\" align=\"JUSTIFY\">Durante 15 a\u00f1os predic\u00f3 incansablemente por el norte de Espa\u00f1a, y dif\u00edcilmente otro predicador del siglo pasado logr\u00f3 obtener triunfos tan grandes como los del padre Claret al predicar. En su vida predic\u00f3 m\u00e1s de 10,000 sermones. Lo que hizo San Juan Bosco en Italia en ese tiempo a favor de las buenas lecturas, lo hizo San Antonio Claret en Espa\u00f1a. \u00c9l se dio cuenta de que una buena lectura puede hacer mayor bien que un serm\u00f3n y se propuso emplear todo el dinero que consegu\u00eda en difundir buenos libros. Mandaba imprimir y regalaba hojas religiosas, por centenares de miles. Ayud\u00f3 a fundar la Librer\u00eda religiosa de Barcelona y fue el que m\u00e1s difundi\u00f3 los libros de esa librer\u00eda. \u00c9l mismo redact\u00f3 m\u00e1s de 200 libros y folletos sencillos para el pueblo, que tuvieron centenares de ediciones. Los regalaba donde quiera que llegaba. En todas partes reglaba medallas, rosarios, hojas y libros religiosos.<\/p>\n<p style=\"text-align: justify;\" align=\"justify\">El 18 de febrero de 1851, el Santo entra solemnemente en la ciudad de Santiago de Cuba, colocando su actividad pastoral bajo la protecci\u00f3n de la Virgen de la Caridad del Cobre, de quien fue entusiasta devoto. Encuentra la Archidi\u00f3cesis aquejada por grav\u00edsimos problemas religiosos, morales, sociales y pol\u00edticos. El 24 de noviembre de 1851, poco despu\u00e9s de recorrer por primera vez su vasta Archidi\u00f3cesis, escribe al Obispo de Vich, Catalu\u00f1a, una carta en la que retrata ese lamentable cuadro de abandono espiritual y material: &#8220;Me lleno de indignaci\u00f3n al presenciar el criminal abandono en que el Gobierno espa\u00f1ol tiene al clero de este Arzobispado&#8221;.<\/p>\n<p style=\"text-align: justify;\" align=\"justify\">En los seis a\u00f1os y dos meses que vivi\u00f3 en Cuba, el Santo se dedic\u00f3 infatigablemente a la reforma del clero; a reconstruir el seminario, al cual hac\u00eda 30 a\u00f1os que no ingresaba un seminarista; a la creaci\u00f3n de nuevas Parroquias; a fundar cajas de ahorro &#8220;para utilidad y morigeraci\u00f3n de los pobres&#8221;; y a misionar a los fieles de la vasta Archidi\u00f3cesis, la cual recorri\u00f3 \u00edntegramente cuatro veces, siempre a pie o a lomo de mula.<\/p>\n<p style=\"text-align: justify;\" align=\"JUSTIFY\">En Cuba administr\u00f3 el sacramento de la confirmaci\u00f3n a 300,000 cristianos, correspondientes a \u00a1un tercio de la poblaci\u00f3n de la isla en ese entonces! y arregl\u00f3 30,000 matrimonios. Logr\u00f3 formar con los sacerdotes una verdadera familia de hermanos donde todos se sent\u00edan bien atendidos y estimados en la casa del Arzobispo.<\/p>\n<p style=\"text-align: justify;\" align=\"JUSTIFY\">En 1857 fue llamado a Espa\u00f1a como capell\u00e1n de la reina Isabel. En 1849 al darse cuenta de que para mantener viva la fe del pueblo se necesitan sacerdotes entusiastas que vayan por campos y ciudades predicando y propagando buenas lecturas, se reuni\u00f3 con cinco compa\u00f1eros y fund\u00f3 la Comunidad de Misioneros del Coraz\u00f3n de Mar\u00eda, que hoy se llaman Claretianos. Actualmente son 3,000 en 385 casas en el mundo. Fund\u00f3 tambi\u00e9n las Hermanas Claretianas que son 650 en 69 casas. Estas comunidades han hecho inmenso bien con su apostolado en muchos pa\u00edses.<\/p>\n<p style=\"text-align: justify;\" align=\"JUSTIFY\">Asisti\u00f3 al Concilio Vaticano en Roma en 1870. En el mismo, pronunci\u00f3 un memorable discurso que fu\u00e9 muy bien recibido, comentado y elogiado. En Francia, los\u00a0 monjes cistercienses del monasterio de Fuente Fr\u00eda le hospedaron, y all\u00ed, despu\u00e9s de haber escrito por orden del superior de su comunidad su autobiograf\u00eda, enferm\u00f3.\u00a0\u00a0 Falleci\u00f3 el 24 de octubre de 1879. Ten\u00eda apenas 63 a\u00f1os. Despu\u00e9s de su muerte, se le han atribu\u00eddo\u00a0 numerosos milagros.<\/p>\n<p>[\/vc_column_text][\/vc_column][vc_column width=&#8221;1\/12&#8243;][\/vc_column][\/vc_row]<\/p>\n<div class='campos'>","protected":false},"excerpt":{"rendered":"<p>[vc_row][vc_column width=&#8221;1\/6&#8243;][\/vc_column][vc_column width=&#8221;2\/3&#8243;][vc_single_image image=&#8221;5222&#8243; img_size=&#8221;full&#8221; alignment=&#8221;center&#8221;][\/vc_column][vc_column width=&#8221;1\/6&#8243;][\/vc_column][\/vc_row][vc_row][vc_column width=&#8221;4\/12&#8243;][vc_single_image image=&#8221;5220&#8243; img_size=&#8221;full&#8221; alignment=&#8221;center&#8221; css=&#8221;.vc_custom_1590859420124{padding-top: 20% !important;}&#8221;][\/vc_column][vc_column width=&#8221;7\/12&#8243;][vc_custom_heading text=&#8221;Venerable Madre &#8221; font_container=&#8221;tag:h2|font_size:40|text_align:left|color:%237070ff|line_height:1&#8243; google_fonts=&#8221;font_family:Roboto%3A100%2C100italic%2C300%2C300italic%2Cregular%2Citalic%2C500%2C500italic%2C700%2C700italic%2C900%2C900italic|font_style:900%20bold%20regular%3A900%3Anormal&#8221;][vc_custom_heading text=&#8221;Mar\u00eda Antonia Paris&#8221; font_container=&#8221;tag:h2|font_size:40|text_align:left|color:%23aaaaff|line_height:1&#8243; google_fonts=&#8221;font_family:Roboto%3A100%2C100italic%2C300%2C300italic%2Cregular%2Citalic%2C500%2C500italic%2C700%2C700italic%2C900%2C900italic|font_style:900%20bold%20regular%3A900%3Anormal&#8221;][vc_column_text] Naci\u00f3 el 28 de junio de 1813 en un pueblo de Espa\u00f1a llamado Valmoll. All\u00ed se hab\u00eda refugiado su madre huyendo del ataque de las tropas napole\u00f3nicas. Su padre era [&hellip;]<\/p>\n","protected":false},"author":1,"featured_media":4126,"parent":0,"menu_order":0,"comment_status":"closed","ping_status":"closed","template":"","meta":[],"yoast_head":"<!-- This site is optimized with the Yoast SEO plugin v16.2 - https:\/\/yoast.com\/wordpress\/plugins\/seo\/ -->\n<meta name=\"robots\" content=\"index, follow, max-snippet:-1, max-image-preview:large, max-video-preview:-1\" \/>\n<link rel=\"canonical\" href=\"http:\/\/www.incodema.edu.co\/blog\/fundadores-2\/\" \/>\n<meta property=\"og:locale\" content=\"es_ES\" \/>\n<meta property=\"og:type\" content=\"article\" \/>\n<meta property=\"og:title\" content=\"FUNDADORES - INCODEMA\" \/>\n<meta property=\"og:description\" content=\"[vc_row][vc_column width=&#8221;1\/6&#8243;][\/vc_column][vc_column width=&#8221;2\/3&#8243;][vc_single_image image=&#8221;5222&#8243; img_size=&#8221;full&#8221; alignment=&#8221;center&#8221;][\/vc_column][vc_column width=&#8221;1\/6&#8243;][\/vc_column][\/vc_row][vc_row][vc_column width=&#8221;4\/12&#8243;][vc_single_image image=&#8221;5220&#8243; img_size=&#8221;full&#8221; alignment=&#8221;center&#8221; css=&#8221;.vc_custom_1590859420124{padding-top: 20% !important;}&#8221;][\/vc_column][vc_column width=&#8221;7\/12&#8243;][vc_custom_heading text=&#8221;Venerable Madre &#8221; font_container=&#8221;tag:h2|font_size:40|text_align:left|color:%237070ff|line_height:1&#8243; google_fonts=&#8221;font_family:Roboto%3A100%2C100italic%2C300%2C300italic%2Cregular%2Citalic%2C500%2C500italic%2C700%2C700italic%2C900%2C900italic|font_style:900%20bold%20regular%3A900%3Anormal&#8221;][vc_custom_heading text=&#8221;Mar\u00eda Antonia Paris&#8221; font_container=&#8221;tag:h2|font_size:40|text_align:left|color:%23aaaaff|line_height:1&#8243; google_fonts=&#8221;font_family:Roboto%3A100%2C100italic%2C300%2C300italic%2Cregular%2Citalic%2C500%2C500italic%2C700%2C700italic%2C900%2C900italic|font_style:900%20bold%20regular%3A900%3Anormal&#8221;][vc_column_text] Naci\u00f3 el 28 de junio de 1813 en un pueblo de Espa\u00f1a llamado Valmoll. All\u00ed se hab\u00eda refugiado su madre huyendo del ataque de las tropas napole\u00f3nicas. Su padre era [&hellip;]\" \/>\n<meta property=\"og:url\" content=\"http:\/\/www.incodema.edu.co\/blog\/fundadores-2\/\" \/>\n<meta property=\"og:site_name\" content=\"INCODEMA\" \/>\n<meta property=\"article:publisher\" content=\"https:\/\/www.facebook.com\/Incodema\" \/>\n<meta property=\"article:modified_time\" content=\"2020-05-30T17:23:42+00:00\" \/>\n<meta property=\"og:image\" content=\"http:\/\/www.incodema.edu.co\/blog\/wp-content\/uploads\/2018\/02\/ENCABEZADO-PAGINA-NORMAL5.png\" \/>\n\t<meta property=\"og:image:width\" content=\"2418\" \/>\n\t<meta property=\"og:image:height\" content=\"638\" \/>\n<meta name=\"twitter:card\" content=\"summary_large_image\" \/>\n<meta name=\"twitter:label1\" content=\"Tiempo de lectura\">\n\t<meta name=\"twitter:data1\" content=\"7 minutos\">\n<script type=\"application\/ld+json\" class=\"yoast-schema-graph\">{\"@context\":\"https:\/\/schema.org\",\"@graph\":[{\"@type\":\"Organization\",\"@id\":\"http:\/\/www.incodema.edu.co\/blog\/#organization\",\"name\":\"Colegio Inmaculado Coraz\\u00f3n de Mar\\u00eda\",\"url\":\"http:\/\/www.incodema.edu.co\/blog\/\",\"sameAs\":[\"https:\/\/www.facebook.com\/Incodema\",\"https:\/\/www.youtube.com\/channel\/UCmYQMRqdS3cfuNCHQ_9q-sg\"],\"logo\":{\"@type\":\"ImageObject\",\"@id\":\"http:\/\/www.incodema.edu.co\/blog\/#logo\",\"inLanguage\":\"es\",\"url\":\"http:\/\/www.incodema.edu.co\/blog\/wp-content\/uploads\/2018\/02\/escudo-218x218-1.png\",\"contentUrl\":\"http:\/\/www.incodema.edu.co\/blog\/wp-content\/uploads\/2018\/02\/escudo-218x218-1.png\",\"width\":218,\"height\":218,\"caption\":\"Colegio Inmaculado Coraz\\u00f3n de Mar\\u00eda\"},\"image\":{\"@id\":\"http:\/\/www.incodema.edu.co\/blog\/#logo\"}},{\"@type\":\"WebSite\",\"@id\":\"http:\/\/www.incodema.edu.co\/blog\/#website\",\"url\":\"http:\/\/www.incodema.edu.co\/blog\/\",\"name\":\"INCODEMA\",\"description\":\"COLEGIO INMACULADO CORAZ&Oacute;N DE MAR&Iacute;A\",\"publisher\":{\"@id\":\"http:\/\/www.incodema.edu.co\/blog\/#organization\"},\"potentialAction\":[{\"@type\":\"SearchAction\",\"target\":\"http:\/\/www.incodema.edu.co\/blog\/?s={search_term_string}\",\"query-input\":\"required name=search_term_string\"}],\"inLanguage\":\"es\"},{\"@type\":\"ImageObject\",\"@id\":\"http:\/\/www.incodema.edu.co\/blog\/fundadores-2\/#primaryimage\",\"inLanguage\":\"es\",\"url\":\"http:\/\/www.incodema.edu.co\/blog\/wp-content\/uploads\/2018\/02\/ENCABEZADO-PAGINA-NORMAL5.png\",\"contentUrl\":\"http:\/\/www.incodema.edu.co\/blog\/wp-content\/uploads\/2018\/02\/ENCABEZADO-PAGINA-NORMAL5.png\",\"width\":2418,\"height\":638,\"caption\":\"ENCABEZADO INCODEMA\"},{\"@type\":\"WebPage\",\"@id\":\"http:\/\/www.incodema.edu.co\/blog\/fundadores-2\/#webpage\",\"url\":\"http:\/\/www.incodema.edu.co\/blog\/fundadores-2\/\",\"name\":\"FUNDADORES - INCODEMA\",\"isPartOf\":{\"@id\":\"http:\/\/www.incodema.edu.co\/blog\/#website\"},\"primaryImageOfPage\":{\"@id\":\"http:\/\/www.incodema.edu.co\/blog\/fundadores-2\/#primaryimage\"},\"datePublished\":\"2018-02-21T00:56:35+00:00\",\"dateModified\":\"2020-05-30T17:23:42+00:00\",\"breadcrumb\":{\"@id\":\"http:\/\/www.incodema.edu.co\/blog\/fundadores-2\/#breadcrumb\"},\"inLanguage\":\"es\",\"potentialAction\":[{\"@type\":\"ReadAction\",\"target\":[\"http:\/\/www.incodema.edu.co\/blog\/fundadores-2\/\"]}]},{\"@type\":\"BreadcrumbList\",\"@id\":\"http:\/\/www.incodema.edu.co\/blog\/fundadores-2\/#breadcrumb\",\"itemListElement\":[{\"@type\":\"ListItem\",\"position\":1,\"item\":{\"@type\":\"WebPage\",\"@id\":\"http:\/\/www.incodema.edu.co\/blog\/\",\"url\":\"http:\/\/www.incodema.edu.co\/blog\/\",\"name\":\"Home\"}},{\"@type\":\"ListItem\",\"position\":2,\"item\":{\"@id\":\"http:\/\/www.incodema.edu.co\/blog\/fundadores-2\/#webpage\"}}]}]}<\/script>\n<!-- \/ Yoast SEO plugin. -->","_links":{"self":[{"href":"http:\/\/www.incodema.edu.co\/blog\/wp-json\/wp\/v2\/pages\/4161"}],"collection":[{"href":"http:\/\/www.incodema.edu.co\/blog\/wp-json\/wp\/v2\/pages"}],"about":[{"href":"http:\/\/www.incodema.edu.co\/blog\/wp-json\/wp\/v2\/types\/page"}],"author":[{"embeddable":true,"href":"http:\/\/www.incodema.edu.co\/blog\/wp-json\/wp\/v2\/users\/1"}],"replies":[{"embeddable":true,"href":"http:\/\/www.incodema.edu.co\/blog\/wp-json\/wp\/v2\/comments?post=4161"}],"version-history":[{"count":7,"href":"http:\/\/www.incodema.edu.co\/blog\/wp-json\/wp\/v2\/pages\/4161\/revisions"}],"predecessor-version":[{"id":5227,"href":"http:\/\/www.incodema.edu.co\/blog\/wp-json\/wp\/v2\/pages\/4161\/revisions\/5227"}],"wp:featuredmedia":[{"embeddable":true,"href":"http:\/\/www.incodema.edu.co\/blog\/wp-json\/wp\/v2\/media\/4126"}],"wp:attachment":[{"href":"http:\/\/www.incodema.edu.co\/blog\/wp-json\/wp\/v2\/media?parent=4161"}],"curies":[{"name":"wp","href":"https:\/\/api.w.org\/{rel}","templated":true}]}}