{"id":4227,"date":"2018-02-21T10:23:40","date_gmt":"2018-02-21T15:23:40","guid":{"rendered":"http:\/\/fmanieves.org\/incodema4\/?page_id=4227"},"modified":"2020-07-27T08:36:41","modified_gmt":"2020-07-27T13:36:41","slug":"areas","status":"publish","type":"page","link":"http:\/\/www.incodema.edu.co\/blog\/areas\/","title":{"rendered":"\u00c1REAS"},"content":{"rendered":"<p>[vc_row][vc_column][vc_custom_heading text=&#8221;\u00c1REAS DEL PLAN DE ESTUDIOS&#8221; font_container=&#8221;tag:h2|text_align:center|color:%230100a3&#8243; use_theme_fonts=&#8221;yes&#8221;][vc_column_text css=&#8221;.vc_custom_1593031465616{padding-right: 8% !important;padding-left: 8% !important;}&#8221;]<\/p>\n<p style=\"text-align: center; font-size: 25px;\"><em><strong>Construimos, desarrollamos y recreamos un plan de estudios en donde las \u00e1reas se estructuran en un proyecto pedag\u00f3gico propio, articulando secuencial, progresivo e integrado, de preescolar a grado und\u00e9cimo.<\/strong><\/em><\/p>\n<p>[\/vc_column_text][\/vc_column][\/vc_row][vc_row][vc_column][vc_row_inner][vc_column_inner width=&#8221;1\/3&#8243;][vc_single_image image=&#8221;5267&#8243; img_size=&#8221;full&#8221; onclick=&#8221;custom_link&#8221; css=&#8221;.vc_custom_1593055229199{padding-top: 10% !important;padding-right: 10% !important;padding-bottom: 10% !important;padding-left: 10% !important;}&#8221; el_class=&#8221; iconoinferior&#8221; link=&#8221;http:\/\/www.incodema.edu.co\/blog\/ciencias-naturales\/&#8221;][\/vc_column_inner][vc_column_inner width=&#8221;1\/3&#8243;][vc_single_image image=&#8221;5271&#8243; img_size=&#8221;full&#8221; onclick=&#8221;custom_link&#8221; css=&#8221;.vc_custom_1593055260924{padding-top: 10% !important;padding-right: 10% !important;padding-bottom: 10% !important;padding-left: 10% !important;}&#8221; el_class=&#8221; iconoinferior&#8221; link=&#8221;http:\/\/www.incodema.edu.co\/blog\/incodema\/ciencias-sociales\/&#8221;][\/vc_column_inner][vc_column_inner width=&#8221;1\/3&#8243;][vc_single_image image=&#8221;5279&#8243; img_size=&#8221;full&#8221; onclick=&#8221;custom_link&#8221; css=&#8221;.vc_custom_1593055291815{padding-top: 10% !important;padding-right: 10% !important;padding-bottom: 10% !important;padding-left: 10% !important;}&#8221; el_class=&#8221; iconoinferior&#8221; link=&#8221;http:\/\/www.incodema.edu.co\/blog\/educacion-artistica\/&#8221;][\/vc_column_inner][\/vc_row_inner][vc_row_inner][vc_column_inner width=&#8221;1\/3&#8243;][vc_single_image image=&#8221;5284&#8243; img_size=&#8221;full&#8221; onclick=&#8221;custom_link&#8221; css=&#8221;.vc_custom_1593055321612{padding-top: 10% !important;padding-right: 10% !important;padding-bottom: 10% !important;padding-left: 10% !important;}&#8221; el_class=&#8221; iconoinferior&#8221; link=&#8221;http:\/\/www.incodema.edu.co\/blog\/educacion-fisica\/&#8221;][\/vc_column_inner][vc_column_inner width=&#8221;1\/3&#8243;][vc_single_image image=&#8221;5285&#8243; img_size=&#8221;full&#8221; onclick=&#8221;custom_link&#8221; css=&#8221;.vc_custom_1593055364069{padding-top: 10% !important;padding-right: 10% !important;padding-bottom: 10% !important;padding-left: 10% !important;}&#8221; el_class=&#8221; iconoinferior&#8221; link=&#8221;http:\/\/www.incodema.edu.co\/blog\/educacion-religiosa\/&#8221;][\/vc_column_inner][vc_column_inner width=&#8221;1\/3&#8243;][vc_single_image image=&#8221;5286&#8243; img_size=&#8221;full&#8221; onclick=&#8221;custom_link&#8221; css=&#8221;.vc_custom_1593055817267{padding-top: 10% !important;padding-right: 10% !important;padding-bottom: 10% !important;padding-left: 10% !important;}&#8221; el_class=&#8221; iconoinferior&#8221; link=&#8221;http:\/\/www.incodema.edu.co\/blog\/4268-2\/&#8221;][\/vc_column_inner][\/vc_row_inner][vc_row_inner][vc_column_inner width=&#8221;1\/3&#8243;][vc_single_image image=&#8221;5288&#8243; img_size=&#8221;full&#8221; onclick=&#8221;custom_link&#8221; css=&#8221;.vc_custom_1593055915810{padding-top: 10% !important;padding-right: 10% !important;padding-bottom: 10% !important;padding-left: 10% !important;}&#8221; el_class=&#8221; iconoinferior&#8221; link=&#8221;http:\/\/www.incodema.edu.co\/blog\/lengua-castellana\/&#8221;][\/vc_column_inner][vc_column_inner width=&#8221;1\/3&#8243;][vc_single_image image=&#8221;5289&#8243; img_size=&#8221;full&#8221; onclick=&#8221;custom_link&#8221; css=&#8221;.vc_custom_1593055517266{padding-top: 10% !important;padding-right: 10% !important;padding-bottom: 10% !important;padding-left: 10% !important;}&#8221; el_class=&#8221; iconoinferior&#8221; link=&#8221;http:\/\/www.incodema.edu.co\/blog\/lengua-extranjera-ingles\/&#8221;][\/vc_column_inner][vc_column_inner width=&#8221;1\/3&#8243;][vc_single_image image=&#8221;5290&#8243; img_size=&#8221;full&#8221; onclick=&#8221;custom_link&#8221; css=&#8221;.vc_custom_1593055980979{padding-top: 10% !important;padding-right: 10% !important;padding-bottom: 10% !important;padding-left: 10% !important;}&#8221; el_class=&#8221; iconoinferior&#8221; link=&#8221;http:\/\/www.incodema.edu.co\/blog\/matematicas\/&#8221;][\/vc_column_inner][\/vc_row_inner][vc_row_inner][vc_column_inner width=&#8221;1\/3&#8243;][vc_single_image image=&#8221;5291&#8243; img_size=&#8221;full&#8221; onclick=&#8221;custom_link&#8221; css=&#8221;.vc_custom_1593055595606{padding-top: 10% !important;padding-right: 10% !important;padding-bottom: 10% !important;padding-left: 10% !important;}&#8221; el_class=&#8221; iconoinferior&#8221; link=&#8221;http:\/\/www.incodema.edu.co\/blog\/tecnologia-e-informatica\/&#8221;][\/vc_column_inner][vc_column_inner width=&#8221;1\/3&#8243;][vc_single_image image=&#8221;5381&#8243; img_size=&#8221;full&#8221; onclick=&#8221;custom_link&#8221; css=&#8221;.vc_custom_1593206990586{padding-top: 10% !important;padding-right: 10% !important;padding-bottom: 10% !important;padding-left: 10% !important;}&#8221; el_class=&#8221; iconoinferior&#8221; link=&#8221;http:\/\/www.incodema.edu.co\/blog\/preescolar-2\/&#8221;][\/vc_column_inner][vc_column_inner width=&#8221;1\/3&#8243;][vc_single_image image=&#8221;5443&#8243; img_size=&#8221;full&#8221; onclick=&#8221;custom_link&#8221; css=&#8221;.vc_custom_1595856993151{padding-top: 10% !important;padding-right: 10% !important;padding-bottom: 10% !important;padding-left: 10% !important;}&#8221; el_class=&#8221; iconoinferior&#8221; link=&#8221;http:\/\/www.incodema.edu.co\/blog\/area-de-orientacion-profesional\/&#8221;][\/vc_column_inner][\/vc_row_inner][\/vc_column][\/vc_row][vc_row][vc_column][vc_column_text]<\/p>\n<p>[\/vc_column_text][\/vc_column][\/vc_row][vc_row disable_element=&#8221;yes&#8221;][vc_column][vc_row_inner][vc_column_inner width=&#8221;2\/12&#8243;][\/vc_column_inner][vc_column_inner width=&#8221;4\/12&#8243;][vc_single_image image=&#8221;4852&#8243; img_size=&#8221;full&#8221; onclick=&#8221;custom_link&#8221; link=&#8221;http:\/\/www.incodema.edu.co\/blog\/area-de-desarrollohumano\/&#8221; el_class=&#8221;botonprincipal2&#8243;][\/vc_column_inner][vc_column_inner width=&#8221;1\/12&#8243; css=&#8221;.vc_custom_1519613576492{background-color: #ffffff !important;}&#8221;][\/vc_column_inner][vc_column_inner width=&#8221;4\/12&#8243;][vc_single_image image=&#8221;4796&#8243; img_size=&#8221;full&#8221; onclick=&#8221;custom_link&#8221; link=&#8221;http:\/\/www.incodema.edu.co\/blog\/incodema\/preescolar\/&#8221; el_class=&#8221;botonprincipal2&#8243;][\/vc_column_inner][vc_column_inner width=&#8221;1\/12&#8243;][\/vc_column_inner][\/vc_row_inner][\/vc_column][\/vc_row][vc_row disable_element=&#8221;yes&#8221;][vc_column][vc_row_inner][vc_column_inner width=&#8221;2\/12&#8243;][\/vc_column_inner][vc_column_inner width=&#8221;4\/12&#8243;][vc_single_image image=&#8221;4862&#8243; img_size=&#8221;full&#8221; onclick=&#8221;custom_link&#8221; link=&#8221;http:\/\/www.incodema.edu.co\/blog\/area-de-orientacion-profesional\/&#8221; el_class=&#8221;botonprincipal2&#8243;][\/vc_column_inner][vc_column_inner width=&#8221;1\/12&#8243; css=&#8221;.vc_custom_1519613576492{background-color: #ffffff !important;}&#8221;][\/vc_column_inner][vc_column_inner width=&#8221;4\/12&#8243;][\/vc_column_inner][vc_column_inner width=&#8221;1\/12&#8243;][\/vc_column_inner][\/vc_row_inner][\/vc_column][\/vc_row]<\/p>\n<div class='campos'>","protected":false},"excerpt":{"rendered":"<p>[vc_row][vc_column][vc_custom_heading text=&#8221;\u00c1REAS DEL PLAN DE ESTUDIOS&#8221; font_container=&#8221;tag:h2|text_align:center|color:%230100a3&#8243; use_theme_fonts=&#8221;yes&#8221;][vc_column_text css=&#8221;.vc_custom_1593031465616{padding-right: 8% !important;padding-left: 8% !important;}&#8221;] Construimos, desarrollamos y recreamos un plan de estudios en donde las \u00e1reas se estructuran en un proyecto pedag\u00f3gico propio, articulando secuencial, progresivo e integrado, de preescolar a grado und\u00e9cimo. [\/vc_column_text][\/vc_column][\/vc_row][vc_row][vc_column][vc_row_inner][vc_column_inner width=&#8221;1\/3&#8243;][vc_single_image image=&#8221;5267&#8243; img_size=&#8221;full&#8221; onclick=&#8221;custom_link&#8221; css=&#8221;.vc_custom_1593055229199{padding-top: 10% !important;padding-right: 10% !important;padding-bottom: 10% !important;padding-left: 10% [&hellip;]<\/p>\n","protected":false},"author":1,"featured_media":4126,"parent":0,"menu_order":0,"comment_status":"closed","ping_status":"closed","template":"","meta":[],"yoast_head":"<!-- This site is optimized with the Yoast SEO plugin v16.2 - https:\/\/yoast.com\/wordpress\/plugins\/seo\/ -->\n<meta name=\"robots\" content=\"index, follow, max-snippet:-1, max-image-preview:large, max-video-preview:-1\" \/>\n<link rel=\"canonical\" href=\"http:\/\/www.incodema.edu.co\/blog\/areas\/\" \/>\n<meta property=\"og:locale\" content=\"es_ES\" \/>\n<meta property=\"og:type\" content=\"article\" \/>\n<meta property=\"og:title\" content=\"\u00c1REAS - INCODEMA\" \/>\n<meta property=\"og:description\" content=\"[vc_row][vc_column][vc_custom_heading text=&#8221;\u00c1REAS DEL PLAN DE ESTUDIOS&#8221; font_container=&#8221;tag:h2|text_align:center|color:%230100a3&#8243; use_theme_fonts=&#8221;yes&#8221;][vc_column_text css=&#8221;.vc_custom_1593031465616{padding-right: 8% !important;padding-left: 8% !important;}&#8221;] Construimos, desarrollamos y recreamos un plan de estudios en donde las \u00e1reas se estructuran en un proyecto pedag\u00f3gico propio, articulando secuencial, progresivo e integrado, de preescolar a grado und\u00e9cimo. [\/vc_column_text][\/vc_column][\/vc_row][vc_row][vc_column][vc_row_inner][vc_column_inner width=&#8221;1\/3&#8243;][vc_single_image image=&#8221;5267&#8243; img_size=&#8221;full&#8221; onclick=&#8221;custom_link&#8221; css=&#8221;.vc_custom_1593055229199{padding-top: 10% !important;padding-right: 10% !important;padding-bottom: 10% !important;padding-left: 10% [&hellip;]\" \/>\n<meta property=\"og:url\" content=\"http:\/\/www.incodema.edu.co\/blog\/areas\/\" \/>\n<meta property=\"og:site_name\" content=\"INCODEMA\" \/>\n<meta property=\"article:publisher\" content=\"https:\/\/www.facebook.com\/Incodema\" \/>\n<meta property=\"article:modified_time\" content=\"2020-07-27T13:36:41+00:00\" \/>\n<meta property=\"og:image\" content=\"http:\/\/www.incodema.edu.co\/blog\/wp-content\/uploads\/2018\/02\/ENCABEZADO-PAGINA-NORMAL5.png\" \/>\n\t<meta property=\"og:image:width\" content=\"2418\" \/>\n\t<meta property=\"og:image:height\" content=\"638\" \/>\n<meta name=\"twitter:card\" content=\"summary_large_image\" \/>\n<meta name=\"twitter:label1\" content=\"Tiempo de lectura\">\n\t<meta name=\"twitter:data1\" content=\"4 minutos\">\n<script type=\"application\/ld+json\" class=\"yoast-schema-graph\">{\"@context\":\"https:\/\/schema.org\",\"@graph\":[{\"@type\":\"Organization\",\"@id\":\"http:\/\/www.incodema.edu.co\/blog\/#organization\",\"name\":\"Colegio Inmaculado Coraz\\u00f3n de Mar\\u00eda\",\"url\":\"http:\/\/www.incodema.edu.co\/blog\/\",\"sameAs\":[\"https:\/\/www.facebook.com\/Incodema\",\"https:\/\/www.youtube.com\/channel\/UCmYQMRqdS3cfuNCHQ_9q-sg\"],\"logo\":{\"@type\":\"ImageObject\",\"@id\":\"http:\/\/www.incodema.edu.co\/blog\/#logo\",\"inLanguage\":\"es\",\"url\":\"http:\/\/www.incodema.edu.co\/blog\/wp-content\/uploads\/2018\/02\/escudo-218x218-1.png\",\"contentUrl\":\"http:\/\/www.incodema.edu.co\/blog\/wp-content\/uploads\/2018\/02\/escudo-218x218-1.png\",\"width\":218,\"height\":218,\"caption\":\"Colegio Inmaculado Coraz\\u00f3n de Mar\\u00eda\"},\"image\":{\"@id\":\"http:\/\/www.incodema.edu.co\/blog\/#logo\"}},{\"@type\":\"WebSite\",\"@id\":\"http:\/\/www.incodema.edu.co\/blog\/#website\",\"url\":\"http:\/\/www.incodema.edu.co\/blog\/\",\"name\":\"INCODEMA\",\"description\":\"COLEGIO INMACULADO CORAZ&Oacute;N DE MAR&Iacute;A\",\"publisher\":{\"@id\":\"http:\/\/www.incodema.edu.co\/blog\/#organization\"},\"potentialAction\":[{\"@type\":\"SearchAction\",\"target\":\"http:\/\/www.incodema.edu.co\/blog\/?s={search_term_string}\",\"query-input\":\"required name=search_term_string\"}],\"inLanguage\":\"es\"},{\"@type\":\"ImageObject\",\"@id\":\"http:\/\/www.incodema.edu.co\/blog\/areas\/#primaryimage\",\"inLanguage\":\"es\",\"url\":\"http:\/\/www.incodema.edu.co\/blog\/wp-content\/uploads\/2018\/02\/ENCABEZADO-PAGINA-NORMAL5.png\",\"contentUrl\":\"http:\/\/www.incodema.edu.co\/blog\/wp-content\/uploads\/2018\/02\/ENCABEZADO-PAGINA-NORMAL5.png\",\"width\":2418,\"height\":638,\"caption\":\"ENCABEZADO INCODEMA\"},{\"@type\":\"WebPage\",\"@id\":\"http:\/\/www.incodema.edu.co\/blog\/areas\/#webpage\",\"url\":\"http:\/\/www.incodema.edu.co\/blog\/areas\/\",\"name\":\"\\u00c1REAS - INCODEMA\",\"isPartOf\":{\"@id\":\"http:\/\/www.incodema.edu.co\/blog\/#website\"},\"primaryImageOfPage\":{\"@id\":\"http:\/\/www.incodema.edu.co\/blog\/areas\/#primaryimage\"},\"datePublished\":\"2018-02-21T15:23:40+00:00\",\"dateModified\":\"2020-07-27T13:36:41+00:00\",\"breadcrumb\":{\"@id\":\"http:\/\/www.incodema.edu.co\/blog\/areas\/#breadcrumb\"},\"inLanguage\":\"es\",\"potentialAction\":[{\"@type\":\"ReadAction\",\"target\":[\"http:\/\/www.incodema.edu.co\/blog\/areas\/\"]}]},{\"@type\":\"BreadcrumbList\",\"@id\":\"http:\/\/www.incodema.edu.co\/blog\/areas\/#breadcrumb\",\"itemListElement\":[{\"@type\":\"ListItem\",\"position\":1,\"item\":{\"@type\":\"WebPage\",\"@id\":\"http:\/\/www.incodema.edu.co\/blog\/\",\"url\":\"http:\/\/www.incodema.edu.co\/blog\/\",\"name\":\"Home\"}},{\"@type\":\"ListItem\",\"position\":2,\"item\":{\"@id\":\"http:\/\/www.incodema.edu.co\/blog\/areas\/#webpage\"}}]}]}<\/script>\n<!-- \/ Yoast SEO plugin. -->","_links":{"self":[{"href":"http:\/\/www.incodema.edu.co\/blog\/wp-json\/wp\/v2\/pages\/4227"}],"collection":[{"href":"http:\/\/www.incodema.edu.co\/blog\/wp-json\/wp\/v2\/pages"}],"about":[{"href":"http:\/\/www.incodema.edu.co\/blog\/wp-json\/wp\/v2\/types\/page"}],"author":[{"embeddable":true,"href":"http:\/\/www.incodema.edu.co\/blog\/wp-json\/wp\/v2\/users\/1"}],"replies":[{"embeddable":true,"href":"http:\/\/www.incodema.edu.co\/blog\/wp-json\/wp\/v2\/comments?post=4227"}],"version-history":[{"count":17,"href":"http:\/\/www.incodema.edu.co\/blog\/wp-json\/wp\/v2\/pages\/4227\/revisions"}],"predecessor-version":[{"id":5444,"href":"http:\/\/www.incodema.edu.co\/blog\/wp-json\/wp\/v2\/pages\/4227\/revisions\/5444"}],"wp:featuredmedia":[{"embeddable":true,"href":"http:\/\/www.incodema.edu.co\/blog\/wp-json\/wp\/v2\/media\/4126"}],"wp:attachment":[{"href":"http:\/\/www.incodema.edu.co\/blog\/wp-json\/wp\/v2\/media?parent=4227"}],"curies":[{"name":"wp","href":"https:\/\/api.w.org\/{rel}","templated":true}]}}