{"id":4233,"date":"2018-02-21T10:26:43","date_gmt":"2018-02-21T15:26:43","guid":{"rendered":"http:\/\/fmanieves.org\/incodema4\/?page_id=4233"},"modified":"2020-06-10T09:32:05","modified_gmt":"2020-06-10T14:32:05","slug":"optativas-2","status":"publish","type":"page","link":"http:\/\/www.incodema.edu.co\/blog\/optativas-2\/","title":{"rendered":"OPTATIVAS"},"content":{"rendered":"<p>[vc_row][vc_column][vc_custom_heading text=&#8221;\u00c1REA DE EDUCACI\u00d3N ART\u00cdSTICA&#8221; font_container=&#8221;tag:h2|font_size:40|text_align:center|color:rgba(141%2C56%2C226%2C0.69)|line_height:1&#8243; use_theme_fonts=&#8221;yes&#8221;][vc_custom_heading text=&#8221;ASIGNATURAS ELECTIVAS&#8221; font_container=&#8221;tag:h2|font_size:40|text_align:center|color:rgba(180%2C133%2C226%2C0.69)|line_height:1&#8243; use_theme_fonts=&#8221;yes&#8221;][vc_empty_space][vc_row_inner][vc_column_inner width=&#8221;1\/6&#8243;][\/vc_column_inner][vc_column_inner width=&#8221;2\/3&#8243;][vc_column_text]<\/p>\n<p style=\"text-align: justify;\">En el Colegio Inmaculado Coraz\u00f3n de Mar\u00eda \u2013 Misioneras Claretianas, cuando el estudiante est\u00e1 cursando grado quinto, se le ofrece a partir de grado sexto, hasta culminar su bachillerato en grado und\u00e9cimo, la posibilidad de elegir desde el \u00e1rea de Educaci\u00f3n Art\u00edstica una de las siguientes asignaturas: M\u00fasica, Danzas y Artes Pl\u00e1sticas.<br \/>\nCon estas asignaturas de libre elecci\u00f3n el \u00e1rea de Educaci\u00f3n Art\u00edstica pretende que cada estudiante descubra de acuerdo a sus posibilidades y potencialidades hacia donde debe enrutar su sensibilidad y talento art\u00edstico, reconoci\u00e9ndolo como parte de su realizaci\u00f3n personal y como don de Dios que est\u00e1 llamado a compartir y proyectar a los dem\u00e1s, especialmente a aquellos que carecen de estas oportunidades.<\/p>\n<p>[\/vc_column_text][\/vc_column_inner][vc_column_inner width=&#8221;1\/6&#8243;][\/vc_column_inner][\/vc_row_inner][\/vc_column][\/vc_row][vc_row][vc_column width=&#8221;2\/6&#8243;][\/vc_column][vc_column width=&#8221;3\/6&#8243;][vc_custom_heading text=&#8221;M\u00daSICA&#8221; font_container=&#8221;tag:h2|font_size:40|text_align:left|color:rgba(141%2C56%2C226%2C0.69)|line_height:1&#8243; use_theme_fonts=&#8221;yes&#8221;][vc_column_text]<\/p>\n<ul>\n<li>Formar en historia, teor\u00eda y pr\u00e1ctica de la m\u00fasica en los diversos g\u00e9neros.<\/li>\n<li>Preparar en gram\u00e1tica, armon\u00eda, arreglos y ensambles orquestales.<\/li>\n<li>Descubrir talentos musicales y prepararles a nivel te\u00f3rico-pr\u00e1ctico como instrumentistas y cantantes.<\/li>\n<li>Estar en capacidad de hacer montajes de temas y proyectarlos a la Comunidad Educativa y a otras instituciones.<\/li>\n<li>Formar a los estudiantes que se destaquen en esta disciplina para que integren y fortalezcan los grupos institucionales de Coro, Orquesta infantil, Orquesta Juvenil y Banda M\u00fasico Marcial.<\/li>\n<\/ul>\n<p>[\/vc_column_text][\/vc_column][vc_column width=&#8221;1\/6&#8243;][\/vc_column][\/vc_row][vc_row][vc_column width=&#8221;2\/6&#8243;][\/vc_column][vc_column width=&#8221;3\/6&#8243;][vc_custom_heading text=&#8221;DANZAS &#8221; font_container=&#8221;tag:h2|font_size:40|text_align:left|color:rgba(141%2C56%2C226%2C0.69)&#8221; use_theme_fonts=&#8221;yes&#8221;][vc_column_text]<\/p>\n<ul>\n<li>Expresar ideas, emociones y sentimientos a trav\u00e9s de la expresi\u00f3n corporal.<\/li>\n<li>Formar a nivel te\u00f3rico pr\u00e1ctico en la danza, para que el estudiante sea capaz de elaborar coreograf\u00edas acordes a diferentes ritmos musicales.<\/li>\n<li>Preparar sobre una visi\u00f3n amplia y profunda de danza colombiana, contempor\u00e1nea e internacional.<\/li>\n<li>Comunicar el lenguaje art\u00edstico a trav\u00e9s de los movimientos propios de las diferentes danzas, de acuerdo a las distintas regiones o pa\u00edses.<\/li>\n<li>Descubrir talentos a nivel de las danzas y prepararles para fortalecer los grupos institucionales de esta disciplina.<\/li>\n<li>Estar en capacidad de realizar montajes de danza y coreograf\u00eda y proyectarlos a la Comunidad Educativa y a otras instituciones.<\/li>\n<\/ul>\n<p>[\/vc_column_text][\/vc_column][vc_column width=&#8221;1\/6&#8243;][\/vc_column][\/vc_row][vc_row][vc_column width=&#8221;2\/6&#8243;][\/vc_column][vc_column width=&#8221;3\/6&#8243;][vc_custom_heading text=&#8221;ARTES PL\u00c1STICAS &#8221; font_container=&#8221;tag:h2|font_size:40|text_align:left|color:rgba(141%2C56%2C226%2C0.69)&#8221; use_theme_fonts=&#8221;yes&#8221;][vc_column_text]<\/p>\n<ul>\n<li style=\"text-align: justify;\">Formar en conceptos, t\u00e9cnica y desarrollo de la pr\u00e1ctica art\u00edstica.<\/li>\n<li style=\"text-align: justify;\">Aplicar diversas t\u00e9cnicas pl\u00e1sticas a trav\u00e9s de las cuales los estudiantes se expresen y se comuniquen.<\/li>\n<li style=\"text-align: justify;\">Seleccionar las t\u00e9cnicas o formas de las artes pl\u00e1sticas, de acuerdo a sus propias habilidades, para<\/li>\n<li style=\"text-align: justify;\">definir el campo m\u00e1s acertado en su futura decisi\u00f3n personal y profesional.<\/li>\n<li style=\"text-align: justify;\">Elaborar variedad de muestras como afiches, pancartas, pendones, murales, tr\u00edpticos, folletos, cuadros y otros para realizar concursos y exposiciones de estos materiales.<\/li>\n<\/ul>\n<p>[\/vc_column_text][\/vc_column][vc_column width=&#8221;1\/6&#8243;][\/vc_column][\/vc_row]<\/p>\n<div class='campos'>","protected":false},"excerpt":{"rendered":"<p>[vc_row][vc_column][vc_custom_heading text=&#8221;\u00c1REA DE EDUCACI\u00d3N ART\u00cdSTICA&#8221; font_container=&#8221;tag:h2|font_size:40|text_align:center|color:rgba(141%2C56%2C226%2C0.69)|line_height:1&#8243; use_theme_fonts=&#8221;yes&#8221;][vc_custom_heading text=&#8221;ASIGNATURAS ELECTIVAS&#8221; font_container=&#8221;tag:h2|font_size:40|text_align:center|color:rgba(180%2C133%2C226%2C0.69)|line_height:1&#8243; use_theme_fonts=&#8221;yes&#8221;][vc_empty_space][vc_row_inner][vc_column_inner width=&#8221;1\/6&#8243;][\/vc_column_inner][vc_column_inner width=&#8221;2\/3&#8243;][vc_column_text] En el Colegio Inmaculado Coraz\u00f3n de Mar\u00eda \u2013 Misioneras Claretianas, cuando el estudiante est\u00e1 cursando grado quinto, se le ofrece a partir de grado sexto, hasta culminar su bachillerato en grado und\u00e9cimo, la posibilidad de elegir desde el \u00e1rea de Educaci\u00f3n Art\u00edstica [&hellip;]<\/p>\n","protected":false},"author":1,"featured_media":4126,"parent":0,"menu_order":0,"comment_status":"closed","ping_status":"closed","template":"","meta":[],"yoast_head":"<!-- This site is optimized with the Yoast SEO plugin v16.2 - https:\/\/yoast.com\/wordpress\/plugins\/seo\/ -->\n<meta name=\"robots\" content=\"index, follow, max-snippet:-1, max-image-preview:large, max-video-preview:-1\" \/>\n<link rel=\"canonical\" href=\"http:\/\/www.incodema.edu.co\/blog\/optativas-2\/\" \/>\n<meta property=\"og:locale\" content=\"es_ES\" \/>\n<meta property=\"og:type\" content=\"article\" \/>\n<meta property=\"og:title\" content=\"OPTATIVAS - INCODEMA\" \/>\n<meta property=\"og:description\" content=\"[vc_row][vc_column][vc_custom_heading text=&#8221;\u00c1REA DE EDUCACI\u00d3N ART\u00cdSTICA&#8221; font_container=&#8221;tag:h2|font_size:40|text_align:center|color:rgba(141%2C56%2C226%2C0.69)|line_height:1&#8243; use_theme_fonts=&#8221;yes&#8221;][vc_custom_heading text=&#8221;ASIGNATURAS ELECTIVAS&#8221; font_container=&#8221;tag:h2|font_size:40|text_align:center|color:rgba(180%2C133%2C226%2C0.69)|line_height:1&#8243; use_theme_fonts=&#8221;yes&#8221;][vc_empty_space][vc_row_inner][vc_column_inner width=&#8221;1\/6&#8243;][\/vc_column_inner][vc_column_inner width=&#8221;2\/3&#8243;][vc_column_text] En el Colegio Inmaculado Coraz\u00f3n de Mar\u00eda \u2013 Misioneras Claretianas, cuando el estudiante est\u00e1 cursando grado quinto, se le ofrece a partir de grado sexto, hasta culminar su bachillerato en grado und\u00e9cimo, la posibilidad de elegir desde el \u00e1rea de Educaci\u00f3n Art\u00edstica [&hellip;]\" \/>\n<meta property=\"og:url\" content=\"http:\/\/www.incodema.edu.co\/blog\/optativas-2\/\" \/>\n<meta property=\"og:site_name\" content=\"INCODEMA\" \/>\n<meta property=\"article:publisher\" content=\"https:\/\/www.facebook.com\/Incodema\" \/>\n<meta property=\"article:modified_time\" content=\"2020-06-10T14:32:05+00:00\" \/>\n<meta property=\"og:image\" content=\"http:\/\/www.incodema.edu.co\/blog\/wp-content\/uploads\/2018\/02\/ENCABEZADO-PAGINA-NORMAL5.png\" \/>\n\t<meta property=\"og:image:width\" content=\"2418\" \/>\n\t<meta property=\"og:image:height\" content=\"638\" \/>\n<meta name=\"twitter:card\" content=\"summary_large_image\" \/>\n<meta name=\"twitter:label1\" content=\"Tiempo de lectura\">\n\t<meta name=\"twitter:data1\" content=\"3 minutos\">\n<script type=\"application\/ld+json\" class=\"yoast-schema-graph\">{\"@context\":\"https:\/\/schema.org\",\"@graph\":[{\"@type\":\"Organization\",\"@id\":\"https:\/\/www.incodema.edu.co\/blog\/#organization\",\"name\":\"Colegio Inmaculado Coraz\\u00f3n de Mar\\u00eda\",\"url\":\"https:\/\/www.incodema.edu.co\/blog\/\",\"sameAs\":[\"https:\/\/www.facebook.com\/Incodema\",\"https:\/\/www.youtube.com\/channel\/UCmYQMRqdS3cfuNCHQ_9q-sg\"],\"logo\":{\"@type\":\"ImageObject\",\"@id\":\"https:\/\/www.incodema.edu.co\/blog\/#logo\",\"inLanguage\":\"es\",\"url\":\"http:\/\/www.incodema.edu.co\/blog\/wp-content\/uploads\/2018\/02\/escudo-218x218-1.png\",\"contentUrl\":\"http:\/\/www.incodema.edu.co\/blog\/wp-content\/uploads\/2018\/02\/escudo-218x218-1.png\",\"width\":218,\"height\":218,\"caption\":\"Colegio Inmaculado Coraz\\u00f3n de Mar\\u00eda\"},\"image\":{\"@id\":\"https:\/\/www.incodema.edu.co\/blog\/#logo\"}},{\"@type\":\"WebSite\",\"@id\":\"https:\/\/www.incodema.edu.co\/blog\/#website\",\"url\":\"https:\/\/www.incodema.edu.co\/blog\/\",\"name\":\"INCODEMA\",\"description\":\"COLEGIO INMACULADO CORAZ&Oacute;N DE MAR&Iacute;A\",\"publisher\":{\"@id\":\"https:\/\/www.incodema.edu.co\/blog\/#organization\"},\"potentialAction\":[{\"@type\":\"SearchAction\",\"target\":\"https:\/\/www.incodema.edu.co\/blog\/?s={search_term_string}\",\"query-input\":\"required name=search_term_string\"}],\"inLanguage\":\"es\"},{\"@type\":\"ImageObject\",\"@id\":\"http:\/\/www.incodema.edu.co\/blog\/optativas-2\/#primaryimage\",\"inLanguage\":\"es\",\"url\":\"http:\/\/www.incodema.edu.co\/blog\/wp-content\/uploads\/2018\/02\/ENCABEZADO-PAGINA-NORMAL5.png\",\"contentUrl\":\"http:\/\/www.incodema.edu.co\/blog\/wp-content\/uploads\/2018\/02\/ENCABEZADO-PAGINA-NORMAL5.png\",\"width\":2418,\"height\":638,\"caption\":\"ENCABEZADO INCODEMA\"},{\"@type\":\"WebPage\",\"@id\":\"http:\/\/www.incodema.edu.co\/blog\/optativas-2\/#webpage\",\"url\":\"http:\/\/www.incodema.edu.co\/blog\/optativas-2\/\",\"name\":\"OPTATIVAS - INCODEMA\",\"isPartOf\":{\"@id\":\"https:\/\/www.incodema.edu.co\/blog\/#website\"},\"primaryImageOfPage\":{\"@id\":\"http:\/\/www.incodema.edu.co\/blog\/optativas-2\/#primaryimage\"},\"datePublished\":\"2018-02-21T15:26:43+00:00\",\"dateModified\":\"2020-06-10T14:32:05+00:00\",\"breadcrumb\":{\"@id\":\"http:\/\/www.incodema.edu.co\/blog\/optativas-2\/#breadcrumb\"},\"inLanguage\":\"es\",\"potentialAction\":[{\"@type\":\"ReadAction\",\"target\":[\"http:\/\/www.incodema.edu.co\/blog\/optativas-2\/\"]}]},{\"@type\":\"BreadcrumbList\",\"@id\":\"http:\/\/www.incodema.edu.co\/blog\/optativas-2\/#breadcrumb\",\"itemListElement\":[{\"@type\":\"ListItem\",\"position\":1,\"item\":{\"@type\":\"WebPage\",\"@id\":\"https:\/\/www.incodema.edu.co\/blog\/\",\"url\":\"https:\/\/www.incodema.edu.co\/blog\/\",\"name\":\"Home\"}},{\"@type\":\"ListItem\",\"position\":2,\"item\":{\"@id\":\"http:\/\/www.incodema.edu.co\/blog\/optativas-2\/#webpage\"}}]}]}<\/script>\n<!-- \/ Yoast SEO plugin. -->","_links":{"self":[{"href":"http:\/\/www.incodema.edu.co\/blog\/wp-json\/wp\/v2\/pages\/4233"}],"collection":[{"href":"http:\/\/www.incodema.edu.co\/blog\/wp-json\/wp\/v2\/pages"}],"about":[{"href":"http:\/\/www.incodema.edu.co\/blog\/wp-json\/wp\/v2\/types\/page"}],"author":[{"embeddable":true,"href":"http:\/\/www.incodema.edu.co\/blog\/wp-json\/wp\/v2\/users\/1"}],"replies":[{"embeddable":true,"href":"http:\/\/www.incodema.edu.co\/blog\/wp-json\/wp\/v2\/comments?post=4233"}],"version-history":[{"count":3,"href":"http:\/\/www.incodema.edu.co\/blog\/wp-json\/wp\/v2\/pages\/4233\/revisions"}],"predecessor-version":[{"id":5243,"href":"http:\/\/www.incodema.edu.co\/blog\/wp-json\/wp\/v2\/pages\/4233\/revisions\/5243"}],"wp:featuredmedia":[{"embeddable":true,"href":"http:\/\/www.incodema.edu.co\/blog\/wp-json\/wp\/v2\/media\/4126"}],"wp:attachment":[{"href":"http:\/\/www.incodema.edu.co\/blog\/wp-json\/wp\/v2\/media?parent=4233"}],"curies":[{"name":"wp","href":"https:\/\/api.w.org\/{rel}","templated":true}]}}