{"id":4243,"date":"2018-02-25T19:37:26","date_gmt":"2018-02-26T00:37:26","guid":{"rendered":"http:\/\/fmanieves.org\/incodema4\/?page_id=4243"},"modified":"2021-02-19T16:38:26","modified_gmt":"2021-02-19T21:38:26","slug":"educacion-artistica","status":"publish","type":"page","link":"http:\/\/www.incodema.edu.co\/blog\/educacion-artistica\/","title":{"rendered":"Educaci\u00f3n Art\u00edstica"},"content":{"rendered":"<p>[vc_row][vc_column width=&#8221;2\/3&#8243;][vc_single_image image=&#8221;5336&#8243; img_size=&#8221;full&#8221; css=&#8221;.vc_custom_1593052219343{padding-top: 0px !important;padding-bottom: 0px !important;}&#8221;][\/vc_column][vc_column width=&#8221;1\/3&#8243;][\/vc_column][\/vc_row][vc_row css=&#8221;.vc_custom_1593043392991{padding-right: 5% !important;padding-left: 5% !important;}&#8221;][vc_column][vc_custom_heading text=&#8221;Equipo de trabajo&#8221; font_container=&#8221;tag:h2|text_align:center&#8221; use_theme_fonts=&#8221;yes&#8221; css=&#8221;.vc_custom_1593042508803{padding-bottom: 10% !important;}&#8221;][vc_row_inner css=&#8221;.vc_custom_1593043065623{border: 4px solid rgba(226,226,226,0.53) !important;}&#8221;][vc_column_inner width=&#8221;1\/3&#8243;][vc_single_image image=&#8221;6024&#8243; img_size=&#8221;full&#8221; alignment=&#8221;center&#8221; style=&#8221;vc_box_circle_2&#8243;][vc_column_text]<strong>COORDINADORA DE \u00c1REA: <\/strong><br \/>\n<span style=\"color: #000000;\">Laura Prada Martin<\/span>[\/vc_column_text][\/vc_column_inner][vc_column_inner width=&#8221;1\/3&#8243;][vc_single_image image=&#8221;6039&#8243; img_size=&#8221;full&#8221; alignment=&#8221;center&#8221; style=&#8221;vc_box_circle_2&#8243;][vc_column_text]<strong>DOCENTE:<\/strong><br \/>\n<span style=\"color: #000000;\">Kelly Cer\u00f3n Ot\u00e1lora<\/span>[\/vc_column_text][\/vc_column_inner][vc_column_inner width=&#8221;1\/3&#8243;][vc_single_image image=&#8221;6025&#8243; img_size=&#8221;full&#8221; alignment=&#8221;center&#8221; style=&#8221;vc_box_circle_2&#8243;][vc_column_text]<strong>DOCENTE:<\/strong><br \/>\n<span style=\"color: #000000;\">Juli\u00e1n Cardona Berm\u00fadez<\/span>[\/vc_column_text][\/vc_column_inner][\/vc_row_inner][\/vc_column][\/vc_row][vc_row][vc_column width=&#8221;1\/2&#8243;][vc_row_inner css=&#8221;.vc_custom_1593045193592{padding-left: 5% !important;}&#8221;][vc_column_inner][vc_custom_heading text=&#8221; JUSTIFICACI\u00d3N<br \/>\n&#8221; use_theme_fonts=&#8221;yes&#8221; css=&#8221;.vc_custom_1593042978762{padding-top: 5% !important;padding-bottom: 3% !important;}&#8221;][vc_column_text]<\/p>\n<p style=\"text-align: justify;\">El \u00e1rea de Educaci\u00f3n Art\u00edstica, busca dignificar el papel del arte en formaci\u00f3n integral del ser humano, haciendo \u00e9nfasis en la construcci\u00f3n y vivencia de los valores propios del carisma claretiana como son: la autonom\u00eda, la sencillez, la responsabilidad, el compromiso, el sentido de pertenencia y la reflexi\u00f3n cr\u00edtica hacia la apreciaci\u00f3n y pr\u00e1ctica del lenguaje art\u00edstico, a trav\u00e9s de estrategias y actividades l\u00fadicas, din\u00e1micas y divertidas que permitan generar espacios en los cuales, los estudiantes claretianos desarrollen y muestren sus talentos y habilidades en el campo de las artes pl\u00e1sticas, el dise\u00f1o, la m\u00fasica, las danzas, mediante un proceso din\u00e1mico \u00a0de sensibilizaci\u00f3n\u00a0 que parta de una experiencia\u00a0 directa en la manipulaci\u00f3n de materiales , t\u00e9cnicas y y conceptos propios del arte, transformando y proyectando al ser humano en su proceso de construcci\u00f3n hacia una identidad propia, apoyada en la vida y ejemplo de Jes\u00fas<\/p>\n<p>[\/vc_column_text][\/vc_column_inner][\/vc_row_inner][\/vc_column][vc_column width=&#8221;1\/2&#8243;][vc_row_inner][vc_column_inner][vc_custom_heading text=&#8221;OBJETIVO<br \/>\n&#8221; use_theme_fonts=&#8221;yes&#8221; css=&#8221;.vc_custom_1593045359138{padding-top: 5% !important;padding-bottom: 3% !important;}&#8221;][vc_column_text]<\/p>\n<p style=\"text-align: justify;\">Ofrecer a los estudiantes a trav\u00e9s del aprendizaje significativo, el descubrimiento de habilidades en la formaci\u00f3n art\u00edstica desde los procesos de sensibilizaci\u00f3n, descubrimiento e interacci\u00f3n, proporcionando as\u00ed herramientas para su formaci\u00f3n integral en las asignaturas de <strong>M\u00fasica, Danzas y Artes pl\u00e1sticas.<\/strong><\/p>\n<p>[\/vc_column_text][\/vc_column_inner][\/vc_row_inner][\/vc_column][\/vc_row][vc_row full_width=&#8221;stretch_row&#8221; css=&#8221;.vc_custom_1593045482760{margin-top: 5% !important;margin-bottom: 5% !important;background-color: #01003a !important;}&#8221;][vc_column][vc_custom_heading text=&#8221;&#8221; font_container=&#8221;tag:h1|font_size:2rem|text_align:center|color:%23ffffff&#8221; google_fonts=&#8221;font_family:Permanent%20Marker%3Aregular|font_style:400%20regular%3A400%3Anormal&#8221;][\/vc_column][\/vc_row]<\/p>\n<div class='campos'>","protected":false},"excerpt":{"rendered":"<p>[vc_row][vc_column width=&#8221;2\/3&#8243;][vc_single_image image=&#8221;5336&#8243; img_size=&#8221;full&#8221; css=&#8221;.vc_custom_1593052219343{padding-top: 0px !important;padding-bottom: 0px !important;}&#8221;][\/vc_column][vc_column width=&#8221;1\/3&#8243;][\/vc_column][\/vc_row][vc_row css=&#8221;.vc_custom_1593043392991{padding-right: 5% !important;padding-left: 5% !important;}&#8221;][vc_column][vc_custom_heading text=&#8221;Equipo de trabajo&#8221; font_container=&#8221;tag:h2|text_align:center&#8221; use_theme_fonts=&#8221;yes&#8221; css=&#8221;.vc_custom_1593042508803{padding-bottom: 10% !important;}&#8221;][vc_row_inner css=&#8221;.vc_custom_1593043065623{border: 4px solid rgba(226,226,226,0.53) !important;}&#8221;][vc_column_inner width=&#8221;1\/3&#8243;][vc_single_image image=&#8221;6024&#8243; img_size=&#8221;full&#8221; alignment=&#8221;center&#8221; style=&#8221;vc_box_circle_2&#8243;][vc_column_text]COORDINADORA DE \u00c1REA: Laura Prada Martin[\/vc_column_text][\/vc_column_inner][vc_column_inner width=&#8221;1\/3&#8243;][vc_single_image image=&#8221;6039&#8243; img_size=&#8221;full&#8221; alignment=&#8221;center&#8221; style=&#8221;vc_box_circle_2&#8243;][vc_column_text]DOCENTE: Kelly Cer\u00f3n Ot\u00e1lora[\/vc_column_text][\/vc_column_inner][vc_column_inner width=&#8221;1\/3&#8243;][vc_single_image image=&#8221;6025&#8243; img_size=&#8221;full&#8221; alignment=&#8221;center&#8221; style=&#8221;vc_box_circle_2&#8243;][vc_column_text]DOCENTE: Juli\u00e1n Cardona Berm\u00fadez[\/vc_column_text][\/vc_column_inner][\/vc_row_inner][\/vc_column][\/vc_row][vc_row][vc_column width=&#8221;1\/2&#8243;][vc_row_inner [&hellip;]<\/p>\n","protected":false},"author":1,"featured_media":4126,"parent":0,"menu_order":0,"comment_status":"closed","ping_status":"closed","template":"","meta":[],"yoast_head":"<!-- This site is optimized with the Yoast SEO plugin v16.2 - https:\/\/yoast.com\/wordpress\/plugins\/seo\/ -->\n<meta name=\"robots\" content=\"index, follow, max-snippet:-1, max-image-preview:large, max-video-preview:-1\" \/>\n<link rel=\"canonical\" href=\"http:\/\/www.incodema.edu.co\/blog\/educacion-artistica\/\" \/>\n<meta property=\"og:locale\" content=\"es_ES\" \/>\n<meta property=\"og:type\" content=\"article\" \/>\n<meta property=\"og:title\" content=\"Educaci\u00f3n Art\u00edstica - INCODEMA\" \/>\n<meta property=\"og:description\" content=\"[vc_row][vc_column width=&#8221;2\/3&#8243;][vc_single_image image=&#8221;5336&#8243; img_size=&#8221;full&#8221; css=&#8221;.vc_custom_1593052219343{padding-top: 0px !important;padding-bottom: 0px !important;}&#8221;][\/vc_column][vc_column width=&#8221;1\/3&#8243;][\/vc_column][\/vc_row][vc_row css=&#8221;.vc_custom_1593043392991{padding-right: 5% !important;padding-left: 5% !important;}&#8221;][vc_column][vc_custom_heading text=&#8221;Equipo de trabajo&#8221; font_container=&#8221;tag:h2|text_align:center&#8221; use_theme_fonts=&#8221;yes&#8221; css=&#8221;.vc_custom_1593042508803{padding-bottom: 10% !important;}&#8221;][vc_row_inner css=&#8221;.vc_custom_1593043065623{border: 4px solid rgba(226,226,226,0.53) !important;}&#8221;][vc_column_inner width=&#8221;1\/3&#8243;][vc_single_image image=&#8221;6024&#8243; img_size=&#8221;full&#8221; alignment=&#8221;center&#8221; style=&#8221;vc_box_circle_2&#8243;][vc_column_text]COORDINADORA DE \u00c1REA: Laura Prada Martin[\/vc_column_text][\/vc_column_inner][vc_column_inner width=&#8221;1\/3&#8243;][vc_single_image image=&#8221;6039&#8243; img_size=&#8221;full&#8221; alignment=&#8221;center&#8221; style=&#8221;vc_box_circle_2&#8243;][vc_column_text]DOCENTE: Kelly Cer\u00f3n Ot\u00e1lora[\/vc_column_text][\/vc_column_inner][vc_column_inner width=&#8221;1\/3&#8243;][vc_single_image image=&#8221;6025&#8243; img_size=&#8221;full&#8221; alignment=&#8221;center&#8221; style=&#8221;vc_box_circle_2&#8243;][vc_column_text]DOCENTE: Juli\u00e1n Cardona Berm\u00fadez[\/vc_column_text][\/vc_column_inner][\/vc_row_inner][\/vc_column][\/vc_row][vc_row][vc_column width=&#8221;1\/2&#8243;][vc_row_inner [&hellip;]\" \/>\n<meta property=\"og:url\" content=\"http:\/\/www.incodema.edu.co\/blog\/educacion-artistica\/\" \/>\n<meta property=\"og:site_name\" content=\"INCODEMA\" \/>\n<meta property=\"article:publisher\" content=\"https:\/\/www.facebook.com\/Incodema\" \/>\n<meta property=\"article:modified_time\" content=\"2021-02-19T21:38:26+00:00\" \/>\n<meta property=\"og:image\" content=\"http:\/\/www.incodema.edu.co\/blog\/wp-content\/uploads\/2018\/02\/ENCABEZADO-PAGINA-NORMAL5.png\" \/>\n\t<meta property=\"og:image:width\" content=\"2418\" \/>\n\t<meta property=\"og:image:height\" content=\"638\" \/>\n<meta name=\"twitter:card\" content=\"summary_large_image\" \/>\n<meta name=\"twitter:label1\" content=\"Tiempo de lectura\">\n\t<meta name=\"twitter:data1\" content=\"3 minutos\">\n<script type=\"application\/ld+json\" class=\"yoast-schema-graph\">{\"@context\":\"https:\/\/schema.org\",\"@graph\":[{\"@type\":\"Organization\",\"@id\":\"http:\/\/www.incodema.edu.co\/blog\/#organization\",\"name\":\"Colegio Inmaculado Coraz\\u00f3n de Mar\\u00eda\",\"url\":\"http:\/\/www.incodema.edu.co\/blog\/\",\"sameAs\":[\"https:\/\/www.facebook.com\/Incodema\",\"https:\/\/www.youtube.com\/channel\/UCmYQMRqdS3cfuNCHQ_9q-sg\"],\"logo\":{\"@type\":\"ImageObject\",\"@id\":\"http:\/\/www.incodema.edu.co\/blog\/#logo\",\"inLanguage\":\"es\",\"url\":\"http:\/\/www.incodema.edu.co\/blog\/wp-content\/uploads\/2018\/02\/escudo-218x218-1.png\",\"contentUrl\":\"http:\/\/www.incodema.edu.co\/blog\/wp-content\/uploads\/2018\/02\/escudo-218x218-1.png\",\"width\":218,\"height\":218,\"caption\":\"Colegio Inmaculado Coraz\\u00f3n de Mar\\u00eda\"},\"image\":{\"@id\":\"http:\/\/www.incodema.edu.co\/blog\/#logo\"}},{\"@type\":\"WebSite\",\"@id\":\"http:\/\/www.incodema.edu.co\/blog\/#website\",\"url\":\"http:\/\/www.incodema.edu.co\/blog\/\",\"name\":\"INCODEMA\",\"description\":\"COLEGIO INMACULADO CORAZ&Oacute;N DE MAR&Iacute;A\",\"publisher\":{\"@id\":\"http:\/\/www.incodema.edu.co\/blog\/#organization\"},\"potentialAction\":[{\"@type\":\"SearchAction\",\"target\":\"http:\/\/www.incodema.edu.co\/blog\/?s={search_term_string}\",\"query-input\":\"required name=search_term_string\"}],\"inLanguage\":\"es\"},{\"@type\":\"ImageObject\",\"@id\":\"http:\/\/www.incodema.edu.co\/blog\/educacion-artistica\/#primaryimage\",\"inLanguage\":\"es\",\"url\":\"http:\/\/www.incodema.edu.co\/blog\/wp-content\/uploads\/2018\/02\/ENCABEZADO-PAGINA-NORMAL5.png\",\"contentUrl\":\"http:\/\/www.incodema.edu.co\/blog\/wp-content\/uploads\/2018\/02\/ENCABEZADO-PAGINA-NORMAL5.png\",\"width\":2418,\"height\":638,\"caption\":\"ENCABEZADO INCODEMA\"},{\"@type\":\"WebPage\",\"@id\":\"http:\/\/www.incodema.edu.co\/blog\/educacion-artistica\/#webpage\",\"url\":\"http:\/\/www.incodema.edu.co\/blog\/educacion-artistica\/\",\"name\":\"Educaci\\u00f3n Art\\u00edstica - INCODEMA\",\"isPartOf\":{\"@id\":\"http:\/\/www.incodema.edu.co\/blog\/#website\"},\"primaryImageOfPage\":{\"@id\":\"http:\/\/www.incodema.edu.co\/blog\/educacion-artistica\/#primaryimage\"},\"datePublished\":\"2018-02-26T00:37:26+00:00\",\"dateModified\":\"2021-02-19T21:38:26+00:00\",\"breadcrumb\":{\"@id\":\"http:\/\/www.incodema.edu.co\/blog\/educacion-artistica\/#breadcrumb\"},\"inLanguage\":\"es\",\"potentialAction\":[{\"@type\":\"ReadAction\",\"target\":[\"http:\/\/www.incodema.edu.co\/blog\/educacion-artistica\/\"]}]},{\"@type\":\"BreadcrumbList\",\"@id\":\"http:\/\/www.incodema.edu.co\/blog\/educacion-artistica\/#breadcrumb\",\"itemListElement\":[{\"@type\":\"ListItem\",\"position\":1,\"item\":{\"@type\":\"WebPage\",\"@id\":\"http:\/\/www.incodema.edu.co\/blog\/\",\"url\":\"http:\/\/www.incodema.edu.co\/blog\/\",\"name\":\"Home\"}},{\"@type\":\"ListItem\",\"position\":2,\"item\":{\"@id\":\"http:\/\/www.incodema.edu.co\/blog\/educacion-artistica\/#webpage\"}}]}]}<\/script>\n<!-- \/ Yoast SEO plugin. -->","_links":{"self":[{"href":"http:\/\/www.incodema.edu.co\/blog\/wp-json\/wp\/v2\/pages\/4243"}],"collection":[{"href":"http:\/\/www.incodema.edu.co\/blog\/wp-json\/wp\/v2\/pages"}],"about":[{"href":"http:\/\/www.incodema.edu.co\/blog\/wp-json\/wp\/v2\/types\/page"}],"author":[{"embeddable":true,"href":"http:\/\/www.incodema.edu.co\/blog\/wp-json\/wp\/v2\/users\/1"}],"replies":[{"embeddable":true,"href":"http:\/\/www.incodema.edu.co\/blog\/wp-json\/wp\/v2\/comments?post=4243"}],"version-history":[{"count":9,"href":"http:\/\/www.incodema.edu.co\/blog\/wp-json\/wp\/v2\/pages\/4243\/revisions"}],"predecessor-version":[{"id":6053,"href":"http:\/\/www.incodema.edu.co\/blog\/wp-json\/wp\/v2\/pages\/4243\/revisions\/6053"}],"wp:featuredmedia":[{"embeddable":true,"href":"http:\/\/www.incodema.edu.co\/blog\/wp-json\/wp\/v2\/media\/4126"}],"wp:attachment":[{"href":"http:\/\/www.incodema.edu.co\/blog\/wp-json\/wp\/v2\/media?parent=4243"}],"curies":[{"name":"wp","href":"https:\/\/api.w.org\/{rel}","templated":true}]}}