{"id":4259,"date":"2018-02-25T19:52:45","date_gmt":"2018-02-26T00:52:45","guid":{"rendered":"http:\/\/fmanieves.org\/incodema4\/?page_id=4259"},"modified":"2021-02-22T16:08:22","modified_gmt":"2021-02-22T21:08:22","slug":"lengua-extranjera-ingles","status":"publish","type":"page","link":"http:\/\/www.incodema.edu.co\/blog\/lengua-extranjera-ingles\/","title":{"rendered":"Lengua Extranjera: Ingl\u00e9s"},"content":{"rendered":"<p>[vc_row][vc_column width=&#8221;2\/3&#8243;][vc_single_image image=&#8221;5356&#8243; img_size=&#8221;full&#8221; css=&#8221;.vc_custom_1593054325426{padding-top: 0px !important;padding-bottom: 0px !important;}&#8221;][\/vc_column][vc_column width=&#8221;1\/3&#8243;][\/vc_column][\/vc_row][vc_row css=&#8221;.vc_custom_1593043392991{padding-right: 5% !important;padding-left: 5% !important;}&#8221;][vc_column][vc_custom_heading text=&#8221;Equipo de trabajo&#8221; font_container=&#8221;tag:h2|text_align:center&#8221; use_theme_fonts=&#8221;yes&#8221; css=&#8221;.vc_custom_1593042508803{padding-bottom: 10% !important;}&#8221;][vc_row_inner css=&#8221;.vc_custom_1593043065623{border: 4px solid rgba(226,226,226,0.53) !important;}&#8221;][vc_column_inner width=&#8221;1\/4&#8243;][vc_single_image image=&#8221;6076&#8243; img_size=&#8221;full&#8221; alignment=&#8221;center&#8221; style=&#8221;vc_box_circle_2&#8243;][vc_column_text]<strong>COORDINADOR DE \u00c1REA: <\/strong><br \/>\n<span style=\"color: #000000;\">Jeison Tamayo<\/span><br \/>\n<strong>\u00a0<\/strong>[\/vc_column_text][\/vc_column_inner][vc_column_inner width=&#8221;1\/4&#8243;][vc_single_image image=&#8221;6077&#8243; img_size=&#8221;full&#8221; alignment=&#8221;center&#8221; style=&#8221;vc_box_circle_2&#8243;][vc_column_text]<strong>DOCENTES:<\/strong><br \/>\n<span style=\"color: #000000;\">Cindy Lorena Martinez<\/span><br \/>\n<strong>\u00a0<\/strong>[\/vc_column_text][\/vc_column_inner][vc_column_inner width=&#8221;1\/4&#8243;][vc_single_image image=&#8221;6078&#8243; img_size=&#8221;full&#8221; alignment=&#8221;center&#8221; style=&#8221;vc_box_circle_2&#8243;][vc_column_text]<strong>DOCENTES:<\/strong><br \/>\n<span style=\"color: #000000;\">Leofredis Mosquera Renter\u00eda<\/span><br \/>\n<strong>\u00a0<\/strong>[\/vc_column_text][\/vc_column_inner][vc_column_inner width=&#8221;1\/4&#8243;][vc_single_image image=&#8221;6079&#8243; img_size=&#8221;full&#8221; alignment=&#8221;center&#8221; style=&#8221;vc_box_circle_2&#8243;][vc_column_text]<strong>DOCENTES:<\/strong><br \/>\n<span style=\"color: #000000;\">Angie Aguiar Marcella<\/span><br \/>\n<strong>\u00a0<\/strong>[\/vc_column_text][\/vc_column_inner][\/vc_row_inner][\/vc_column][\/vc_row][vc_row][vc_column width=&#8221;1\/2&#8243;][vc_row_inner css=&#8221;.vc_custom_1593045193592{padding-left: 5% !important;}&#8221;][vc_column_inner][vc_custom_heading text=&#8221; JUSTIFICACI\u00d3N<br \/>\n&#8221; use_theme_fonts=&#8221;yes&#8221; css=&#8221;.vc_custom_1593042978762{padding-top: 5% !important;padding-bottom: 3% !important;}&#8221;][vc_column_text]<\/p>\n<p style=\"text-align: justify;\">El proceso de ense\u00f1anza-aprendizaje del idioma extranjero toma como punto de partida el enfoque comunicativo ya que \u00e9ste es su prop\u00f3sito primordial. Se promueve la interacci\u00f3n como elemento b\u00e1sico y se implementa la conversaci\u00f3n natural para mejorar la competencia pragm\u00e1tica, tomada no como una pieza adicional del aprendizaje, sino como herramienta fundamental del mismo.<\/p>\n<p style=\"text-align: justify;\">\u00a0\u00a0Para mantenerse a la vanguardia con los est\u00e1ndares internacionales, el colegio se vincula a la prestigiosa Universidad de Oxford a trav\u00e9s de su editorial. Adem\u00e1s del uso de libros especializados para el aprendizaje del idioma, se cuenta con asesor\u00eda acad\u00e9mica para estudiantes y docentes, as\u00ed como la presentaci\u00f3n de pruebas con formato internacional y el acceso a plataformas y recursos on-line de\u00a0Oxford University Press.<\/p>\n<p style=\"text-align: justify;\">\u00a0Aprender una lengua extranjera ampl\u00eda las posibilidades laborales y educativas que ayudar\u00e1n a mejorar la calidad de vida y a tener mayor acceso al mundo globalizado. Por lo anterior y\u00a0de acuerdo a la Ley General de Educaci\u00f3n, los Lineamientos Curriculares del Ministerio Nacional de Educaci\u00f3n y los fundamentos de la instituci\u00f3n, pretendemos\u00a0formar estudiantes que al finalizar grado und\u00e9cimo alcancen un nivel intermedio B2 de acuerdo al Marco Com\u00fan Europeo de competencia en ingl\u00e9s, capaces de comunicarse efectivamente, abrir fronteras y conocer nuevas culturas.<\/p>\n<p>[\/vc_column_text][\/vc_column_inner][\/vc_row_inner][\/vc_column][vc_column width=&#8221;1\/2&#8243;][vc_row_inner][vc_column_inner][vc_custom_heading text=&#8221;OBJETIVO<br \/>\n&#8221; use_theme_fonts=&#8221;yes&#8221; css=&#8221;.vc_custom_1593045359138{padding-top: 5% !important;padding-bottom: 3% !important;}&#8221;][vc_column_text]<\/p>\n<p style=\"text-align: justify;\">Fortalecer en los estudiantes las habilidades propias del idioma ingl\u00e9s y el desarrollo de la competencia comunicativa, a trav\u00e9s del reconocimiento y manejo de estructuras gramaticales, y situaciones en contexto;\u00a0 que permitan alcanzar un nivel B2 seg\u00fan el Marco Com\u00fan Europeo como herramienta propicia para ampliar posibilidades educativas y laborales<\/p>\n<p>[\/vc_column_text][\/vc_column_inner][\/vc_row_inner][\/vc_column][\/vc_row][vc_row full_width=&#8221;stretch_row&#8221; css=&#8221;.vc_custom_1593045482760{margin-top: 5% !important;margin-bottom: 5% !important;background-color: #01003a !important;}&#8221;][vc_column][vc_custom_heading text=&#8221;\u201cNunca ha habido una \u00e9poca en la que tantas naciones necesitaran hablarse entre s\u00ed. Nunca ha habido una \u00e9poca en la que tanta gente haya querido viajar a tantos lugares&#8230; Y nunca ha sido m\u00e1s urgente la necesidad de una lengua global\u201d &#8221; font_container=&#8221;tag:h1|font_size:2rem|text_align:center|color:%23ffffff&#8221; google_fonts=&#8221;font_family:Permanent%20Marker%3Aregular|font_style:400%20regular%3A400%3Anormal&#8221;][\/vc_column][\/vc_row]<\/p>\n<div class='campos'>","protected":false},"excerpt":{"rendered":"<p>[vc_row][vc_column width=&#8221;2\/3&#8243;][vc_single_image image=&#8221;5356&#8243; img_size=&#8221;full&#8221; css=&#8221;.vc_custom_1593054325426{padding-top: 0px !important;padding-bottom: 0px !important;}&#8221;][\/vc_column][vc_column width=&#8221;1\/3&#8243;][\/vc_column][\/vc_row][vc_row css=&#8221;.vc_custom_1593043392991{padding-right: 5% !important;padding-left: 5% !important;}&#8221;][vc_column][vc_custom_heading text=&#8221;Equipo de trabajo&#8221; font_container=&#8221;tag:h2|text_align:center&#8221; use_theme_fonts=&#8221;yes&#8221; css=&#8221;.vc_custom_1593042508803{padding-bottom: 10% !important;}&#8221;][vc_row_inner css=&#8221;.vc_custom_1593043065623{border: 4px solid rgba(226,226,226,0.53) !important;}&#8221;][vc_column_inner width=&#8221;1\/4&#8243;][vc_single_image image=&#8221;6076&#8243; img_size=&#8221;full&#8221; alignment=&#8221;center&#8221; style=&#8221;vc_box_circle_2&#8243;][vc_column_text]COORDINADOR DE \u00c1REA: Jeison Tamayo \u00a0[\/vc_column_text][\/vc_column_inner][vc_column_inner width=&#8221;1\/4&#8243;][vc_single_image image=&#8221;6077&#8243; img_size=&#8221;full&#8221; alignment=&#8221;center&#8221; style=&#8221;vc_box_circle_2&#8243;][vc_column_text]DOCENTES: Cindy Lorena Martinez \u00a0[\/vc_column_text][\/vc_column_inner][vc_column_inner width=&#8221;1\/4&#8243;][vc_single_image image=&#8221;6078&#8243; img_size=&#8221;full&#8221; alignment=&#8221;center&#8221; style=&#8221;vc_box_circle_2&#8243;][vc_column_text]DOCENTES: Leofredis Mosquera Renter\u00eda [&hellip;]<\/p>\n","protected":false},"author":1,"featured_media":4126,"parent":0,"menu_order":0,"comment_status":"closed","ping_status":"closed","template":"","meta":[],"yoast_head":"<!-- This site is optimized with the Yoast SEO plugin v16.2 - https:\/\/yoast.com\/wordpress\/plugins\/seo\/ -->\n<meta name=\"robots\" content=\"index, follow, max-snippet:-1, max-image-preview:large, max-video-preview:-1\" \/>\n<link rel=\"canonical\" href=\"http:\/\/www.incodema.edu.co\/blog\/lengua-extranjera-ingles\/\" \/>\n<meta property=\"og:locale\" content=\"es_ES\" \/>\n<meta property=\"og:type\" content=\"article\" \/>\n<meta property=\"og:title\" content=\"Lengua Extranjera: Ingl\u00e9s - INCODEMA\" \/>\n<meta property=\"og:description\" content=\"[vc_row][vc_column width=&#8221;2\/3&#8243;][vc_single_image image=&#8221;5356&#8243; img_size=&#8221;full&#8221; css=&#8221;.vc_custom_1593054325426{padding-top: 0px !important;padding-bottom: 0px !important;}&#8221;][\/vc_column][vc_column width=&#8221;1\/3&#8243;][\/vc_column][\/vc_row][vc_row css=&#8221;.vc_custom_1593043392991{padding-right: 5% !important;padding-left: 5% !important;}&#8221;][vc_column][vc_custom_heading text=&#8221;Equipo de trabajo&#8221; font_container=&#8221;tag:h2|text_align:center&#8221; use_theme_fonts=&#8221;yes&#8221; css=&#8221;.vc_custom_1593042508803{padding-bottom: 10% !important;}&#8221;][vc_row_inner css=&#8221;.vc_custom_1593043065623{border: 4px solid rgba(226,226,226,0.53) !important;}&#8221;][vc_column_inner width=&#8221;1\/4&#8243;][vc_single_image image=&#8221;6076&#8243; img_size=&#8221;full&#8221; alignment=&#8221;center&#8221; style=&#8221;vc_box_circle_2&#8243;][vc_column_text]COORDINADOR DE \u00c1REA: Jeison Tamayo \u00a0[\/vc_column_text][\/vc_column_inner][vc_column_inner width=&#8221;1\/4&#8243;][vc_single_image image=&#8221;6077&#8243; img_size=&#8221;full&#8221; alignment=&#8221;center&#8221; style=&#8221;vc_box_circle_2&#8243;][vc_column_text]DOCENTES: Cindy Lorena Martinez \u00a0[\/vc_column_text][\/vc_column_inner][vc_column_inner width=&#8221;1\/4&#8243;][vc_single_image image=&#8221;6078&#8243; img_size=&#8221;full&#8221; alignment=&#8221;center&#8221; style=&#8221;vc_box_circle_2&#8243;][vc_column_text]DOCENTES: Leofredis Mosquera Renter\u00eda [&hellip;]\" \/>\n<meta property=\"og:url\" content=\"http:\/\/www.incodema.edu.co\/blog\/lengua-extranjera-ingles\/\" \/>\n<meta property=\"og:site_name\" content=\"INCODEMA\" \/>\n<meta property=\"article:publisher\" content=\"https:\/\/www.facebook.com\/Incodema\" \/>\n<meta property=\"article:modified_time\" content=\"2021-02-22T21:08:22+00:00\" \/>\n<meta property=\"og:image\" content=\"http:\/\/www.incodema.edu.co\/blog\/wp-content\/uploads\/2018\/02\/ENCABEZADO-PAGINA-NORMAL5.png\" \/>\n\t<meta property=\"og:image:width\" content=\"2418\" \/>\n\t<meta property=\"og:image:height\" content=\"638\" \/>\n<meta name=\"twitter:card\" content=\"summary_large_image\" \/>\n<meta name=\"twitter:label1\" content=\"Tiempo de lectura\">\n\t<meta name=\"twitter:data1\" content=\"3 minutos\">\n<script type=\"application\/ld+json\" class=\"yoast-schema-graph\">{\"@context\":\"https:\/\/schema.org\",\"@graph\":[{\"@type\":\"Organization\",\"@id\":\"http:\/\/www.incodema.edu.co\/blog\/#organization\",\"name\":\"Colegio Inmaculado Coraz\\u00f3n de Mar\\u00eda\",\"url\":\"http:\/\/www.incodema.edu.co\/blog\/\",\"sameAs\":[\"https:\/\/www.facebook.com\/Incodema\",\"https:\/\/www.youtube.com\/channel\/UCmYQMRqdS3cfuNCHQ_9q-sg\"],\"logo\":{\"@type\":\"ImageObject\",\"@id\":\"http:\/\/www.incodema.edu.co\/blog\/#logo\",\"inLanguage\":\"es\",\"url\":\"http:\/\/www.incodema.edu.co\/blog\/wp-content\/uploads\/2018\/02\/escudo-218x218-1.png\",\"contentUrl\":\"http:\/\/www.incodema.edu.co\/blog\/wp-content\/uploads\/2018\/02\/escudo-218x218-1.png\",\"width\":218,\"height\":218,\"caption\":\"Colegio Inmaculado Coraz\\u00f3n de Mar\\u00eda\"},\"image\":{\"@id\":\"http:\/\/www.incodema.edu.co\/blog\/#logo\"}},{\"@type\":\"WebSite\",\"@id\":\"http:\/\/www.incodema.edu.co\/blog\/#website\",\"url\":\"http:\/\/www.incodema.edu.co\/blog\/\",\"name\":\"INCODEMA\",\"description\":\"COLEGIO INMACULADO CORAZ&Oacute;N DE MAR&Iacute;A\",\"publisher\":{\"@id\":\"http:\/\/www.incodema.edu.co\/blog\/#organization\"},\"potentialAction\":[{\"@type\":\"SearchAction\",\"target\":\"http:\/\/www.incodema.edu.co\/blog\/?s={search_term_string}\",\"query-input\":\"required name=search_term_string\"}],\"inLanguage\":\"es\"},{\"@type\":\"ImageObject\",\"@id\":\"http:\/\/www.incodema.edu.co\/blog\/lengua-extranjera-ingles\/#primaryimage\",\"inLanguage\":\"es\",\"url\":\"http:\/\/www.incodema.edu.co\/blog\/wp-content\/uploads\/2018\/02\/ENCABEZADO-PAGINA-NORMAL5.png\",\"contentUrl\":\"http:\/\/www.incodema.edu.co\/blog\/wp-content\/uploads\/2018\/02\/ENCABEZADO-PAGINA-NORMAL5.png\",\"width\":2418,\"height\":638,\"caption\":\"ENCABEZADO INCODEMA\"},{\"@type\":\"WebPage\",\"@id\":\"http:\/\/www.incodema.edu.co\/blog\/lengua-extranjera-ingles\/#webpage\",\"url\":\"http:\/\/www.incodema.edu.co\/blog\/lengua-extranjera-ingles\/\",\"name\":\"Lengua Extranjera: Ingl\\u00e9s - INCODEMA\",\"isPartOf\":{\"@id\":\"http:\/\/www.incodema.edu.co\/blog\/#website\"},\"primaryImageOfPage\":{\"@id\":\"http:\/\/www.incodema.edu.co\/blog\/lengua-extranjera-ingles\/#primaryimage\"},\"datePublished\":\"2018-02-26T00:52:45+00:00\",\"dateModified\":\"2021-02-22T21:08:22+00:00\",\"breadcrumb\":{\"@id\":\"http:\/\/www.incodema.edu.co\/blog\/lengua-extranjera-ingles\/#breadcrumb\"},\"inLanguage\":\"es\",\"potentialAction\":[{\"@type\":\"ReadAction\",\"target\":[\"http:\/\/www.incodema.edu.co\/blog\/lengua-extranjera-ingles\/\"]}]},{\"@type\":\"BreadcrumbList\",\"@id\":\"http:\/\/www.incodema.edu.co\/blog\/lengua-extranjera-ingles\/#breadcrumb\",\"itemListElement\":[{\"@type\":\"ListItem\",\"position\":1,\"item\":{\"@type\":\"WebPage\",\"@id\":\"http:\/\/www.incodema.edu.co\/blog\/\",\"url\":\"http:\/\/www.incodema.edu.co\/blog\/\",\"name\":\"Home\"}},{\"@type\":\"ListItem\",\"position\":2,\"item\":{\"@id\":\"http:\/\/www.incodema.edu.co\/blog\/lengua-extranjera-ingles\/#webpage\"}}]}]}<\/script>\n<!-- \/ Yoast SEO plugin. -->","_links":{"self":[{"href":"http:\/\/www.incodema.edu.co\/blog\/wp-json\/wp\/v2\/pages\/4259"}],"collection":[{"href":"http:\/\/www.incodema.edu.co\/blog\/wp-json\/wp\/v2\/pages"}],"about":[{"href":"http:\/\/www.incodema.edu.co\/blog\/wp-json\/wp\/v2\/types\/page"}],"author":[{"embeddable":true,"href":"http:\/\/www.incodema.edu.co\/blog\/wp-json\/wp\/v2\/users\/1"}],"replies":[{"embeddable":true,"href":"http:\/\/www.incodema.edu.co\/blog\/wp-json\/wp\/v2\/comments?post=4259"}],"version-history":[{"count":4,"href":"http:\/\/www.incodema.edu.co\/blog\/wp-json\/wp\/v2\/pages\/4259\/revisions"}],"predecessor-version":[{"id":6080,"href":"http:\/\/www.incodema.edu.co\/blog\/wp-json\/wp\/v2\/pages\/4259\/revisions\/6080"}],"wp:featuredmedia":[{"embeddable":true,"href":"http:\/\/www.incodema.edu.co\/blog\/wp-json\/wp\/v2\/media\/4126"}],"wp:attachment":[{"href":"http:\/\/www.incodema.edu.co\/blog\/wp-json\/wp\/v2\/media?parent=4259"}],"curies":[{"name":"wp","href":"https:\/\/api.w.org\/{rel}","templated":true}]}}