{"id":4510,"date":"2018-03-04T22:39:20","date_gmt":"2018-03-05T03:39:20","guid":{"rendered":"http:\/\/fmanieves.org\/incodema4\/?page_id=4510"},"modified":"2020-05-18T19:21:58","modified_gmt":"2020-05-19T00:21:58","slug":"comunidad","status":"publish","type":"page","link":"http:\/\/www.incodema.edu.co\/blog\/comunidad\/","title":{"rendered":"COMUNIDAD"},"content":{"rendered":"<p>[vc_row][vc_column][vc_custom_heading text=&#8221;NUESTRO CARISMA NOS LLAMA A\u2026&#8221; font_container=&#8221;tag:h2|text_align:center|color:%237070ff&#8221;][\/vc_column][\/vc_row][vc_row][vc_column width=&#8221;2\/6&#8243;][vc_single_image image=&#8221;4765&#8243; img_size=&#8221;full&#8221; onclick=&#8221;link_image&#8221;][vc_single_image image=&#8221;4766&#8243; img_size=&#8221;full&#8221; onclick=&#8221;link_image&#8221;][vc_single_image image=&#8221;5047&#8243; img_size=&#8221;full&#8221; onclick=&#8221;link_image&#8221;][vc_single_image image=&#8221;5049&#8243; img_size=&#8221;full&#8221; onclick=&#8221;link_image&#8221;][\/vc_column][vc_column width=&#8221;4\/6&#8243;][vc_custom_heading text=&#8221;LA CENTRALIDAD DE LA PALABRA&#8221; font_container=&#8221;tag:h2|text_align:left|color:%23aaaaff&#8221; use_theme_fonts=&#8221;yes&#8221;][vc_column_text]<b><\/b><strong>a) La Palabra vivida:\u00a0<em>\u201cConfiguraci\u00f3n con Cristo\u201d<\/em><\/strong><\/p>\n<p style=\"font-weight: 400; text-align: justify;\">\u00a0<em>\u201cLo primero, y ante todas las cosas, debe el Misioneros Apost\u00f3lico uniformar su vida, persona y costumbres con su divino Maestro Cristo Jes\u00fas\u201d<\/em>\u00a0(M. A. 1)<\/p>\n<p style=\"font-weight: 400; text-align: justify;\"><strong>b) La Palabra anunciada:<em>\u201cEvangelizaci\u00f3n\u201d<\/em><\/strong><\/p>\n<p style=\"font-weight: 400; text-align: justify;\">\u00a0<em>\u201cEl principal fin de las religiosas de esta orden es trabajar con toda diligencia en el Se\u00f1or en guardar el Evangelio\u2026 y a imitaci\u00f3n de los Ap\u00f3stoles trabajar hasta morir en ense\u00f1ar a toda criatura el Evangelio\u201d\u00a0<\/em>Const 3<\/p>\n<p style=\"font-weight: 400; text-align: justify;\"><strong>c) Anuncio<\/strong><em><strong>Misionero<\/strong><strong>\u201cAd gentes\u201d<\/strong><\/em><\/p>\n<p style=\"font-weight: 400; text-align: justify;\">\u00a0<em>\u201cTodo el mundo le debe ser patria al Misionero de Cristo, por que nuestro divino Redentor a todos nos vino a redimir mandando predicar un mismo Evangelio a todo el mundo\u201d<\/em>\u00a0(MA 10)<\/p>\n<p>[\/vc_column_text][vc_custom_heading text=&#8221;ECLESIALIDAD&#8221; font_container=&#8221;tag:h2|text_align:left|color:%23aaaaff&#8221; use_theme_fonts=&#8221;yes&#8221;][vc_column_text]<strong>a)<\/strong><strong>Renovaci\u00f3n De la Iglesia:<\/strong><em>\u201cEl Esp\u00edritu Santo nos urge, desde el origen del Instituto, a la renovaci\u00f3n de la Iglesia\u2026\u201d<\/em>\u00a0Const 2<\/p>\n<p><strong>b) Predicaci\u00f3n:<\/strong><em>\u201cQue nos les falte el pan de la Divina Palabra\u2026 pues la Palabra de Dios es pan de vida y luz que disipa las tinieblas\u2026Mis segundos Ap\u00f3stoles han de ser copia viva de los primeros as\u00ed en el nombre como en las obras, con la antorcha del Evangelio en la mano han de alumbrar a los hombres m\u00e1s sabios e ignorantes\u201d<\/em>\u00a0(PR 38, 59)<\/p>\n<p><strong>c) Pobreza:<\/strong><\/p>\n<p><em>\u201cLa pobreza es \u2026 la llave maestra para introducir en el interior del hombre el Evangelio\u201d<\/em>\u00a0Constituciones 1969<\/p>\n<p><em>\u00a0Fund\u00e1ndose en una perfecta pobreza\u2026 \u00a1Oh! pobreza de mi Dios, quien pudiera heredar tus riquezas! \u2026 la Santa Pobreza parece nos quer\u00eda inculcar de modo particular (porque fue su compa\u00f1era inseparable. Nace pobr\u00edsimo: vive en suma pobreza y muere en extrema necesidad) como fundamento de la vida evang\u00e9lica\u201d (PR 48)<\/em>[\/vc_column_text][vc_custom_heading text=&#8221;CON MAR\u00cdA&#8221; font_container=&#8221;tag:h2|text_align:left|color:%23aaaaff&#8221; use_theme_fonts=&#8221;yes&#8221;][vc_column_text]<em>\u201cEstaba determinado desde la eternidad el nacer esta Orden de Ap\u00f3stoles en la Iglesia en el mismo a\u00f1o en que P\u00edo IX dio en\u00a0<\/em><em>dogma de fe la Inmaculada Concepci\u00f3n de Mar\u00eda Sant\u00edsima en toda la Iglesia\u201d<\/em>\u00a0Diario 31<em>\u201cMar\u00eda debe ser la gran se\u00f1al en nuestro caminar \u2026 tenemos como patrona a mar\u00eda en el misterio de su Inmaculada concepci\u00f3n. Este misterio nos impulsa a luchar contra el mal en cualquiera de sus formas<\/em><em>\u201d<\/em>[\/vc_column_text][vc_custom_heading text=&#8221;EN COMUNIDAD\u2026&#8221; font_container=&#8221;tag:h2|text_align:left|color:%23aaaaff&#8221; use_theme_fonts=&#8221;yes&#8221;][vc_column_text]<b><\/b><em>\u201cNo hay cosa que tanto importa\u2026 como el tenerse todas las casas de un misma Orden una perfecta caridad y una fina armon\u00eda en el vivir como los miembros de un mismo cuerpo\u201d<\/em><\/p>\n<p>Carta a la comunidad de Carcagente, d\u00eda de la Santa Cruz de septiembre de 1880<\/p>\n<p><em>\u201cSobre todo os recomiendo la caridad entre vosotras, porque es el v\u00ednculo de la perfecci\u00f3n evang\u00e9lica, y con ella van todas las virtudes; ser\u00e9is cinco y no hab\u00e9is de ser m\u00e1s que una; no haya entre vosotras la m\u00e1s m\u00ednima queja, que esto es la perfecta caridad; y por ella os conocer\u00e1n que sois perfectas religiosas\u2026 Amaos unas a otras y vivir\u00e9is en alegr\u00eda espiritual \u201ccomo yo deseo\u201d&#8230;<\/em><\/p>\n<h6 style=\"text-align: right;\">\u00a0Mar\u00eda Antonia de San Pedro<\/h6>\n<p>[\/vc_column_text][\/vc_column][\/vc_row]<\/p>\n<div class='campos'>","protected":false},"excerpt":{"rendered":"<p>[vc_row][vc_column][vc_custom_heading text=&#8221;NUESTRO CARISMA NOS LLAMA A\u2026&#8221; font_container=&#8221;tag:h2|text_align:center|color:%237070ff&#8221;][\/vc_column][\/vc_row][vc_row][vc_column width=&#8221;2\/6&#8243;][vc_single_image image=&#8221;4765&#8243; img_size=&#8221;full&#8221; onclick=&#8221;link_image&#8221;][vc_single_image image=&#8221;4766&#8243; img_size=&#8221;full&#8221; onclick=&#8221;link_image&#8221;][vc_single_image image=&#8221;5047&#8243; img_size=&#8221;full&#8221; onclick=&#8221;link_image&#8221;][vc_single_image image=&#8221;5049&#8243; img_size=&#8221;full&#8221; onclick=&#8221;link_image&#8221;][\/vc_column][vc_column width=&#8221;4\/6&#8243;][vc_custom_heading text=&#8221;LA CENTRALIDAD DE LA PALABRA&#8221; font_container=&#8221;tag:h2|text_align:left|color:%23aaaaff&#8221; use_theme_fonts=&#8221;yes&#8221;][vc_column_text]a) La Palabra vivida:\u00a0\u201cConfiguraci\u00f3n con Cristo\u201d \u00a0\u201cLo primero, y ante todas las cosas, debe el Misioneros Apost\u00f3lico uniformar su vida, persona y costumbres con su divino Maestro Cristo [&hellip;]<\/p>\n","protected":false},"author":1,"featured_media":0,"parent":0,"menu_order":0,"comment_status":"closed","ping_status":"closed","template":"","meta":[],"yoast_head":"<!-- This site is optimized with the Yoast SEO plugin v16.2 - https:\/\/yoast.com\/wordpress\/plugins\/seo\/ -->\n<meta name=\"robots\" content=\"index, follow, max-snippet:-1, max-image-preview:large, max-video-preview:-1\" \/>\n<link rel=\"canonical\" href=\"http:\/\/www.incodema.edu.co\/blog\/comunidad\/\" \/>\n<meta property=\"og:locale\" content=\"es_ES\" \/>\n<meta property=\"og:type\" content=\"article\" \/>\n<meta property=\"og:title\" content=\"COMUNIDAD - INCODEMA\" \/>\n<meta property=\"og:description\" content=\"[vc_row][vc_column][vc_custom_heading text=&#8221;NUESTRO CARISMA NOS LLAMA A\u2026&#8221; font_container=&#8221;tag:h2|text_align:center|color:%237070ff&#8221;][\/vc_column][\/vc_row][vc_row][vc_column width=&#8221;2\/6&#8243;][vc_single_image image=&#8221;4765&#8243; img_size=&#8221;full&#8221; onclick=&#8221;link_image&#8221;][vc_single_image image=&#8221;4766&#8243; img_size=&#8221;full&#8221; onclick=&#8221;link_image&#8221;][vc_single_image image=&#8221;5047&#8243; img_size=&#8221;full&#8221; onclick=&#8221;link_image&#8221;][vc_single_image image=&#8221;5049&#8243; img_size=&#8221;full&#8221; onclick=&#8221;link_image&#8221;][\/vc_column][vc_column width=&#8221;4\/6&#8243;][vc_custom_heading text=&#8221;LA CENTRALIDAD DE LA PALABRA&#8221; font_container=&#8221;tag:h2|text_align:left|color:%23aaaaff&#8221; use_theme_fonts=&#8221;yes&#8221;][vc_column_text]a) La Palabra vivida:\u00a0\u201cConfiguraci\u00f3n con Cristo\u201d \u00a0\u201cLo primero, y ante todas las cosas, debe el Misioneros Apost\u00f3lico uniformar su vida, persona y costumbres con su divino Maestro Cristo [&hellip;]\" \/>\n<meta property=\"og:url\" content=\"http:\/\/www.incodema.edu.co\/blog\/comunidad\/\" \/>\n<meta property=\"og:site_name\" content=\"INCODEMA\" \/>\n<meta property=\"article:publisher\" content=\"https:\/\/www.facebook.com\/Incodema\" \/>\n<meta property=\"article:modified_time\" content=\"2020-05-19T00:21:58+00:00\" \/>\n<meta name=\"twitter:card\" content=\"summary_large_image\" \/>\n<meta name=\"twitter:label1\" content=\"Tiempo de lectura\">\n\t<meta name=\"twitter:data1\" content=\"3 minutos\">\n<script type=\"application\/ld+json\" class=\"yoast-schema-graph\">{\"@context\":\"https:\/\/schema.org\",\"@graph\":[{\"@type\":\"Organization\",\"@id\":\"http:\/\/www.incodema.edu.co\/blog\/#organization\",\"name\":\"Colegio Inmaculado Coraz\\u00f3n de Mar\\u00eda\",\"url\":\"http:\/\/www.incodema.edu.co\/blog\/\",\"sameAs\":[\"https:\/\/www.facebook.com\/Incodema\",\"https:\/\/www.youtube.com\/channel\/UCmYQMRqdS3cfuNCHQ_9q-sg\"],\"logo\":{\"@type\":\"ImageObject\",\"@id\":\"http:\/\/www.incodema.edu.co\/blog\/#logo\",\"inLanguage\":\"es\",\"url\":\"http:\/\/www.incodema.edu.co\/blog\/wp-content\/uploads\/2018\/02\/escudo-218x218-1.png\",\"contentUrl\":\"http:\/\/www.incodema.edu.co\/blog\/wp-content\/uploads\/2018\/02\/escudo-218x218-1.png\",\"width\":218,\"height\":218,\"caption\":\"Colegio Inmaculado Coraz\\u00f3n de Mar\\u00eda\"},\"image\":{\"@id\":\"http:\/\/www.incodema.edu.co\/blog\/#logo\"}},{\"@type\":\"WebSite\",\"@id\":\"http:\/\/www.incodema.edu.co\/blog\/#website\",\"url\":\"http:\/\/www.incodema.edu.co\/blog\/\",\"name\":\"INCODEMA\",\"description\":\"COLEGIO INMACULADO CORAZ&Oacute;N DE MAR&Iacute;A\",\"publisher\":{\"@id\":\"http:\/\/www.incodema.edu.co\/blog\/#organization\"},\"potentialAction\":[{\"@type\":\"SearchAction\",\"target\":\"http:\/\/www.incodema.edu.co\/blog\/?s={search_term_string}\",\"query-input\":\"required name=search_term_string\"}],\"inLanguage\":\"es\"},{\"@type\":\"WebPage\",\"@id\":\"http:\/\/www.incodema.edu.co\/blog\/comunidad\/#webpage\",\"url\":\"http:\/\/www.incodema.edu.co\/blog\/comunidad\/\",\"name\":\"COMUNIDAD - INCODEMA\",\"isPartOf\":{\"@id\":\"http:\/\/www.incodema.edu.co\/blog\/#website\"},\"datePublished\":\"2018-03-05T03:39:20+00:00\",\"dateModified\":\"2020-05-19T00:21:58+00:00\",\"breadcrumb\":{\"@id\":\"http:\/\/www.incodema.edu.co\/blog\/comunidad\/#breadcrumb\"},\"inLanguage\":\"es\",\"potentialAction\":[{\"@type\":\"ReadAction\",\"target\":[\"http:\/\/www.incodema.edu.co\/blog\/comunidad\/\"]}]},{\"@type\":\"BreadcrumbList\",\"@id\":\"http:\/\/www.incodema.edu.co\/blog\/comunidad\/#breadcrumb\",\"itemListElement\":[{\"@type\":\"ListItem\",\"position\":1,\"item\":{\"@type\":\"WebPage\",\"@id\":\"http:\/\/www.incodema.edu.co\/blog\/\",\"url\":\"http:\/\/www.incodema.edu.co\/blog\/\",\"name\":\"Home\"}},{\"@type\":\"ListItem\",\"position\":2,\"item\":{\"@id\":\"http:\/\/www.incodema.edu.co\/blog\/comunidad\/#webpage\"}}]}]}<\/script>\n<!-- \/ Yoast SEO plugin. -->","_links":{"self":[{"href":"http:\/\/www.incodema.edu.co\/blog\/wp-json\/wp\/v2\/pages\/4510"}],"collection":[{"href":"http:\/\/www.incodema.edu.co\/blog\/wp-json\/wp\/v2\/pages"}],"about":[{"href":"http:\/\/www.incodema.edu.co\/blog\/wp-json\/wp\/v2\/types\/page"}],"author":[{"embeddable":true,"href":"http:\/\/www.incodema.edu.co\/blog\/wp-json\/wp\/v2\/users\/1"}],"replies":[{"embeddable":true,"href":"http:\/\/www.incodema.edu.co\/blog\/wp-json\/wp\/v2\/comments?post=4510"}],"version-history":[{"count":3,"href":"http:\/\/www.incodema.edu.co\/blog\/wp-json\/wp\/v2\/pages\/4510\/revisions"}],"predecessor-version":[{"id":5050,"href":"http:\/\/www.incodema.edu.co\/blog\/wp-json\/wp\/v2\/pages\/4510\/revisions\/5050"}],"wp:attachment":[{"href":"http:\/\/www.incodema.edu.co\/blog\/wp-json\/wp\/v2\/media?parent=4510"}],"curies":[{"name":"wp","href":"https:\/\/api.w.org\/{rel}","templated":true}]}}