{"id":4514,"date":"2018-03-04T22:42:28","date_gmt":"2018-03-05T03:42:28","guid":{"rendered":"http:\/\/fmanieves.org\/incodema4\/?page_id=4514"},"modified":"2018-03-04T22:42:28","modified_gmt":"2018-03-05T03:42:28","slug":"resena-historica","status":"publish","type":"page","link":"http:\/\/www.incodema.edu.co\/blog\/resena-historica\/","title":{"rendered":"RESE\u00d1A HIST\u00d3RICA"},"content":{"rendered":"<p>[vc_row][vc_column width=&#8221;1\/4&#8243;][\/vc_column][vc_column width=&#8221;3\/4&#8243;][vc_column_text]<\/p>\n<p style=\"font-weight: 400; text-align: justify;\">El nombre oficial o raz\u00f3n social de la Comunidad es\u00a0<strong><em>Religiosas de Mar\u00eda Inmaculada\u00a0 M\u00edsioneras Claretianas.\u00a0\u00a0<\/em><\/strong>Nuestra Comunidad a nivel internacional est\u00e1 ubicada en\u00a0cuatro continentes\u00a0Africa, Am\u00e9rica, Asia y Europa, dentro de estos continentes estamos presentes y desarrollamos la misi\u00f3n evangelizadora\u00a0en 27 paises.<\/p>\n<p style=\"font-weight: 400; text-align: justify;\"><strong><em>\u00a0<\/em><\/strong><\/p>\n<p style=\"font-weight: 400; text-align: justify;\">A nivel de oranizaci\u00f3n la Comunidad tiene un Equipo de Gobierno General constituido por cinco religiosas que son elegidas mediante voto libre y secreto, igualmente la Comunidad se subdivide en\u00a0Provincias, Viceprovincias y\u00a0Delegaciones.\u00a0Estas denominaciones\u00a0\u00a0obedecen al n\u00famero de hermanas que conforman cada una de ellas.<\/p>\n<p style=\"font-weight: 400; text-align: justify;\"><strong><em>\u00a0<\/em><\/strong><\/p>\n<p style=\"font-weight: 400; text-align: justify;\">La Provincia Claretiana\u00a0de Colombia \u2013 Panam\u00e1 &#8211; Per\u00fa, es un Organismo\u00a0\u00a0Mayor que depende de la Congregaci\u00f3n de Religiosas de Mar\u00eda Inmaculada, Misioneras Claretianas y que a su vez, es una Congregaci\u00f3n de derecho Pontificio.<\/p>\n<p style=\"font-weight: 400; text-align: justify;\">La Congregaci\u00f3n\u00a0fue fundada por San Antonio Mar\u00eda Claret y la Madre Mar\u00eda Antonia Par\u00eds. La fecha oficial de fundaci\u00f3n es el d\u00eda en que se firma el Decreto de Erecci\u00f3n de la Comunidad de Santiago de Cuba, dado por el Padre Fundador (Obispo de Cuba), el 25 de Agosto de 1855, pero en la Tradici\u00f3n de la Congregaci\u00f3n, se reconoce p\u00fablicamente como fecha de fundaci\u00f3n, el 27 de Agosto,\u00a0\u00a0fecha en que profes\u00f3 la Madre Mar\u00eda Antonia Par\u00eds.<\/p>\n<p style=\"font-weight: 400; text-align: justify;\">Posteriormente en 1901, la Congregaci\u00f3n fue aprobada por el Papa Le\u00f3n XIII,\u00a0\u00a0como conventos independientes\u00a0\u00a0y por P\u00edo XII como Congregaci\u00f3n de votos simples, el 4 de Julio de 1922. Este es el itinerario hist\u00f3rico recorrido desde estar constituidas como Religiosas de clausura en conventos independientes hasta llegar a ser una Congregaci\u00f3n de Religiosas con votos simples.<\/p>\n<p style=\"font-weight: 400; text-align: justify;\">La Primera Comunidad\u00a0de la Provincia Claretiana de Colombia \u2013 Panam\u00e1 &#8211; Per\u00fa fue fundada el 15 de Febrero de 1950, en la poblaci\u00f3n de Pueblo Rico, Caldas. En sus comienzos las comunidades que se van fundando dependen de la visitadur\u00eda de Cuba.<\/p>\n<p style=\"font-weight: 400; text-align: justify;\">Se constituye la Visitadur\u00eda de Colombia- Venezuela, con las comunidades existentes en Montenegro, Manizales, Turmero y Caracas, por esta raz\u00f3n el 4 de Diciembre de 1958, el Gobierno General hace los nombramientos para el Trienio 1959 \u2013 1962.<\/p>\n<p style=\"font-weight: 400; text-align: justify;\">El d\u00eda 27 de Noviembre de 1965\u00a0\u00a0se funda en Panam\u00e1 la Comunidad de la Palma y el\u00a0\u00a020 de Julio de 1968, por rescripto emitido por el Gobierno General, se crea Oficialmente la Provincia de Colombia constituida por las comunidades existentes en Colombia \u2013 Panam\u00e1 y Venezuela. El 31 de Mayo de\u00a0\u00a01988\u00a0\u00a0Venezuela se constituye como Viceprovincia<\/p>\n<p style=\"font-weight: 400; text-align: justify;\"><strong><em>La Provincia<\/em><\/strong><strong><em>\u00a0\u00a0creada oficialmente como Provincia de Colombia<\/em><\/strong>,\u00a0\u00a0y nombrada en la tradici\u00f3n de la Provincia como\u00a0<strong><em>Provincia de Colombia \u2013 Panam\u00e1 \u2013 Per\u00fa<\/em><\/strong>, tiene su sede principal en la ciudad de Bogot\u00e1 y las dem\u00e1s comunidades que la conforman\u00a0\u00a0\u00a0est\u00e1n\u00a0\u00a0ubicadas\u00a0\u00a0en\u00a0\u00a0Medell\u00edn (1),\u00a0\u00a0Bogot\u00e1 (3),\u00a0\u00a0Sasaima (1),\u00a0\u00a0Panam\u00e1\u00a0\u00a0Capital (1). Y desde el 24 de Octubre de 1999 hasta la fecha, est\u00e1 constituido en Lima Per\u00fa un grupo comunitario, con una delegada de la Superiora Mayor.<\/p>\n<p>[\/vc_column_text][\/vc_column][\/vc_row]<\/p>\n<div class='campos'>","protected":false},"excerpt":{"rendered":"<p>[vc_row][vc_column width=&#8221;1\/4&#8243;][\/vc_column][vc_column width=&#8221;3\/4&#8243;][vc_column_text] El nombre oficial o raz\u00f3n social de la Comunidad es\u00a0Religiosas de Mar\u00eda Inmaculada\u00a0 M\u00edsioneras Claretianas.\u00a0\u00a0Nuestra Comunidad a nivel internacional est\u00e1 ubicada en\u00a0cuatro continentes\u00a0Africa, Am\u00e9rica, Asia y Europa, dentro de estos continentes estamos presentes y desarrollamos la misi\u00f3n evangelizadora\u00a0en 27 paises. \u00a0 A nivel de oranizaci\u00f3n la Comunidad tiene un Equipo de Gobierno [&hellip;]<\/p>\n","protected":false},"author":1,"featured_media":0,"parent":0,"menu_order":0,"comment_status":"closed","ping_status":"closed","template":"","meta":[],"yoast_head":"<!-- This site is optimized with the Yoast SEO plugin v16.2 - https:\/\/yoast.com\/wordpress\/plugins\/seo\/ -->\n<meta name=\"robots\" content=\"index, follow, max-snippet:-1, max-image-preview:large, max-video-preview:-1\" \/>\n<link rel=\"canonical\" href=\"http:\/\/www.incodema.edu.co\/blog\/resena-historica\/\" \/>\n<meta property=\"og:locale\" content=\"es_ES\" \/>\n<meta property=\"og:type\" content=\"article\" \/>\n<meta property=\"og:title\" content=\"RESE\u00d1A HIST\u00d3RICA - INCODEMA\" \/>\n<meta property=\"og:description\" content=\"[vc_row][vc_column width=&#8221;1\/4&#8243;][\/vc_column][vc_column width=&#8221;3\/4&#8243;][vc_column_text] El nombre oficial o raz\u00f3n social de la Comunidad es\u00a0Religiosas de Mar\u00eda Inmaculada\u00a0 M\u00edsioneras Claretianas.\u00a0\u00a0Nuestra Comunidad a nivel internacional est\u00e1 ubicada en\u00a0cuatro continentes\u00a0Africa, Am\u00e9rica, Asia y Europa, dentro de estos continentes estamos presentes y desarrollamos la misi\u00f3n evangelizadora\u00a0en 27 paises. \u00a0 A nivel de oranizaci\u00f3n la Comunidad tiene un Equipo de Gobierno [&hellip;]\" \/>\n<meta property=\"og:url\" content=\"http:\/\/www.incodema.edu.co\/blog\/resena-historica\/\" \/>\n<meta property=\"og:site_name\" content=\"INCODEMA\" \/>\n<meta property=\"article:publisher\" content=\"https:\/\/www.facebook.com\/Incodema\" \/>\n<meta name=\"twitter:card\" content=\"summary_large_image\" \/>\n<meta name=\"twitter:label1\" content=\"Tiempo de lectura\">\n\t<meta name=\"twitter:data1\" content=\"3 minutos\">\n<script type=\"application\/ld+json\" class=\"yoast-schema-graph\">{\"@context\":\"https:\/\/schema.org\",\"@graph\":[{\"@type\":\"Organization\",\"@id\":\"https:\/\/www.incodema.edu.co\/blog\/#organization\",\"name\":\"Colegio Inmaculado Coraz\\u00f3n de Mar\\u00eda\",\"url\":\"https:\/\/www.incodema.edu.co\/blog\/\",\"sameAs\":[\"https:\/\/www.facebook.com\/Incodema\",\"https:\/\/www.youtube.com\/channel\/UCmYQMRqdS3cfuNCHQ_9q-sg\"],\"logo\":{\"@type\":\"ImageObject\",\"@id\":\"https:\/\/www.incodema.edu.co\/blog\/#logo\",\"inLanguage\":\"es\",\"url\":\"http:\/\/www.incodema.edu.co\/blog\/wp-content\/uploads\/2018\/02\/escudo-218x218-1.png\",\"contentUrl\":\"http:\/\/www.incodema.edu.co\/blog\/wp-content\/uploads\/2018\/02\/escudo-218x218-1.png\",\"width\":218,\"height\":218,\"caption\":\"Colegio Inmaculado Coraz\\u00f3n de Mar\\u00eda\"},\"image\":{\"@id\":\"https:\/\/www.incodema.edu.co\/blog\/#logo\"}},{\"@type\":\"WebSite\",\"@id\":\"https:\/\/www.incodema.edu.co\/blog\/#website\",\"url\":\"https:\/\/www.incodema.edu.co\/blog\/\",\"name\":\"INCODEMA\",\"description\":\"COLEGIO INMACULADO CORAZ&Oacute;N DE MAR&Iacute;A\",\"publisher\":{\"@id\":\"https:\/\/www.incodema.edu.co\/blog\/#organization\"},\"potentialAction\":[{\"@type\":\"SearchAction\",\"target\":\"https:\/\/www.incodema.edu.co\/blog\/?s={search_term_string}\",\"query-input\":\"required name=search_term_string\"}],\"inLanguage\":\"es\"},{\"@type\":\"WebPage\",\"@id\":\"http:\/\/www.incodema.edu.co\/blog\/resena-historica\/#webpage\",\"url\":\"http:\/\/www.incodema.edu.co\/blog\/resena-historica\/\",\"name\":\"RESE\\u00d1A HIST\\u00d3RICA - INCODEMA\",\"isPartOf\":{\"@id\":\"https:\/\/www.incodema.edu.co\/blog\/#website\"},\"datePublished\":\"2018-03-05T03:42:28+00:00\",\"dateModified\":\"2018-03-05T03:42:28+00:00\",\"breadcrumb\":{\"@id\":\"http:\/\/www.incodema.edu.co\/blog\/resena-historica\/#breadcrumb\"},\"inLanguage\":\"es\",\"potentialAction\":[{\"@type\":\"ReadAction\",\"target\":[\"http:\/\/www.incodema.edu.co\/blog\/resena-historica\/\"]}]},{\"@type\":\"BreadcrumbList\",\"@id\":\"http:\/\/www.incodema.edu.co\/blog\/resena-historica\/#breadcrumb\",\"itemListElement\":[{\"@type\":\"ListItem\",\"position\":1,\"item\":{\"@type\":\"WebPage\",\"@id\":\"https:\/\/www.incodema.edu.co\/blog\/\",\"url\":\"https:\/\/www.incodema.edu.co\/blog\/\",\"name\":\"Home\"}},{\"@type\":\"ListItem\",\"position\":2,\"item\":{\"@id\":\"http:\/\/www.incodema.edu.co\/blog\/resena-historica\/#webpage\"}}]}]}<\/script>\n<!-- \/ Yoast SEO plugin. -->","_links":{"self":[{"href":"http:\/\/www.incodema.edu.co\/blog\/wp-json\/wp\/v2\/pages\/4514"}],"collection":[{"href":"http:\/\/www.incodema.edu.co\/blog\/wp-json\/wp\/v2\/pages"}],"about":[{"href":"http:\/\/www.incodema.edu.co\/blog\/wp-json\/wp\/v2\/types\/page"}],"author":[{"embeddable":true,"href":"http:\/\/www.incodema.edu.co\/blog\/wp-json\/wp\/v2\/users\/1"}],"replies":[{"embeddable":true,"href":"http:\/\/www.incodema.edu.co\/blog\/wp-json\/wp\/v2\/comments?post=4514"}],"version-history":[{"count":0,"href":"http:\/\/www.incodema.edu.co\/blog\/wp-json\/wp\/v2\/pages\/4514\/revisions"}],"wp:attachment":[{"href":"http:\/\/www.incodema.edu.co\/blog\/wp-json\/wp\/v2\/media?parent=4514"}],"curies":[{"name":"wp","href":"https:\/\/api.w.org\/{rel}","templated":true}]}}