{"id":4714,"date":"2019-02-15T11:31:37","date_gmt":"2019-02-15T16:31:37","guid":{"rendered":"http:\/\/fmanieves.org\/incodema4\/?page_id=4714"},"modified":"2020-07-01T19:26:46","modified_gmt":"2020-07-02T00:26:46","slug":"servicio-social","status":"publish","type":"page","link":"http:\/\/www.incodema.edu.co\/blog\/servicio-social\/","title":{"rendered":"SERVICIO SOCIAL"},"content":{"rendered":"<p>[vc_row][vc_column width=&#8221;2\/3&#8243;][vc_single_image image=&#8221;5400&#8243; img_size=&#8221;full&#8221; css=&#8221;.vc_custom_1593649361868{padding-top: 0px !important;padding-bottom: 0px !important;}&#8221;][\/vc_column][vc_column width=&#8221;1\/3&#8243;][\/vc_column][\/vc_row][vc_row css=&#8221;.vc_custom_1593043392991{padding-right: 5% !important;padding-left: 5% !important;}&#8221;][vc_column][vc_row_inner css=&#8221;.vc_custom_1593043065623{border: 4px solid rgba(226,226,226,0.53) !important;}&#8221;][vc_column_inner width=&#8221;1\/2&#8243;][\/vc_column_inner][vc_column_inner width=&#8221;1\/2&#8243;][vc_custom_heading text=&#8221;Equipo de trabajo&#8221; font_container=&#8221;tag:h2|text_align:center&#8221; use_theme_fonts=&#8221;yes&#8221; css=&#8221;.vc_custom_1593042508803{padding-bottom: 10% !important;}&#8221;][vc_column_text]<strong>INTEGRANTES<\/strong><br \/>\nDOCENTES DE SERVICIO SOCIAL 8\u00ba Y 9\u00ba<br \/>\nDOCENTES DE LAS DIFERENTES \u00c0REAS<br \/>\nESTUDIANTES DE GRADO 10\u00ba Y 11\u00ba QUE SE DESEMPE\u00d1AN COMO MONITORES<br \/>\nCOORDINADORA DE PROYECCION SOCIOPASTORAL: CAROL VARGAS AMEZQUITA<br \/>\nCoordinadora De Pefa: Martha E Valencia Buenaventura[\/vc_column_text][\/vc_column_inner][\/vc_row_inner][\/vc_column][\/vc_row][vc_row][vc_column width=&#8221;1\/2&#8243;][vc_row_inner css=&#8221;.vc_custom_1593045193592{padding-left: 5% !important;}&#8221;][vc_column_inner][vc_custom_heading text=&#8221; JUSTIFICACI\u00d3N<br \/>\n&#8221; use_theme_fonts=&#8221;yes&#8221; css=&#8221;.vc_custom_1593042978762{padding-top: 5% !important;padding-bottom: 3% !important;}&#8221;][vc_column_text]<\/p>\n<ul>\n<li style=\"text-align: justify;\">El \u00c1rea de Servicio Social en el Colegio Inmaculado Coraz\u00f3n de Mar\u00eda- Misioneras Claretianas\u00a0 se justifica en los Principios y Valores Cristianos y Claretianos de anunciar el Evangelio, ser gu\u00eda y luz para toda criatura, formando hombres y mujeres \u00edntegros que se inserten y participen activamente en la sociedad, respondiendo a los desaf\u00edos y urgencias que presentan especialmente los m\u00e1s necesitados.<\/li>\n<li style=\"text-align: justify;\">Por tal raz\u00f3n el Proyecto Educativo Claretiano del Colegio Inmaculado Coraz\u00f3n de Mar\u00eda \u2013 Misioneras Claretianas, ofrece a los estudiantes de grado Octavo a Und\u00e9cimo y a los Miembros del Equipo Pedag\u00f3gico del Colegio, el \u00c1rea Optativa de Servicio Social, como una estrategia de Proyecci\u00f3n a la Comunidad.<\/li>\n<li style=\"text-align: justify;\">Adem\u00e1s esta \u00c1rea se justifica legalmente la Ley General de Educaci\u00f3n de 1994, el Decreto Reglamentario 1860 de 1994, la Resoluci\u00f3n 4210 de 1996 y el Decreto 3011 de 1997.<\/li>\n<li style=\"text-align: justify;\">La Ley General de Educaci\u00f3n en su Art\u00edculo 23, establece las \u00c1reas Obligatorias y Generales, este art\u00edculo fue reglamentado por el 34 del Decreto 1860, en el cual se plantea que una Instituci\u00f3n Educativa puede tener en su Plan de estudios un 20% de \u00c1reas Optativas, las cuales deben estar debidamente justificadas en el PEI .<\/li>\n<li style=\"text-align: justify;\">El Art\u00edculo 97 de la Ley General de Educaci\u00f3n, establece el Servicio Social Obligatorio y el Decreto 1860 lo reglamenta en su Art\u00edculo 39, Servicio Social Estudiantil.<\/li>\n<\/ul>\n<p style=\"text-align: justify;\">La resoluci\u00f3n 4210 de 1996 establece las reglas generales para la organizaci\u00f3n y funcionamiento del Servicio Social Estudiantil Obligatorio, el cual se concibe como un componente curricular exigido para la formaci\u00f3n integral del estudiante de en los distintos niveles y ciclos de la educaci\u00f3n formal, que contribuye a la construcci\u00f3n de su identidad cultural, nacional, regional y local y que permite el desarrollo del proceso educativo de los educandos, no solo en el establecimiento educativo, sino en el contexto familiar, en el ambiente y el la sociedad, a trav\u00e9s de proyectos pedag\u00f3gicos tendientes al desarrollo de valores como la solidaridad, la participaci\u00f3n , la conservaci\u00f3n y mejoramiento del ambiente y la dignidad y sentido del trabajo y del tiempo libre.<\/p>\n<p>[\/vc_column_text][\/vc_column_inner][\/vc_row_inner][\/vc_column][vc_column width=&#8221;1\/2&#8243;][vc_row_inner][vc_column_inner][vc_custom_heading text=&#8221;OBJETIVO<br \/>\n&#8221; use_theme_fonts=&#8221;yes&#8221; css=&#8221;.vc_custom_1593045359138{padding-top: 5% !important;padding-bottom: 3% !important;}&#8221;][vc_column_text]<\/p>\n<p style=\"text-align: justify;\">Brindar a los estudiantes de grado 8\u00b0 a 11 y a la\u00a0 Comunidad Educativa en General un espacio de trabajo con la Comunidad, a trav\u00e9s de la Proyecci\u00f3n Socio Pastoral y el Programa de Educaci\u00f3n Formal para J\u00f3venes y Adultos, de tal manera que a la luz de\u00a0 los Principios y Valores Cristianos y Claretianos de anunciar el Evangelio, ser gu\u00eda y luz para toda criatura, formando hombres y mujeres \u00edntegros que se inserten y participen activamente en la sociedad, compartan sus riquezas y respondan a los desaf\u00edos y urgencias que presentan especialmente los m\u00e1s necesitados.<\/p>\n<p>[\/vc_column_text][\/vc_column_inner][\/vc_row_inner][\/vc_column][\/vc_row][vc_row full_width=&#8221;stretch_row&#8221; css=&#8221;.vc_custom_1593045482760{margin-top: 5% !important;margin-bottom: 5% !important;background-color: #01003a !important;}&#8221;][vc_column][\/vc_column][\/vc_row]<\/p>\n<div class='campos'>","protected":false},"excerpt":{"rendered":"<p>[vc_row][vc_column width=&#8221;2\/3&#8243;][vc_single_image image=&#8221;5400&#8243; img_size=&#8221;full&#8221; css=&#8221;.vc_custom_1593649361868{padding-top: 0px !important;padding-bottom: 0px !important;}&#8221;][\/vc_column][vc_column width=&#8221;1\/3&#8243;][\/vc_column][\/vc_row][vc_row css=&#8221;.vc_custom_1593043392991{padding-right: 5% !important;padding-left: 5% !important;}&#8221;][vc_column][vc_row_inner css=&#8221;.vc_custom_1593043065623{border: 4px solid rgba(226,226,226,0.53) !important;}&#8221;][vc_column_inner width=&#8221;1\/2&#8243;][\/vc_column_inner][vc_column_inner width=&#8221;1\/2&#8243;][vc_custom_heading text=&#8221;Equipo de trabajo&#8221; font_container=&#8221;tag:h2|text_align:center&#8221; use_theme_fonts=&#8221;yes&#8221; css=&#8221;.vc_custom_1593042508803{padding-bottom: 10% !important;}&#8221;][vc_column_text]INTEGRANTES DOCENTES DE SERVICIO SOCIAL 8\u00ba Y 9\u00ba DOCENTES DE LAS DIFERENTES \u00c0REAS ESTUDIANTES DE GRADO 10\u00ba Y 11\u00ba QUE SE DESEMPE\u00d1AN COMO MONITORES COORDINADORA DE [&hellip;]<\/p>\n","protected":false},"author":1,"featured_media":0,"parent":0,"menu_order":0,"comment_status":"closed","ping_status":"closed","template":"","meta":[],"yoast_head":"<!-- This site is optimized with the Yoast SEO plugin v16.2 - https:\/\/yoast.com\/wordpress\/plugins\/seo\/ -->\n<meta name=\"robots\" content=\"index, follow, max-snippet:-1, max-image-preview:large, max-video-preview:-1\" \/>\n<link rel=\"canonical\" href=\"http:\/\/www.incodema.edu.co\/blog\/servicio-social\/\" \/>\n<meta property=\"og:locale\" content=\"es_ES\" \/>\n<meta property=\"og:type\" content=\"article\" \/>\n<meta property=\"og:title\" content=\"SERVICIO SOCIAL - INCODEMA\" \/>\n<meta property=\"og:description\" content=\"[vc_row][vc_column width=&#8221;2\/3&#8243;][vc_single_image image=&#8221;5400&#8243; img_size=&#8221;full&#8221; css=&#8221;.vc_custom_1593649361868{padding-top: 0px !important;padding-bottom: 0px !important;}&#8221;][\/vc_column][vc_column width=&#8221;1\/3&#8243;][\/vc_column][\/vc_row][vc_row css=&#8221;.vc_custom_1593043392991{padding-right: 5% !important;padding-left: 5% !important;}&#8221;][vc_column][vc_row_inner css=&#8221;.vc_custom_1593043065623{border: 4px solid rgba(226,226,226,0.53) !important;}&#8221;][vc_column_inner width=&#8221;1\/2&#8243;][\/vc_column_inner][vc_column_inner width=&#8221;1\/2&#8243;][vc_custom_heading text=&#8221;Equipo de trabajo&#8221; font_container=&#8221;tag:h2|text_align:center&#8221; use_theme_fonts=&#8221;yes&#8221; css=&#8221;.vc_custom_1593042508803{padding-bottom: 10% !important;}&#8221;][vc_column_text]INTEGRANTES DOCENTES DE SERVICIO SOCIAL 8\u00ba Y 9\u00ba DOCENTES DE LAS DIFERENTES \u00c0REAS ESTUDIANTES DE GRADO 10\u00ba Y 11\u00ba QUE SE DESEMPE\u00d1AN COMO MONITORES COORDINADORA DE [&hellip;]\" \/>\n<meta property=\"og:url\" content=\"http:\/\/www.incodema.edu.co\/blog\/servicio-social\/\" \/>\n<meta property=\"og:site_name\" content=\"INCODEMA\" \/>\n<meta property=\"article:publisher\" content=\"https:\/\/www.facebook.com\/Incodema\" \/>\n<meta property=\"article:modified_time\" content=\"2020-07-02T00:26:46+00:00\" \/>\n<meta name=\"twitter:card\" content=\"summary_large_image\" \/>\n<meta name=\"twitter:label1\" content=\"Tiempo de lectura\">\n\t<meta name=\"twitter:data1\" content=\"4 minutos\">\n<script type=\"application\/ld+json\" class=\"yoast-schema-graph\">{\"@context\":\"https:\/\/schema.org\",\"@graph\":[{\"@type\":\"Organization\",\"@id\":\"http:\/\/www.incodema.edu.co\/blog\/#organization\",\"name\":\"Colegio Inmaculado Coraz\\u00f3n de Mar\\u00eda\",\"url\":\"http:\/\/www.incodema.edu.co\/blog\/\",\"sameAs\":[\"https:\/\/www.facebook.com\/Incodema\",\"https:\/\/www.youtube.com\/channel\/UCmYQMRqdS3cfuNCHQ_9q-sg\"],\"logo\":{\"@type\":\"ImageObject\",\"@id\":\"http:\/\/www.incodema.edu.co\/blog\/#logo\",\"inLanguage\":\"es\",\"url\":\"http:\/\/www.incodema.edu.co\/blog\/wp-content\/uploads\/2018\/02\/escudo-218x218-1.png\",\"contentUrl\":\"http:\/\/www.incodema.edu.co\/blog\/wp-content\/uploads\/2018\/02\/escudo-218x218-1.png\",\"width\":218,\"height\":218,\"caption\":\"Colegio Inmaculado Coraz\\u00f3n de Mar\\u00eda\"},\"image\":{\"@id\":\"http:\/\/www.incodema.edu.co\/blog\/#logo\"}},{\"@type\":\"WebSite\",\"@id\":\"http:\/\/www.incodema.edu.co\/blog\/#website\",\"url\":\"http:\/\/www.incodema.edu.co\/blog\/\",\"name\":\"INCODEMA\",\"description\":\"COLEGIO INMACULADO CORAZ&Oacute;N DE MAR&Iacute;A\",\"publisher\":{\"@id\":\"http:\/\/www.incodema.edu.co\/blog\/#organization\"},\"potentialAction\":[{\"@type\":\"SearchAction\",\"target\":\"http:\/\/www.incodema.edu.co\/blog\/?s={search_term_string}\",\"query-input\":\"required name=search_term_string\"}],\"inLanguage\":\"es\"},{\"@type\":\"WebPage\",\"@id\":\"http:\/\/www.incodema.edu.co\/blog\/servicio-social\/#webpage\",\"url\":\"http:\/\/www.incodema.edu.co\/blog\/servicio-social\/\",\"name\":\"SERVICIO SOCIAL - INCODEMA\",\"isPartOf\":{\"@id\":\"http:\/\/www.incodema.edu.co\/blog\/#website\"},\"datePublished\":\"2019-02-15T16:31:37+00:00\",\"dateModified\":\"2020-07-02T00:26:46+00:00\",\"breadcrumb\":{\"@id\":\"http:\/\/www.incodema.edu.co\/blog\/servicio-social\/#breadcrumb\"},\"inLanguage\":\"es\",\"potentialAction\":[{\"@type\":\"ReadAction\",\"target\":[\"http:\/\/www.incodema.edu.co\/blog\/servicio-social\/\"]}]},{\"@type\":\"BreadcrumbList\",\"@id\":\"http:\/\/www.incodema.edu.co\/blog\/servicio-social\/#breadcrumb\",\"itemListElement\":[{\"@type\":\"ListItem\",\"position\":1,\"item\":{\"@type\":\"WebPage\",\"@id\":\"http:\/\/www.incodema.edu.co\/blog\/\",\"url\":\"http:\/\/www.incodema.edu.co\/blog\/\",\"name\":\"Home\"}},{\"@type\":\"ListItem\",\"position\":2,\"item\":{\"@id\":\"http:\/\/www.incodema.edu.co\/blog\/servicio-social\/#webpage\"}}]}]}<\/script>\n<!-- \/ Yoast SEO plugin. -->","_links":{"self":[{"href":"http:\/\/www.incodema.edu.co\/blog\/wp-json\/wp\/v2\/pages\/4714"}],"collection":[{"href":"http:\/\/www.incodema.edu.co\/blog\/wp-json\/wp\/v2\/pages"}],"about":[{"href":"http:\/\/www.incodema.edu.co\/blog\/wp-json\/wp\/v2\/types\/page"}],"author":[{"embeddable":true,"href":"http:\/\/www.incodema.edu.co\/blog\/wp-json\/wp\/v2\/users\/1"}],"replies":[{"embeddable":true,"href":"http:\/\/www.incodema.edu.co\/blog\/wp-json\/wp\/v2\/comments?post=4714"}],"version-history":[{"count":2,"href":"http:\/\/www.incodema.edu.co\/blog\/wp-json\/wp\/v2\/pages\/4714\/revisions"}],"predecessor-version":[{"id":5401,"href":"http:\/\/www.incodema.edu.co\/blog\/wp-json\/wp\/v2\/pages\/4714\/revisions\/5401"}],"wp:attachment":[{"href":"http:\/\/www.incodema.edu.co\/blog\/wp-json\/wp\/v2\/media?parent=4714"}],"curies":[{"name":"wp","href":"https:\/\/api.w.org\/{rel}","templated":true}]}}