{"id":4856,"date":"2019-03-19T19:27:37","date_gmt":"2019-03-20T00:27:37","guid":{"rendered":"http:\/\/fmanieves.org\/incodema4\/?page_id=4856"},"modified":"2021-02-23T12:49:28","modified_gmt":"2021-02-23T17:49:28","slug":"area-de-orientacion-profesional","status":"publish","type":"page","link":"http:\/\/www.incodema.edu.co\/blog\/area-de-orientacion-profesional\/","title":{"rendered":"\u00c1rea de Orientaci\u00f3n Profesional"},"content":{"rendered":"<p>[vc_row][vc_column width=&#8221;2\/3&#8243;][vc_single_image image=&#8221;5450&#8243; img_size=&#8221;full&#8221; css=&#8221;.vc_custom_1595861609838{padding-top: 0px !important;padding-bottom: 0px !important;}&#8221;][\/vc_column][vc_column width=&#8221;1\/3&#8243;][\/vc_column][\/vc_row][vc_row css=&#8221;.vc_custom_1593043392991{padding-right: 5% !important;padding-left: 5% !important;}&#8221;][vc_column][vc_custom_heading text=&#8221;Equipo de trabajo&#8221; font_container=&#8221;tag:h2|text_align:center&#8221; use_theme_fonts=&#8221;yes&#8221; css=&#8221;.vc_custom_1593042508803{padding-bottom: 10% !important;}&#8221;][vc_row_inner css=&#8221;.vc_custom_1593043065623{border: 4px solid rgba(226,226,226,0.53) !important;}&#8221;][vc_column_inner width=&#8221;1\/2&#8243;][vc_single_image image=&#8221;6094&#8243; img_size=&#8221;full&#8221; alignment=&#8221;center&#8221; style=&#8221;vc_box_circle_2&#8243;][vc_column_text]<strong>COORDINADORA DE \u00c1REA: <\/strong><br \/>\n<span style=\"color: #000000;\">Luz Helena Poveda Carvajal<\/span><br \/>\n<strong>\u00a0<\/strong>[\/vc_column_text][\/vc_column_inner][vc_column_inner width=&#8221;1\/2&#8243;][vc_single_image image=&#8221;6096&#8243; img_size=&#8221;full&#8221; alignment=&#8221;center&#8221; style=&#8221;vc_box_circle_2&#8243;][vc_column_text]<strong>DOCENTES:<\/strong><br \/>\n<span style=\"color: #000000;\">Paola Andrea Lozano Vera<\/span><br \/>\n<strong>\u00a0<\/strong>[\/vc_column_text][\/vc_column_inner][\/vc_row_inner][\/vc_column][\/vc_row][vc_row][vc_column width=&#8221;1\/2&#8243;][vc_row_inner css=&#8221;.vc_custom_1593045193592{padding-left: 5% !important;}&#8221;][vc_column_inner][vc_custom_heading text=&#8221; JUSTIFICACI\u00d3N<br \/>\n&#8221; use_theme_fonts=&#8221;yes&#8221; css=&#8221;.vc_custom_1593042978762{padding-top: 5% !important;padding-bottom: 3% !important;}&#8221;][vc_column_text]<\/p>\n<p style=\"text-align: justify;\">El prop\u00f3sito de las asignaturas de Desarrollo Humano y Orientaci\u00f3n Profesional, es fortalecer el proceso de formaci\u00f3n integral a trav\u00e9s <strong>del autorreconocimiento, autonom\u00eda, despliegue de las fortalezas cognitivas<\/strong>, creativas, afectivas, y el desarrollo de habilidades que permiten crecer en las diferentes esferas de la vida, como persona, sujeto de derechos con dignidad,\u00a0 en el marco de la responsabilidad consigo, con la familia, la sociedad y la naturaleza, hasta la proyecci\u00f3n de la vocaci\u00f3n, el talento, las habilidades y aptitudes en los campos profesional y acad\u00e9mico.<\/p>\n<p>[\/vc_column_text][\/vc_column_inner][\/vc_row_inner][\/vc_column][vc_column width=&#8221;1\/2&#8243;][vc_row_inner][vc_column_inner][vc_custom_heading text=&#8221;OBJETIVO<br \/>\n&#8221; use_theme_fonts=&#8221;yes&#8221; css=&#8221;.vc_custom_1593045359138{padding-top: 5% !important;padding-bottom: 3% !important;}&#8221;][vc_column_text]<\/p>\n<p style=\"text-align: justify;\">Promover en los estudiantes el autorreconocimiento y la autonom\u00eda como personas, sujetos de derechos, dignidad y responsabilidad consigo, con la familia, la sociedad y la naturaleza, trascendiendo a la proyecci\u00f3n de la vocaci\u00f3n, el talento, las habilidades y aptitudes en los campos profesional y acad\u00e9mico.<\/p>\n<p>[\/vc_column_text][\/vc_column_inner][\/vc_row_inner][\/vc_column][\/vc_row][vc_row full_width=&#8221;stretch_row&#8221; css=&#8221;.vc_custom_1593045482760{margin-top: 5% !important;margin-bottom: 5% !important;background-color: #01003a !important;}&#8221;][vc_column][vc_custom_heading text=&#8221;&#8220;Las grandes obras son hechas no con la fuerza, sino con la perseverancia\u201d. &#8220;&#8221; font_container=&#8221;tag:h1|font_size:2rem|text_align:center|color:%23ffffff&#8221; google_fonts=&#8221;font_family:Permanent%20Marker%3Aregular|font_style:400%20regular%3A400%3Anormal&#8221;][\/vc_column][\/vc_row]<\/p>\n<div class='campos'>","protected":false},"excerpt":{"rendered":"<p>[vc_row][vc_column width=&#8221;2\/3&#8243;][vc_single_image image=&#8221;5450&#8243; img_size=&#8221;full&#8221; css=&#8221;.vc_custom_1595861609838{padding-top: 0px !important;padding-bottom: 0px !important;}&#8221;][\/vc_column][vc_column width=&#8221;1\/3&#8243;][\/vc_column][\/vc_row][vc_row css=&#8221;.vc_custom_1593043392991{padding-right: 5% !important;padding-left: 5% !important;}&#8221;][vc_column][vc_custom_heading text=&#8221;Equipo de trabajo&#8221; font_container=&#8221;tag:h2|text_align:center&#8221; use_theme_fonts=&#8221;yes&#8221; css=&#8221;.vc_custom_1593042508803{padding-bottom: 10% !important;}&#8221;][vc_row_inner css=&#8221;.vc_custom_1593043065623{border: 4px solid rgba(226,226,226,0.53) !important;}&#8221;][vc_column_inner width=&#8221;1\/2&#8243;][vc_single_image image=&#8221;6094&#8243; img_size=&#8221;full&#8221; alignment=&#8221;center&#8221; style=&#8221;vc_box_circle_2&#8243;][vc_column_text]COORDINADORA DE \u00c1REA: Luz Helena Poveda Carvajal \u00a0[\/vc_column_text][\/vc_column_inner][vc_column_inner width=&#8221;1\/2&#8243;][vc_single_image image=&#8221;6096&#8243; img_size=&#8221;full&#8221; alignment=&#8221;center&#8221; style=&#8221;vc_box_circle_2&#8243;][vc_column_text]DOCENTES: Paola Andrea Lozano Vera \u00a0[\/vc_column_text][\/vc_column_inner][\/vc_row_inner][\/vc_column][\/vc_row][vc_row][vc_column width=&#8221;1\/2&#8243;][vc_row_inner css=&#8221;.vc_custom_1593045193592{padding-left: 5% !important;}&#8221;][vc_column_inner][vc_custom_heading text=&#8221; [&hellip;]<\/p>\n","protected":false},"author":1,"featured_media":0,"parent":0,"menu_order":0,"comment_status":"closed","ping_status":"closed","template":"","meta":[],"yoast_head":"<!-- This site is optimized with the Yoast SEO plugin v16.2 - https:\/\/yoast.com\/wordpress\/plugins\/seo\/ -->\n<meta name=\"robots\" content=\"index, follow, max-snippet:-1, max-image-preview:large, max-video-preview:-1\" \/>\n<link rel=\"canonical\" href=\"http:\/\/www.incodema.edu.co\/blog\/area-de-orientacion-profesional\/\" \/>\n<meta property=\"og:locale\" content=\"es_ES\" \/>\n<meta property=\"og:type\" content=\"article\" \/>\n<meta property=\"og:title\" content=\"\u00c1rea de Orientaci\u00f3n Profesional - INCODEMA\" \/>\n<meta property=\"og:description\" content=\"[vc_row][vc_column width=&#8221;2\/3&#8243;][vc_single_image image=&#8221;5450&#8243; img_size=&#8221;full&#8221; css=&#8221;.vc_custom_1595861609838{padding-top: 0px !important;padding-bottom: 0px !important;}&#8221;][\/vc_column][vc_column width=&#8221;1\/3&#8243;][\/vc_column][\/vc_row][vc_row css=&#8221;.vc_custom_1593043392991{padding-right: 5% !important;padding-left: 5% !important;}&#8221;][vc_column][vc_custom_heading text=&#8221;Equipo de trabajo&#8221; font_container=&#8221;tag:h2|text_align:center&#8221; use_theme_fonts=&#8221;yes&#8221; css=&#8221;.vc_custom_1593042508803{padding-bottom: 10% !important;}&#8221;][vc_row_inner css=&#8221;.vc_custom_1593043065623{border: 4px solid rgba(226,226,226,0.53) !important;}&#8221;][vc_column_inner width=&#8221;1\/2&#8243;][vc_single_image image=&#8221;6094&#8243; img_size=&#8221;full&#8221; alignment=&#8221;center&#8221; style=&#8221;vc_box_circle_2&#8243;][vc_column_text]COORDINADORA DE \u00c1REA: Luz Helena Poveda Carvajal \u00a0[\/vc_column_text][\/vc_column_inner][vc_column_inner width=&#8221;1\/2&#8243;][vc_single_image image=&#8221;6096&#8243; img_size=&#8221;full&#8221; alignment=&#8221;center&#8221; style=&#8221;vc_box_circle_2&#8243;][vc_column_text]DOCENTES: Paola Andrea Lozano Vera \u00a0[\/vc_column_text][\/vc_column_inner][\/vc_row_inner][\/vc_column][\/vc_row][vc_row][vc_column width=&#8221;1\/2&#8243;][vc_row_inner css=&#8221;.vc_custom_1593045193592{padding-left: 5% !important;}&#8221;][vc_column_inner][vc_custom_heading text=&#8221; [&hellip;]\" \/>\n<meta property=\"og:url\" content=\"http:\/\/www.incodema.edu.co\/blog\/area-de-orientacion-profesional\/\" \/>\n<meta property=\"og:site_name\" content=\"INCODEMA\" \/>\n<meta property=\"article:publisher\" content=\"https:\/\/www.facebook.com\/Incodema\" \/>\n<meta property=\"article:modified_time\" content=\"2021-02-23T17:49:28+00:00\" \/>\n<meta name=\"twitter:card\" content=\"summary_large_image\" \/>\n<meta name=\"twitter:label1\" content=\"Tiempo de lectura\">\n\t<meta name=\"twitter:data1\" content=\"2 minutos\">\n<script type=\"application\/ld+json\" class=\"yoast-schema-graph\">{\"@context\":\"https:\/\/schema.org\",\"@graph\":[{\"@type\":\"Organization\",\"@id\":\"http:\/\/www.incodema.edu.co\/blog\/#organization\",\"name\":\"Colegio Inmaculado Coraz\\u00f3n de Mar\\u00eda\",\"url\":\"http:\/\/www.incodema.edu.co\/blog\/\",\"sameAs\":[\"https:\/\/www.facebook.com\/Incodema\",\"https:\/\/www.youtube.com\/channel\/UCmYQMRqdS3cfuNCHQ_9q-sg\"],\"logo\":{\"@type\":\"ImageObject\",\"@id\":\"http:\/\/www.incodema.edu.co\/blog\/#logo\",\"inLanguage\":\"es\",\"url\":\"http:\/\/www.incodema.edu.co\/blog\/wp-content\/uploads\/2018\/02\/escudo-218x218-1.png\",\"contentUrl\":\"http:\/\/www.incodema.edu.co\/blog\/wp-content\/uploads\/2018\/02\/escudo-218x218-1.png\",\"width\":218,\"height\":218,\"caption\":\"Colegio Inmaculado Coraz\\u00f3n de Mar\\u00eda\"},\"image\":{\"@id\":\"http:\/\/www.incodema.edu.co\/blog\/#logo\"}},{\"@type\":\"WebSite\",\"@id\":\"http:\/\/www.incodema.edu.co\/blog\/#website\",\"url\":\"http:\/\/www.incodema.edu.co\/blog\/\",\"name\":\"INCODEMA\",\"description\":\"COLEGIO INMACULADO CORAZ&Oacute;N DE MAR&Iacute;A\",\"publisher\":{\"@id\":\"http:\/\/www.incodema.edu.co\/blog\/#organization\"},\"potentialAction\":[{\"@type\":\"SearchAction\",\"target\":\"http:\/\/www.incodema.edu.co\/blog\/?s={search_term_string}\",\"query-input\":\"required name=search_term_string\"}],\"inLanguage\":\"es\"},{\"@type\":\"WebPage\",\"@id\":\"http:\/\/www.incodema.edu.co\/blog\/area-de-orientacion-profesional\/#webpage\",\"url\":\"http:\/\/www.incodema.edu.co\/blog\/area-de-orientacion-profesional\/\",\"name\":\"\\u00c1rea de Orientaci\\u00f3n Profesional - INCODEMA\",\"isPartOf\":{\"@id\":\"http:\/\/www.incodema.edu.co\/blog\/#website\"},\"datePublished\":\"2019-03-20T00:27:37+00:00\",\"dateModified\":\"2021-02-23T17:49:28+00:00\",\"breadcrumb\":{\"@id\":\"http:\/\/www.incodema.edu.co\/blog\/area-de-orientacion-profesional\/#breadcrumb\"},\"inLanguage\":\"es\",\"potentialAction\":[{\"@type\":\"ReadAction\",\"target\":[\"http:\/\/www.incodema.edu.co\/blog\/area-de-orientacion-profesional\/\"]}]},{\"@type\":\"BreadcrumbList\",\"@id\":\"http:\/\/www.incodema.edu.co\/blog\/area-de-orientacion-profesional\/#breadcrumb\",\"itemListElement\":[{\"@type\":\"ListItem\",\"position\":1,\"item\":{\"@type\":\"WebPage\",\"@id\":\"http:\/\/www.incodema.edu.co\/blog\/\",\"url\":\"http:\/\/www.incodema.edu.co\/blog\/\",\"name\":\"Home\"}},{\"@type\":\"ListItem\",\"position\":2,\"item\":{\"@id\":\"http:\/\/www.incodema.edu.co\/blog\/area-de-orientacion-profesional\/#webpage\"}}]}]}<\/script>\n<!-- \/ Yoast SEO plugin. -->","_links":{"self":[{"href":"http:\/\/www.incodema.edu.co\/blog\/wp-json\/wp\/v2\/pages\/4856"}],"collection":[{"href":"http:\/\/www.incodema.edu.co\/blog\/wp-json\/wp\/v2\/pages"}],"about":[{"href":"http:\/\/www.incodema.edu.co\/blog\/wp-json\/wp\/v2\/types\/page"}],"author":[{"embeddable":true,"href":"http:\/\/www.incodema.edu.co\/blog\/wp-json\/wp\/v2\/users\/1"}],"replies":[{"embeddable":true,"href":"http:\/\/www.incodema.edu.co\/blog\/wp-json\/wp\/v2\/comments?post=4856"}],"version-history":[{"count":5,"href":"http:\/\/www.incodema.edu.co\/blog\/wp-json\/wp\/v2\/pages\/4856\/revisions"}],"predecessor-version":[{"id":6097,"href":"http:\/\/www.incodema.edu.co\/blog\/wp-json\/wp\/v2\/pages\/4856\/revisions\/6097"}],"wp:attachment":[{"href":"http:\/\/www.incodema.edu.co\/blog\/wp-json\/wp\/v2\/media?parent=4856"}],"curies":[{"name":"wp","href":"https:\/\/api.w.org\/{rel}","templated":true}]}}