{"id":5156,"date":"2020-05-27T15:28:18","date_gmt":"2020-05-27T20:28:18","guid":{"rendered":"http:\/\/www.incodema.edu.co\/blog\/?page_id=5156"},"modified":"2021-05-31T15:22:14","modified_gmt":"2021-05-31T20:22:14","slug":"circulares-rectoria","status":"publish","type":"page","link":"http:\/\/www.incodema.edu.co\/blog\/circulares-rectoria\/","title":{"rendered":"Circulares &#8211; Rector\u00eda"},"content":{"rendered":"<p>[vc_row][vc_column][vc_custom_heading text=&#8221;COLEGIO INMACULADO CORAZ\u00d3N DE MAR\u00cdA&#8221; font_container=&#8221;tag:h2|text_align:center&#8221; use_theme_fonts=&#8221;yes&#8221;][vc_custom_heading text=&#8221;CIRCULARES &#8211; RECTOR\u00cdA&#8221; font_container=&#8221;tag:h2|text_align:center&#8221; use_theme_fonts=&#8221;yes&#8221;][\/vc_column][\/vc_row][vc_row][vc_column width=&#8221;1\/6&#8243;][\/vc_column][vc_column width=&#8221;2\/3&#8243;]<div class='w3eden'><!-- WPDM Link Template: Default Template -->\n\n\n<div class=\"link-template-default card mb-2\">\n    <div class=\"card-body\">\n        <div class=\"media stack-xs\">\n            <div class=\"media-body\">\n                <div class=\"media\">\n                    <div class=\"mr-3 img-48\"><img class=\"wpdm_icon\" alt=\"Icono\" src=\"http:\/\/www.incodema.edu.co\/blog\/wp-content\/plugins\/download-manager\/assets\/file-type-icons\/pdf.svg\" onError='this.src=\"http:\/\/www.incodema.edu.co\/blog\/wp-content\/plugins\/download-manager\/assets\/file-type-icons\/unknown.svg\";' \/><\/div>\n                    <div class=\"media-body\">\n                        <h3 class=\"package-title\"><a href='http:\/\/www.incodema.edu.co\/blog\/download\/prueba-2\/'>Prueba 2<\/a><\/h3>\n                        <div class=\"text-muted text-small\"><i class=\"fas fa-copy\"><\/i> 1 archivo(s) <i class=\"fas fa-hdd ml-3\"><\/i> 156 KB<\/div>\n                    <\/div>\n                <\/div>\n            <\/div>\n            <div class=\"ml-3 wpdmdl-btn\">\n                <a class='wpdm-download-link download-on-click btn btn-info btn-sm' rel='nofollow' href='#' data-downloadurl=\"http:\/\/www.incodema.edu.co\/blog\/download\/prueba-2\/?wpdmdl=6423&refresh=69d4e44a9ec4b1775559754\">Descargar<\/a>\n            <\/div>\n        <\/div>\n    <\/div>\n<\/div>\n\n\n<\/div>[\/vc_column][vc_column width=&#8221;1\/6&#8243;][\/vc_column][\/vc_row]<\/p>\n<div class='campos'>","protected":false},"excerpt":{"rendered":"<p>[vc_row][vc_column][vc_custom_heading text=&#8221;COLEGIO INMACULADO CORAZ\u00d3N DE MAR\u00cdA&#8221; font_container=&#8221;tag:h2|text_align:center&#8221; use_theme_fonts=&#8221;yes&#8221;][vc_custom_heading text=&#8221;CIRCULARES &#8211; RECTOR\u00cdA&#8221; font_container=&#8221;tag:h2|text_align:center&#8221; use_theme_fonts=&#8221;yes&#8221;][\/vc_column][\/vc_row][vc_row][vc_column width=&#8221;1\/6&#8243;][\/vc_column][vc_column width=&#8221;2\/3&#8243;][\/vc_column][vc_column width=&#8221;1\/6&#8243;][\/vc_column][\/vc_row]<\/p>\n","protected":false},"author":1,"featured_media":0,"parent":0,"menu_order":0,"comment_status":"closed","ping_status":"closed","template":"","meta":[],"yoast_head":"<!-- This site is optimized with the Yoast SEO plugin v16.2 - https:\/\/yoast.com\/wordpress\/plugins\/seo\/ -->\n<meta name=\"robots\" content=\"index, follow, max-snippet:-1, max-image-preview:large, max-video-preview:-1\" \/>\n<link rel=\"canonical\" href=\"http:\/\/www.incodema.edu.co\/blog\/circulares-rectoria\/\" \/>\n<meta property=\"og:locale\" content=\"es_ES\" \/>\n<meta property=\"og:type\" content=\"article\" \/>\n<meta property=\"og:title\" content=\"Circulares - Rector\u00eda - INCODEMA\" \/>\n<meta property=\"og:description\" content=\"[vc_row][vc_column][vc_custom_heading text=&#8221;COLEGIO INMACULADO CORAZ\u00d3N DE MAR\u00cdA&#8221; font_container=&#8221;tag:h2|text_align:center&#8221; use_theme_fonts=&#8221;yes&#8221;][vc_custom_heading text=&#8221;CIRCULARES &#8211; RECTOR\u00cdA&#8221; font_container=&#8221;tag:h2|text_align:center&#8221; use_theme_fonts=&#8221;yes&#8221;][\/vc_column][\/vc_row][vc_row][vc_column width=&#8221;1\/6&#8243;][\/vc_column][vc_column width=&#8221;2\/3&#8243;][\/vc_column][vc_column width=&#8221;1\/6&#8243;][\/vc_column][\/vc_row]\" \/>\n<meta property=\"og:url\" content=\"http:\/\/www.incodema.edu.co\/blog\/circulares-rectoria\/\" \/>\n<meta property=\"og:site_name\" content=\"INCODEMA\" \/>\n<meta property=\"article:publisher\" content=\"https:\/\/www.facebook.com\/Incodema\" \/>\n<meta property=\"article:modified_time\" content=\"2021-05-31T20:22:14+00:00\" \/>\n<meta name=\"twitter:card\" content=\"summary_large_image\" \/>\n<meta name=\"twitter:label1\" content=\"Tiempo de lectura\">\n\t<meta name=\"twitter:data1\" content=\"1 minuto\">\n<script type=\"application\/ld+json\" class=\"yoast-schema-graph\">{\"@context\":\"https:\/\/schema.org\",\"@graph\":[{\"@type\":\"Organization\",\"@id\":\"https:\/\/www.incodema.edu.co\/blog\/#organization\",\"name\":\"Colegio Inmaculado Coraz\\u00f3n de Mar\\u00eda\",\"url\":\"https:\/\/www.incodema.edu.co\/blog\/\",\"sameAs\":[\"https:\/\/www.facebook.com\/Incodema\",\"https:\/\/www.youtube.com\/channel\/UCmYQMRqdS3cfuNCHQ_9q-sg\"],\"logo\":{\"@type\":\"ImageObject\",\"@id\":\"https:\/\/www.incodema.edu.co\/blog\/#logo\",\"inLanguage\":\"es\",\"url\":\"http:\/\/www.incodema.edu.co\/blog\/wp-content\/uploads\/2018\/02\/escudo-218x218-1.png\",\"contentUrl\":\"http:\/\/www.incodema.edu.co\/blog\/wp-content\/uploads\/2018\/02\/escudo-218x218-1.png\",\"width\":218,\"height\":218,\"caption\":\"Colegio Inmaculado Coraz\\u00f3n de Mar\\u00eda\"},\"image\":{\"@id\":\"https:\/\/www.incodema.edu.co\/blog\/#logo\"}},{\"@type\":\"WebSite\",\"@id\":\"https:\/\/www.incodema.edu.co\/blog\/#website\",\"url\":\"https:\/\/www.incodema.edu.co\/blog\/\",\"name\":\"INCODEMA\",\"description\":\"COLEGIO INMACULADO CORAZ&Oacute;N DE MAR&Iacute;A\",\"publisher\":{\"@id\":\"https:\/\/www.incodema.edu.co\/blog\/#organization\"},\"potentialAction\":[{\"@type\":\"SearchAction\",\"target\":\"https:\/\/www.incodema.edu.co\/blog\/?s={search_term_string}\",\"query-input\":\"required name=search_term_string\"}],\"inLanguage\":\"es\"},{\"@type\":\"WebPage\",\"@id\":\"http:\/\/www.incodema.edu.co\/blog\/circulares-rectoria\/#webpage\",\"url\":\"http:\/\/www.incodema.edu.co\/blog\/circulares-rectoria\/\",\"name\":\"Circulares - Rector\\u00eda - INCODEMA\",\"isPartOf\":{\"@id\":\"https:\/\/www.incodema.edu.co\/blog\/#website\"},\"datePublished\":\"2020-05-27T20:28:18+00:00\",\"dateModified\":\"2021-05-31T20:22:14+00:00\",\"breadcrumb\":{\"@id\":\"http:\/\/www.incodema.edu.co\/blog\/circulares-rectoria\/#breadcrumb\"},\"inLanguage\":\"es\",\"potentialAction\":[{\"@type\":\"ReadAction\",\"target\":[\"http:\/\/www.incodema.edu.co\/blog\/circulares-rectoria\/\"]}]},{\"@type\":\"BreadcrumbList\",\"@id\":\"http:\/\/www.incodema.edu.co\/blog\/circulares-rectoria\/#breadcrumb\",\"itemListElement\":[{\"@type\":\"ListItem\",\"position\":1,\"item\":{\"@type\":\"WebPage\",\"@id\":\"https:\/\/www.incodema.edu.co\/blog\/\",\"url\":\"https:\/\/www.incodema.edu.co\/blog\/\",\"name\":\"Home\"}},{\"@type\":\"ListItem\",\"position\":2,\"item\":{\"@id\":\"http:\/\/www.incodema.edu.co\/blog\/circulares-rectoria\/#webpage\"}}]}]}<\/script>\n<!-- \/ Yoast SEO plugin. -->","_links":{"self":[{"href":"http:\/\/www.incodema.edu.co\/blog\/wp-json\/wp\/v2\/pages\/5156"}],"collection":[{"href":"http:\/\/www.incodema.edu.co\/blog\/wp-json\/wp\/v2\/pages"}],"about":[{"href":"http:\/\/www.incodema.edu.co\/blog\/wp-json\/wp\/v2\/types\/page"}],"author":[{"embeddable":true,"href":"http:\/\/www.incodema.edu.co\/blog\/wp-json\/wp\/v2\/users\/1"}],"replies":[{"embeddable":true,"href":"http:\/\/www.incodema.edu.co\/blog\/wp-json\/wp\/v2\/comments?post=5156"}],"version-history":[{"count":10,"href":"http:\/\/www.incodema.edu.co\/blog\/wp-json\/wp\/v2\/pages\/5156\/revisions"}],"predecessor-version":[{"id":6424,"href":"http:\/\/www.incodema.edu.co\/blog\/wp-json\/wp\/v2\/pages\/5156\/revisions\/6424"}],"wp:attachment":[{"href":"http:\/\/www.incodema.edu.co\/blog\/wp-json\/wp\/v2\/media?parent=5156"}],"curies":[{"name":"wp","href":"https:\/\/api.w.org\/{rel}","templated":true}]}}