{"id":5486,"date":"2020-07-29T14:44:02","date_gmt":"2020-07-29T19:44:02","guid":{"rendered":"http:\/\/www.incodema.edu.co\/blog\/?page_id=5486"},"modified":"2020-09-17T14:48:58","modified_gmt":"2020-09-17T19:48:58","slug":"admisiones","status":"publish","type":"page","link":"http:\/\/www.incodema.edu.co\/blog\/admisiones\/","title":{"rendered":"Admisiones"},"content":{"rendered":"<p>[vc_row][vc_column width=&#8221;1\/12&#8243;][\/vc_column][vc_column width=&#8221;10\/12&#8243; css=&#8221;.vc_custom_1596171490425{border-top-width: 3px !important;border-right-width: 3px !important;border-bottom-width: 3px !important;border-left-width: 3px !important;padding-top: 1% !important;padding-right: 5% !important;padding-bottom: 5% !important;padding-left: 5% !important;border-left-color: #f8f8f8 !important;border-left-style: solid !important;border-right-color: #f8f8f8 !important;border-right-style: solid !important;border-top-color: #f8f8f8 !important;border-top-style: solid !important;border-bottom-color: #f8f8f8 !important;border-bottom-style: solid !important;}&#8221;][vc_custom_heading text=&#8221;ADMISIONES 2020 \u2013 2021<br \/>\nBIENVENIDOS&#8221; font_container=&#8221;tag:h2|text_align:center&#8221; use_theme_fonts=&#8221;yes&#8221; css=&#8221;.vc_custom_1596171131559{margin-bottom: 5% !important;}&#8221;][vc_column_text]<\/p>\n<p style=\"text-align: left;\">Bienvenidos a ser parte de nuestra Comunidad Educativa, a continuaci\u00f3n, los invitamos a diligenciar la siguiente preinscripci\u00f3n.<\/p>\n<p>[\/vc_column_text][vc_row_inner css=&#8221;.vc_custom_1596168675023{background-color: #f8f8f8 !important;}&#8221;][vc_column_inner css=&#8221;.vc_custom_1596183738077{padding-bottom: 10% !important;}&#8221;]<div role=\"form\" class=\"wpcf7\" id=\"wpcf7-f5485-o1\" lang=\"es-CO\" dir=\"ltr\">\n<div class=\"screen-reader-response\"><p role=\"status\" aria-live=\"polite\" aria-atomic=\"true\"><\/p> <ul><\/ul><\/div>\n<form action=\"\/blog\/wp-json\/wp\/v2\/pages\/5486#wpcf7-f5485-o1\" method=\"post\" class=\"wpcf7-form init\" novalidate=\"novalidate\" data-status=\"init\">\n<div style=\"display: none;\">\n<input type=\"hidden\" name=\"_wpcf7\" value=\"5485\" \/>\n<input type=\"hidden\" name=\"_wpcf7_version\" value=\"5.4.1\" \/>\n<input type=\"hidden\" name=\"_wpcf7_locale\" value=\"es_CO\" \/>\n<input type=\"hidden\" name=\"_wpcf7_unit_tag\" value=\"wpcf7-f5485-o1\" \/>\n<input type=\"hidden\" name=\"_wpcf7_container_post\" value=\"0\" \/>\n<input type=\"hidden\" name=\"_wpcf7_posted_data_hash\" value=\"\" \/>\n<\/div>\n<div id=\"responsive-form\" class=\"clearfix\">\n<div class=\"form-row\">\n<div class=\"column-3\"><span class=\"wpcf7-form-control-wrap nombre-aspirante\"><input type=\"text\" name=\"nombre-aspirante\" value=\"\" size=\"40\" class=\"wpcf7-form-control wpcf7-text wpcf7-validates-as-required\" aria-required=\"true\" aria-invalid=\"false\" placeholder=\"Nombre del Aspirante*\" \/><\/span><\/div>\n<div class=\"column-3\"><span class=\"wpcf7-form-control-wrap edad\"><input type=\"number\" name=\"edad\" value=\"\" class=\"wpcf7-form-control wpcf7-number wpcf7-validates-as-required wpcf7-validates-as-number\" min=\"3\" max=\"16\" aria-required=\"true\" aria-invalid=\"false\" placeholder=\"Edad del Aspirante (a\u00f1os)*\" \/><\/span><\/div>\n<div class=\"column-3\"><span class=\"wpcf7-form-control-wrap procedencia\"><input type=\"text\" name=\"procedencia\" value=\"\" size=\"40\" class=\"wpcf7-form-control wpcf7-text wpcf7-validates-as-required\" aria-required=\"true\" aria-invalid=\"false\" placeholder=\"Colegio o Jard\u00edn de Procedencia*\" \/><\/span><\/div>\n<\/div>\n<div class=\"form-row\">\n<div class=\"column-3\"><span class=\"wpcf7-form-control-wrap acudiente\"><input type=\"text\" name=\"acudiente\" value=\"\" size=\"40\" class=\"wpcf7-form-control wpcf7-text wpcf7-validates-as-required\" aria-required=\"true\" aria-invalid=\"false\" placeholder=\"Nombre de mam\u00e1, pap\u00e1 o acudiente*\" \/><\/span><\/div>\n<div class=\"column-3\"><span class=\"wpcf7-form-control-wrap email\"><input type=\"email\" name=\"email\" value=\"\" size=\"40\" class=\"wpcf7-form-control wpcf7-text wpcf7-email wpcf7-validates-as-required wpcf7-validates-as-email\" aria-required=\"true\" aria-invalid=\"false\" placeholder=\"Correo Electr\u00f3nico\" \/><\/span><\/div>\n<div class=\"column-3\"><span class=\"wpcf7-form-control-wrap telefono\"><input type=\"tel\" name=\"telefono\" value=\"\" size=\"40\" class=\"wpcf7-form-control wpcf7-text wpcf7-tel wpcf7-validates-as-required wpcf7-validates-as-tel\" aria-required=\"true\" aria-invalid=\"false\" placeholder=\"Tel\u00e9fono de Contacto\" \/><\/span><\/div>\n<\/div>\n<div class=\"form-row\">\n<label><b>Grado al que aspira<\/b><\/label><\/p>\n<div class=\"column-3\"><span class=\"wpcf7-form-control-wrap grado\"><select name=\"grado\" class=\"wpcf7-form-control wpcf7-select wpcf7-validates-as-required\" aria-required=\"true\" aria-invalid=\"false\"><option value=\"\">---<\/option><option value=\"Jard\u00edn\">Jard\u00edn<\/option><option value=\"Transici\u00f3n\">Transici\u00f3n<\/option><option value=\"Primero\">Primero<\/option><option value=\"Segundo\">Segundo<\/option><option value=\"Tercero\">Tercero<\/option><option value=\"Cuarto\">Cuarto<\/option><option value=\"Quinto\">Quinto<\/option><option value=\"Sexto\">Sexto<\/option><option value=\"S\u00e9ptimo\">S\u00e9ptimo<\/option><option value=\"Octavo\">Octavo<\/option><option value=\"Noveno\">Noveno<\/option><\/select><\/span><\/div>\n<\/div>\n<div class=\"form-row\" style=\"width:100%;display:inline-block\">\n<div><br><br \/>\n<label>Autorizo al Colegio Inmaculado Coraz\u00f3n de Mar\u00eda para que utilice estos datos con el fin de hacerme llegar informaci\u00f3n del proceso de admision.<\/label><br \/>\n<span class=\"wpcf7-form-control-wrap acceptance-717\"><span class=\"wpcf7-form-control wpcf7-acceptance\"><span class=\"wpcf7-list-item\"><label><input type=\"checkbox\" name=\"acceptance-717\" value=\"1\" aria-invalid=\"false\" \/><span class=\"wpcf7-list-item-label\">Acepto la pol\u00edtica de tratamiento y protecci\u00f3n de datos personales.<\/span><\/label><\/span><\/span><\/span>\n<\/div>\n<\/div>\n<div class=\"form-row\" style=\"width:100%;display:inline-block\">\n<div><br><br \/>\n<input type=\"submit\" value=\"Enviar\" class=\"wpcf7-form-control wpcf7-submit\" \/>\n<\/div>\n<\/div>\n<\/div>\n<div class=\"wpcf7-response-output\" aria-hidden=\"true\"><\/div><\/form><\/div>[\/vc_column_inner][\/vc_row_inner][\/vc_column][vc_column width=&#8221;1\/12&#8243;][\/vc_column][\/vc_row][vc_row css=&#8221;.vc_custom_1596168772221{margin-top: 5% !important;}&#8221;][vc_column width=&#8221;2\/3&#8243;][vc_custom_heading text=&#8221;Proceso de admisi\u00f3n&#8221; use_theme_fonts=&#8221;yes&#8221; css=&#8221;.vc_custom_1596166107504{margin-left: 10% !important;}&#8221;][vc_tta_tour color=&#8221;blue&#8221; spacing=&#8221;25&#8243; gap=&#8221;5&#8243; alignment=&#8221;center&#8221; active_section=&#8221;1&#8243; css_animation=&#8221;fadeInUp&#8221; css=&#8221;.vc_custom_1596170777293{margin-bottom: 10% !important;margin-left: 10% !important;}&#8221;][vc_tta_section i_icon_fontawesome=&#8221;fa fa-genderless&#8221; add_icon=&#8221;true&#8221; title=&#8221;Paso 1&#8243; tab_id=&#8221;1596164999126-c10f2839-d10c&#8221;][vc_custom_heading text=&#8221;ADQUISICI\u00d3N DEL FORMULARIO.&#8221; font_container=&#8221;tag:h2|font_size:25px|text_align:center&#8221; use_theme_fonts=&#8221;yes&#8221;][vc_column_text]<strong>Costo:<\/strong> $50.000<br \/>\n<strong>Fecha:<\/strong> A partir de 27 de julio de 2020<\/p>\n<p><strong>FORMAS DE ADQUISICI\u00d3N:<\/strong><\/p>\n<p><strong>DIRECTAMENTE EN LA INSTITUCI\u00d3N<\/strong><br \/>\nHorario: Lunes a Viernes 9 a.m a 12 m.<br \/>\nRecepci\u00f3n de documentos: Martes y Jueves 9 a.m a 2 p.m<br \/>\nFechas de recepci\u00f3n de documentos: Septiembre 1, 3, 8, 10.<\/p>\n<p><strong>FORMULARIO ONLINE<\/strong><br \/>\nenviar solicitud al correo admisiones@incodema.edu.co para recibir informaci\u00f3n del proceso y de la documentaci\u00f3n requerida a trav\u00e9s de su correo personal.[\/vc_column_text][\/vc_tta_section][vc_tta_section i_icon_fontawesome=&#8221;fa fa-genderless&#8221; add_icon=&#8221;true&#8221; title=&#8221;Paso 2&#8243; tab_id=&#8221;1596164999157-4009e626-117f&#8221;][vc_custom_heading text=&#8221;PRUEBA DIAGN\u00d3STICA&#8221; font_container=&#8221;tag:h2|font_size:25px|text_align:center&#8221; use_theme_fonts=&#8221;yes&#8221; css=&#8221;.vc_custom_1596171006087{margin-top: 10% !important;}&#8221;][vc_column_text]<\/p>\n<p style=\"text-align: justify;\">Todas las pruebas de admisi\u00f3n se realizar\u00e1n de manera PRESENCIAL en las Instalaciones del colegio el d\u00eda Martes 22 de septiembre,\u00a0 cada aspirante ser\u00e1 notificado de la hora de aplicaci\u00f3n a trav\u00e9s del correo electr\u00f3nico o llamada telef\u00f3nica. Tener presente que solo se permitir\u00e1 el ingreso del aspirante y un adulto que le acompa\u00f1e. Para el grado Prejard\u00edn se notificar\u00e1 la fecha pr\u00f3ximamente.<\/p>\n<p>[\/vc_column_text][\/vc_tta_section][vc_tta_section i_icon_fontawesome=&#8221;fa fa-genderless&#8221; add_icon=&#8221;true&#8221; title=&#8221;Paso 3&#8243; tab_id=&#8221;1596165147793-f0e22ae1-4e7f&#8221;][vc_custom_heading text=&#8221;ENTREVISTA&#8221; font_container=&#8221;tag:h2|font_size:25px|text_align:center&#8221; use_theme_fonts=&#8221;yes&#8221; css=&#8221;.vc_custom_1596171018277{margin-top: 10% !important;}&#8221;][vc_column_text]<\/p>\n<p style=\"text-align: justify;\">Para nosotros es muy importante conocer a los ni\u00f1os, ni\u00f1as y adolescentes que se presentan con sus familias al proceso de admisi\u00f3n, por ello TODAS LAS ENTREVISTAS se realizar\u00e1n de manera presencial el d\u00eda S\u00e1bado 26 de septiembre y la hora correspondiente ser\u00e1 informada v\u00eda correo electr\u00f3nico o llamada telef\u00f3nica con anterioridad.<\/p>\n<p>[\/vc_column_text][\/vc_tta_section][vc_tta_section i_icon_fontawesome=&#8221;fa fa-genderless&#8221; add_icon=&#8221;true&#8221; title=&#8221;Paso 4&#8243; tab_id=&#8221;1596165149197-aa685023-a465&#8243;][vc_custom_heading text=&#8221;PUBLICACI\u00d3N DE ADMITIDOS&#8221; font_container=&#8221;tag:h2|font_size:25px|text_align:center&#8221; use_theme_fonts=&#8221;yes&#8221; css=&#8221;.vc_custom_1596171030069{margin-top: 10% !important;}&#8221;][vc_column_text]<\/p>\n<p style=\"text-align: justify;\">El 2 de Octubre\u00a0 a partir de las 2:00 pm se publicar\u00e1 en esta p\u00e1gina web la lista de estudiantes que han cumplido a cabalidad con todo el proceso de admisi\u00f3n incluida la entrega completa de la documentaci\u00f3n y contin\u00faan con el proceso de matr\u00edcula.<\/p>\n<p>[\/vc_column_text][\/vc_tta_section][vc_tta_section i_icon_fontawesome=&#8221;fa fa-genderless&#8221; add_icon=&#8221;true&#8221; title=&#8221;Paso 5&#8243; tab_id=&#8221;1596165152447-a864a12b-7e6f&#8221;][vc_custom_heading text=&#8221;RECEPCI\u00d3N DE DOCUMENTOS DE ADMITIDOS&#8221; font_container=&#8221;tag:h2|font_size:25px|text_align:center&#8221; use_theme_fonts=&#8221;yes&#8221; css=&#8221;.vc_custom_1596169293479{margin-top: 10% !important;}&#8221;][vc_column_text]<\/p>\n<p style=\"text-align: center;\">Los d\u00edas martes y jueves del mes de octubre en horario de 9 am a 2 pm, los padres de los estudiantes admitidos deben hacer entrega de la documentaci\u00f3n completa requerida en Secretaria de la Instituci\u00f3n, con el fin de emitir los documentos necesarios para finalizar el proceso de matr\u00edcula.<\/p>\n<p>[\/vc_column_text][\/vc_tta_section][vc_tta_section i_icon_fontawesome=&#8221;fa fa-genderless&#8221; add_icon=&#8221;true&#8221; title=&#8221;Paso 6&#8243; tab_id=&#8221;1596165153768-2a5d959c-bf11&#8243;][vc_custom_heading text=&#8221;MATR\u00cdCULA&#8221; font_container=&#8221;tag:h2|font_size:25px|text_align:center&#8221; use_theme_fonts=&#8221;yes&#8221; css=&#8221;.vc_custom_1596171065365{margin-top: 10% !important;}&#8221;][vc_column_text]El 9 de diciembre se formaliza el proceso de matr\u00edcula de estudiantes nuevos de acuerdo con las disposiciones vigentes, que se informar\u00e1n directamente a los involucrados[\/vc_column_text][\/vc_tta_section][\/vc_tta_tour][\/vc_column][vc_column width=&#8221;1\/3&#8243;][\/vc_column][\/vc_row]<\/p>\n<div class='campos'>","protected":false},"excerpt":{"rendered":"<p>[vc_row][vc_column width=&#8221;1\/12&#8243;][\/vc_column][vc_column width=&#8221;10\/12&#8243; css=&#8221;.vc_custom_1596171490425{border-top-width: 3px !important;border-right-width: 3px !important;border-bottom-width: 3px !important;border-left-width: 3px !important;padding-top: 1% !important;padding-right: 5% !important;padding-bottom: 5% !important;padding-left: 5% !important;border-left-color: #f8f8f8 !important;border-left-style: solid !important;border-right-color: #f8f8f8 !important;border-right-style: solid !important;border-top-color: #f8f8f8 !important;border-top-style: solid !important;border-bottom-color: #f8f8f8 !important;border-bottom-style: solid !important;}&#8221;][vc_custom_heading text=&#8221;ADMISIONES 2020 \u2013 2021 BIENVENIDOS&#8221; font_container=&#8221;tag:h2|text_align:center&#8221; use_theme_fonts=&#8221;yes&#8221; css=&#8221;.vc_custom_1596171131559{margin-bottom: 5% !important;}&#8221;][vc_column_text] Bienvenidos a ser parte de nuestra Comunidad Educativa, a [&hellip;]<\/p>\n","protected":false},"author":1,"featured_media":0,"parent":0,"menu_order":0,"comment_status":"closed","ping_status":"closed","template":"","meta":[],"yoast_head":"<!-- This site is optimized with the Yoast SEO plugin v16.2 - https:\/\/yoast.com\/wordpress\/plugins\/seo\/ -->\n<meta name=\"robots\" content=\"index, follow, max-snippet:-1, max-image-preview:large, max-video-preview:-1\" \/>\n<link rel=\"canonical\" href=\"http:\/\/www.incodema.edu.co\/blog\/admisiones\/\" \/>\n<meta property=\"og:locale\" content=\"es_ES\" \/>\n<meta property=\"og:type\" content=\"article\" \/>\n<meta property=\"og:title\" content=\"Admisiones - INCODEMA\" \/>\n<meta property=\"og:description\" content=\"[vc_row][vc_column width=&#8221;1\/12&#8243;][\/vc_column][vc_column width=&#8221;10\/12&#8243; css=&#8221;.vc_custom_1596171490425{border-top-width: 3px !important;border-right-width: 3px !important;border-bottom-width: 3px !important;border-left-width: 3px !important;padding-top: 1% !important;padding-right: 5% !important;padding-bottom: 5% !important;padding-left: 5% !important;border-left-color: #f8f8f8 !important;border-left-style: solid !important;border-right-color: #f8f8f8 !important;border-right-style: solid !important;border-top-color: #f8f8f8 !important;border-top-style: solid !important;border-bottom-color: #f8f8f8 !important;border-bottom-style: solid !important;}&#8221;][vc_custom_heading text=&#8221;ADMISIONES 2020 \u2013 2021 BIENVENIDOS&#8221; font_container=&#8221;tag:h2|text_align:center&#8221; use_theme_fonts=&#8221;yes&#8221; css=&#8221;.vc_custom_1596171131559{margin-bottom: 5% !important;}&#8221;][vc_column_text] Bienvenidos a ser parte de nuestra Comunidad Educativa, a [&hellip;]\" \/>\n<meta property=\"og:url\" content=\"http:\/\/www.incodema.edu.co\/blog\/admisiones\/\" \/>\n<meta property=\"og:site_name\" content=\"INCODEMA\" \/>\n<meta property=\"article:publisher\" content=\"https:\/\/www.facebook.com\/Incodema\" \/>\n<meta property=\"article:modified_time\" content=\"2020-09-17T19:48:58+00:00\" \/>\n<meta name=\"twitter:card\" content=\"summary_large_image\" \/>\n<meta name=\"twitter:label1\" content=\"Tiempo de lectura\">\n\t<meta name=\"twitter:data1\" content=\"4 minutos\">\n<script type=\"application\/ld+json\" class=\"yoast-schema-graph\">{\"@context\":\"https:\/\/schema.org\",\"@graph\":[{\"@type\":\"Organization\",\"@id\":\"http:\/\/www.incodema.edu.co\/blog\/#organization\",\"name\":\"Colegio Inmaculado Coraz\\u00f3n de Mar\\u00eda\",\"url\":\"http:\/\/www.incodema.edu.co\/blog\/\",\"sameAs\":[\"https:\/\/www.facebook.com\/Incodema\",\"https:\/\/www.youtube.com\/channel\/UCmYQMRqdS3cfuNCHQ_9q-sg\"],\"logo\":{\"@type\":\"ImageObject\",\"@id\":\"http:\/\/www.incodema.edu.co\/blog\/#logo\",\"inLanguage\":\"es\",\"url\":\"http:\/\/www.incodema.edu.co\/blog\/wp-content\/uploads\/2018\/02\/escudo-218x218-1.png\",\"contentUrl\":\"http:\/\/www.incodema.edu.co\/blog\/wp-content\/uploads\/2018\/02\/escudo-218x218-1.png\",\"width\":218,\"height\":218,\"caption\":\"Colegio Inmaculado Coraz\\u00f3n de Mar\\u00eda\"},\"image\":{\"@id\":\"http:\/\/www.incodema.edu.co\/blog\/#logo\"}},{\"@type\":\"WebSite\",\"@id\":\"http:\/\/www.incodema.edu.co\/blog\/#website\",\"url\":\"http:\/\/www.incodema.edu.co\/blog\/\",\"name\":\"INCODEMA\",\"description\":\"COLEGIO INMACULADO CORAZ&Oacute;N DE MAR&Iacute;A\",\"publisher\":{\"@id\":\"http:\/\/www.incodema.edu.co\/blog\/#organization\"},\"potentialAction\":[{\"@type\":\"SearchAction\",\"target\":\"http:\/\/www.incodema.edu.co\/blog\/?s={search_term_string}\",\"query-input\":\"required name=search_term_string\"}],\"inLanguage\":\"es\"},{\"@type\":\"WebPage\",\"@id\":\"http:\/\/www.incodema.edu.co\/blog\/admisiones\/#webpage\",\"url\":\"http:\/\/www.incodema.edu.co\/blog\/admisiones\/\",\"name\":\"Admisiones - INCODEMA\",\"isPartOf\":{\"@id\":\"http:\/\/www.incodema.edu.co\/blog\/#website\"},\"datePublished\":\"2020-07-29T19:44:02+00:00\",\"dateModified\":\"2020-09-17T19:48:58+00:00\",\"breadcrumb\":{\"@id\":\"http:\/\/www.incodema.edu.co\/blog\/admisiones\/#breadcrumb\"},\"inLanguage\":\"es\",\"potentialAction\":[{\"@type\":\"ReadAction\",\"target\":[\"http:\/\/www.incodema.edu.co\/blog\/admisiones\/\"]}]},{\"@type\":\"BreadcrumbList\",\"@id\":\"http:\/\/www.incodema.edu.co\/blog\/admisiones\/#breadcrumb\",\"itemListElement\":[{\"@type\":\"ListItem\",\"position\":1,\"item\":{\"@type\":\"WebPage\",\"@id\":\"http:\/\/www.incodema.edu.co\/blog\/\",\"url\":\"http:\/\/www.incodema.edu.co\/blog\/\",\"name\":\"Home\"}},{\"@type\":\"ListItem\",\"position\":2,\"item\":{\"@id\":\"http:\/\/www.incodema.edu.co\/blog\/admisiones\/#webpage\"}}]}]}<\/script>\n<!-- \/ Yoast SEO plugin. -->","_links":{"self":[{"href":"http:\/\/www.incodema.edu.co\/blog\/wp-json\/wp\/v2\/pages\/5486"}],"collection":[{"href":"http:\/\/www.incodema.edu.co\/blog\/wp-json\/wp\/v2\/pages"}],"about":[{"href":"http:\/\/www.incodema.edu.co\/blog\/wp-json\/wp\/v2\/types\/page"}],"author":[{"embeddable":true,"href":"http:\/\/www.incodema.edu.co\/blog\/wp-json\/wp\/v2\/users\/1"}],"replies":[{"embeddable":true,"href":"http:\/\/www.incodema.edu.co\/blog\/wp-json\/wp\/v2\/comments?post=5486"}],"version-history":[{"count":46,"href":"http:\/\/www.incodema.edu.co\/blog\/wp-json\/wp\/v2\/pages\/5486\/revisions"}],"predecessor-version":[{"id":5723,"href":"http:\/\/www.incodema.edu.co\/blog\/wp-json\/wp\/v2\/pages\/5486\/revisions\/5723"}],"wp:attachment":[{"href":"http:\/\/www.incodema.edu.co\/blog\/wp-json\/wp\/v2\/media?parent=5486"}],"curies":[{"name":"wp","href":"https:\/\/api.w.org\/{rel}","templated":true}]}}