{"id":5570,"date":"2020-08-10T08:17:52","date_gmt":"2020-08-10T13:17:52","guid":{"rendered":"http:\/\/www.incodema.edu.co\/blog\/?page_id=5570"},"modified":"2020-08-10T17:20:37","modified_gmt":"2020-08-10T22:20:37","slug":"equipo-directivo","status":"publish","type":"page","link":"http:\/\/www.incodema.edu.co\/blog\/equipo-directivo\/","title":{"rendered":"EQUIPO DIRECTIVO"},"content":{"rendered":"<p>[vc_row][vc_column][vc_single_image image=&#8221;5571&#8243; img_size=&#8221;full&#8221; alignment=&#8221;center&#8221;][vc_row_inner][vc_column_inner][vc_column_text css=&#8221;.vc_custom_1597098034312{margin-top: -2% !important;}&#8221;]<\/p>\n<p style=\"text-align: center; font-size: 13px; color: #aaaaaa;\"><strong>\u2022 Leofredis Mosquera:<\/strong> Docente representante de Primaria <strong>\u2022 Ana Mar\u00eda Larrotta:<\/strong> Coordinadora General Primaria <strong>\u2022 Carol Milena Vargas:<\/strong> Coordinadora de Pastoral <strong>\u2022 Dulce Mar\u00eda Carvajal<\/strong>: Rectora <strong>\u2022 Gladys Tabares:<\/strong> Coordinadora General Secundaria <strong>\u2022 Janeth Galindo:<\/strong> Docente representante de Secundaria <strong>\u2022 Sandra Acosta:<\/strong> Secretaria Administrativa <strong>\u2022 Luz Helena Poveda:<\/strong> Psicoorientadora<\/p>\n<p>[\/vc_column_text][\/vc_column_inner][\/vc_row_inner][\/vc_column][\/vc_row][vc_row][vc_column width=&#8221;1\/6&#8243;][\/vc_column][vc_column width=&#8221;2\/3&#8243;][vc_column_text]<\/p>\n<blockquote>\n<p style=\"text-align: center;\">Es un equipo de car\u00e1cter institucional conformado por representantes de algunas instancias, entre las cuales se encuentran: Rector\u00eda, Coordinaci\u00f3n Pastoral, Coordinaci\u00f3n General, Coordinadora de Psico orientaci\u00f3n, Docente de primaria, Docente de secundaria, Secretaria Administrativa.<\/p>\n<\/blockquote>\n<p>[\/vc_column_text][\/vc_column][vc_column width=&#8221;1\/6&#8243;][\/vc_column][\/vc_row][vc_row][vc_column width=&#8221;1\/4&#8243;][\/vc_column][vc_column width=&#8221;1\/2&#8243;][vc_column_text css=&#8221;.vc_custom_1597065812615{padding-bottom: 10% !important;}&#8221;]<\/p>\n<ul>\n<li style=\"text-align: Justify;\">Establecer comunicaci\u00f3n permanente entre la Rector\u00eda y las diferentes instancias institucionales, para reconocer las necesidades, inquietudes y propuestas viables a desarrollar en beneficio de toda la Comunidad Educativa.<\/li>\n<li style=\"text-align: Justify;\">Generar las condiciones necesarias para lograr un ambiente arm\u00f3nico entre todas las instancias que conforman la Comunidad Educativa.<\/li>\n<li style=\"text-align: Justify;\">Apoyar los proyectos pedag\u00f3gicos, los procesos acad\u00e9micos, la pr\u00e1ctica convivencial y el desarrollo psicosocial que implementa la Instituci\u00f3n.<\/li>\n<li style=\"text-align: Justify;\">Construir una Escuela incluyente, que ofrezca procesos de calidad en el acompa\u00f1amiento y seguimiento pedag\u00f3gico y social.<\/li>\n<li style=\"text-align: Justify;\">Establecer comunicaci\u00f3n permanente con entidades locales, nacionales y colegios pertenecientes a la Comunidad Claretiana, para retroalimentar y enriquecer procesos educativos, administrativos, comunitarios y pastorales; a trav\u00e9s del uso de redes sociales.<\/li>\n<li style=\"text-align: Justify;\">Fortalecer los procesos de evaluaci\u00f3n institucional, para plantear, ejecutar y hacer seguimiento de las diferentes instancias que conforman la Comunidad Educativa.<\/li>\n<li style=\"text-align: Justify;\">Ejercer como miembro de este quipo un liderazgo positivo y propositivo que favorezca la ejecuci\u00f3n de las acciones generadas en bienestar de todas las instancias que conforman la Instituci\u00f3n.<\/li>\n<\/ul>\n<p>[\/vc_column_text][\/vc_column][vc_column width=&#8221;1\/4&#8243;][\/vc_column][\/vc_row]<\/p>\n<div class='campos'>","protected":false},"excerpt":{"rendered":"<p>[vc_row][vc_column][vc_single_image image=&#8221;5571&#8243; img_size=&#8221;full&#8221; alignment=&#8221;center&#8221;][vc_row_inner][vc_column_inner][vc_column_text css=&#8221;.vc_custom_1597098034312{margin-top: -2% !important;}&#8221;] \u2022 Leofredis Mosquera: Docente representante de Primaria \u2022 Ana Mar\u00eda Larrotta: Coordinadora General Primaria \u2022 Carol Milena Vargas: Coordinadora de Pastoral \u2022 Dulce Mar\u00eda Carvajal: Rectora \u2022 Gladys Tabares: Coordinadora General Secundaria \u2022 Janeth Galindo: Docente representante de Secundaria \u2022 Sandra Acosta: Secretaria Administrativa \u2022 Luz Helena Poveda: [&hellip;]<\/p>\n","protected":false},"author":1,"featured_media":0,"parent":0,"menu_order":0,"comment_status":"closed","ping_status":"closed","template":"","meta":[],"yoast_head":"<!-- This site is optimized with the Yoast SEO plugin v16.2 - https:\/\/yoast.com\/wordpress\/plugins\/seo\/ -->\n<meta name=\"robots\" content=\"index, follow, max-snippet:-1, max-image-preview:large, max-video-preview:-1\" \/>\n<link rel=\"canonical\" href=\"https:\/\/www.incodema.edu.co\/blog\/equipo-directivo\/\" \/>\n<meta property=\"og:locale\" content=\"es_ES\" \/>\n<meta property=\"og:type\" content=\"article\" \/>\n<meta property=\"og:title\" content=\"EQUIPO DIRECTIVO - INCODEMA\" \/>\n<meta property=\"og:description\" content=\"[vc_row][vc_column][vc_single_image image=&#8221;5571&#8243; img_size=&#8221;full&#8221; alignment=&#8221;center&#8221;][vc_row_inner][vc_column_inner][vc_column_text css=&#8221;.vc_custom_1597098034312{margin-top: -2% !important;}&#8221;] \u2022 Leofredis Mosquera: Docente representante de Primaria \u2022 Ana Mar\u00eda Larrotta: Coordinadora General Primaria \u2022 Carol Milena Vargas: Coordinadora de Pastoral \u2022 Dulce Mar\u00eda Carvajal: Rectora \u2022 Gladys Tabares: Coordinadora General Secundaria \u2022 Janeth Galindo: Docente representante de Secundaria \u2022 Sandra Acosta: Secretaria Administrativa \u2022 Luz Helena Poveda: [&hellip;]\" \/>\n<meta property=\"og:url\" content=\"https:\/\/www.incodema.edu.co\/blog\/equipo-directivo\/\" \/>\n<meta property=\"og:site_name\" content=\"INCODEMA\" \/>\n<meta property=\"article:publisher\" content=\"https:\/\/www.facebook.com\/Incodema\" \/>\n<meta property=\"article:modified_time\" content=\"2020-08-10T22:20:37+00:00\" \/>\n<meta name=\"twitter:card\" content=\"summary_large_image\" \/>\n<meta name=\"twitter:label1\" content=\"Tiempo de lectura\">\n\t<meta name=\"twitter:data1\" content=\"2 minutos\">\n<script type=\"application\/ld+json\" class=\"yoast-schema-graph\">{\"@context\":\"https:\/\/schema.org\",\"@graph\":[{\"@type\":\"Organization\",\"@id\":\"http:\/\/www.incodema.edu.co\/blog\/#organization\",\"name\":\"Colegio Inmaculado Coraz\\u00f3n de Mar\\u00eda\",\"url\":\"http:\/\/www.incodema.edu.co\/blog\/\",\"sameAs\":[\"https:\/\/www.facebook.com\/Incodema\",\"https:\/\/www.youtube.com\/channel\/UCmYQMRqdS3cfuNCHQ_9q-sg\"],\"logo\":{\"@type\":\"ImageObject\",\"@id\":\"http:\/\/www.incodema.edu.co\/blog\/#logo\",\"inLanguage\":\"es\",\"url\":\"http:\/\/www.incodema.edu.co\/blog\/wp-content\/uploads\/2018\/02\/escudo-218x218-1.png\",\"contentUrl\":\"http:\/\/www.incodema.edu.co\/blog\/wp-content\/uploads\/2018\/02\/escudo-218x218-1.png\",\"width\":218,\"height\":218,\"caption\":\"Colegio Inmaculado Coraz\\u00f3n de Mar\\u00eda\"},\"image\":{\"@id\":\"http:\/\/www.incodema.edu.co\/blog\/#logo\"}},{\"@type\":\"WebSite\",\"@id\":\"http:\/\/www.incodema.edu.co\/blog\/#website\",\"url\":\"http:\/\/www.incodema.edu.co\/blog\/\",\"name\":\"INCODEMA\",\"description\":\"COLEGIO INMACULADO CORAZ&Oacute;N DE MAR&Iacute;A\",\"publisher\":{\"@id\":\"http:\/\/www.incodema.edu.co\/blog\/#organization\"},\"potentialAction\":[{\"@type\":\"SearchAction\",\"target\":\"http:\/\/www.incodema.edu.co\/blog\/?s={search_term_string}\",\"query-input\":\"required name=search_term_string\"}],\"inLanguage\":\"es\"},{\"@type\":\"WebPage\",\"@id\":\"https:\/\/www.incodema.edu.co\/blog\/equipo-directivo\/#webpage\",\"url\":\"https:\/\/www.incodema.edu.co\/blog\/equipo-directivo\/\",\"name\":\"EQUIPO DIRECTIVO - INCODEMA\",\"isPartOf\":{\"@id\":\"http:\/\/www.incodema.edu.co\/blog\/#website\"},\"datePublished\":\"2020-08-10T13:17:52+00:00\",\"dateModified\":\"2020-08-10T22:20:37+00:00\",\"breadcrumb\":{\"@id\":\"https:\/\/www.incodema.edu.co\/blog\/equipo-directivo\/#breadcrumb\"},\"inLanguage\":\"es\",\"potentialAction\":[{\"@type\":\"ReadAction\",\"target\":[\"https:\/\/www.incodema.edu.co\/blog\/equipo-directivo\/\"]}]},{\"@type\":\"BreadcrumbList\",\"@id\":\"https:\/\/www.incodema.edu.co\/blog\/equipo-directivo\/#breadcrumb\",\"itemListElement\":[{\"@type\":\"ListItem\",\"position\":1,\"item\":{\"@type\":\"WebPage\",\"@id\":\"http:\/\/www.incodema.edu.co\/blog\/\",\"url\":\"http:\/\/www.incodema.edu.co\/blog\/\",\"name\":\"Home\"}},{\"@type\":\"ListItem\",\"position\":2,\"item\":{\"@id\":\"https:\/\/www.incodema.edu.co\/blog\/equipo-directivo\/#webpage\"}}]}]}<\/script>\n<!-- \/ Yoast SEO plugin. -->","_links":{"self":[{"href":"http:\/\/www.incodema.edu.co\/blog\/wp-json\/wp\/v2\/pages\/5570"}],"collection":[{"href":"http:\/\/www.incodema.edu.co\/blog\/wp-json\/wp\/v2\/pages"}],"about":[{"href":"http:\/\/www.incodema.edu.co\/blog\/wp-json\/wp\/v2\/types\/page"}],"author":[{"embeddable":true,"href":"http:\/\/www.incodema.edu.co\/blog\/wp-json\/wp\/v2\/users\/1"}],"replies":[{"embeddable":true,"href":"http:\/\/www.incodema.edu.co\/blog\/wp-json\/wp\/v2\/comments?post=5570"}],"version-history":[{"count":19,"href":"http:\/\/www.incodema.edu.co\/blog\/wp-json\/wp\/v2\/pages\/5570\/revisions"}],"predecessor-version":[{"id":5591,"href":"http:\/\/www.incodema.edu.co\/blog\/wp-json\/wp\/v2\/pages\/5570\/revisions\/5591"}],"wp:attachment":[{"href":"http:\/\/www.incodema.edu.co\/blog\/wp-json\/wp\/v2\/media?parent=5570"}],"curies":[{"name":"wp","href":"https:\/\/api.w.org\/{rel}","templated":true}]}}